{"id":90322,"date":"2016-03-21T15:04:05","date_gmt":"2016-03-21T15:04:05","guid":{"rendered":"http:\/\/comreg.ie.grigore"},"modified":"2021-09-26T12:32:55","modified_gmt":"2021-09-26T12:32:55","slug":"speictream-raidio","status":"publish","type":"page","link":"https:\/\/www.comreg.ie\/ga\/fuinn\/straiteis\/speictream-raidio\/","title":{"rendered":"Speictream Raidi\u00f3"},"content":{"rendered":"<p>Is acmhainn n\u00e1d\u00fartha luachmhar agus fhinideach \u00e9 Speictream Raidi\u00f3 at\u00e1 ina ionchur riachtanach do sheirbhis\u00ed agus fheidhmchl\u00e1ir. I measc na seribhis\u00ed at\u00e1 i gceist t\u00e1 craolt\u00f3ireacht raidi\u00f3 agus teilif\u00edse, cumars\u00e1id soghluaiste, seirbhis\u00ed leathanbhanda gan sreang, oibr\u00edochta\u00ed iompair aer agus muir\u00ed sl\u00e1n, agus oibr\u00edocht laeth\u00fail na seirbhis\u00ed \u00e9igeand\u00e1la.<\/p>\n<p>Is \u00e9 an rud at\u00e1 i gceist le bainisti\u00fa speictrim raidi\u00f3 n\u00e1 breathn\u00fa go c\u00faramach ar raon leathan cusp\u00f3ir\u00ed (m.sh cusp\u00f3ir\u00ed riarach\u00e1in, rialaithe, s\u00f3isialta, eacnama\u00edochta agus teicni\u00fala) ionas go gcinnteofar go bhfuil \u00fas\u00e1id bharrmhaith agus \u00e9ifeachtach \u00e1 bhaint as.<\/p>\n<p>Leagann ComReg str\u00e1it\u00e9is bainist\u00edochta speictrim amach, ar bhonn rialta, chun cuidi\u00fa le bainist\u00edocht a dh\u00e9anamh ar an speictream raidi\u00f3. D\u00e9antar \u00fasasd\u00e1t\u00fa ar an str\u00e1it\u00e9is go minic.<\/p>\n<p>Str\u00e1it\u00e9is bainist\u00edochta raidi\u00f3 ComReg:<\/p>\n<ul>\n<li>T\u00e1 s\u00e9 forbartha i gcomhth\u00e9acs domhanda, r\u00e9igi\u00fanda (Eorpach) agus creat rialaithe n\u00e1isi\u00fanta a r\u00edala\u00edonn \u00fas\u00e1id speictrim in \u00c9irinn;<\/li>\n<li>Cuireann s\u00e9 \u00fas\u00e1id phoit\u00e9insi\u00fail an speictrim raidi\u00f3 in \u00c9irinn san \u00e1ireamh \u00f3n raon leathan \u00fas\u00e1ideoir\u00ed reatha agus poit\u00e9insi\u00fala;<\/li>\n<li>Leagann s\u00e9 plean oibre ComReg d\u2019gn\u00edomha\u00edochta\u00ed speictrim ar feadh tr\u00e9imhse dh\u00e1 bhliana lena n-air\u00edtear: seirbhis\u00ed soghluaiste, leathanbhanda gan sreang f\u00e1nach agus seasta, craolt\u00f3ireacht, naisc raidi\u00f3, raidi\u00f3 gn\u00f3, uirlis\u00ed gearr-raonta, satail\u00edt, raidi\u00f3 amait\u00e9arach, aerloingseoireacht, cosaint muir\u00ed, agus seirbhis\u00ed eola\u00edochta; agus<\/li>\n<li>L\u00e9ir\u00edonn s\u00e9 tuairim reatha ComReg ar go leor ceisteanna bainist\u00edochta speictrim, ar n\u00f3s \u00fas\u00e1id ceant, fad cead\u00fanais agus t\u00e1ill\u00ed a bhaineann le cearta speictrim<\/li>\n<\/ul>\n<p><a href=\"http:\/\/comreg.ie\/media\/2016\/03\/Radio-Spectrum-Management-Strategy-2016-2018.pdf\" rel=\"\">Radio Spectrum Management Strategy 2016 &#8211; 2018<\/a>.<\/p>\n","protected":false},"excerpt":{"rendered":"<p>Is acmhainn n\u00e1d\u00fartha luachmhar agus fhinideach \u00e9 Speictream Raidi\u00f3 at\u00e1 ina ionchur riachtanach do sheirbhis\u00ed agus fheidhmchl\u00e1ir. I measc na seribhis\u00ed at\u00e1 i gceist t\u00e1 &hellip; <a href=\"https:\/\/www.comreg.ie\/ga\/fuinn\/straiteis\/speictream-raidio\/\"><\/a><\/p>\n","protected":false},"author":31,"featured_media":0,"parent":90257,"menu_order":3,"comment_status":"closed","ping_status":"closed","template":"templates\/template-topic-pages-noanchors.php","meta":{"_acf_changed":false,"_relevanssi_hide_post":"","_relevanssi_hide_content":"","_relevanssi_pin_for_all":"","_relevanssi_pin_keywords":"","_relevanssi_unpin_keywords":"","_relevanssi_related_keywords":"","_relevanssi_related_include_ids":"","_relevanssi_related_exclude_ids":"","_relevanssi_related_no_append":"","_relevanssi_related_not_related":"","_relevanssi_related_posts":"","_relevanssi_noindex_reason":"","footnotes":"","_wp_rev_ctl_limit":""},"class_list":["post-90322","page","type-page","status-publish","hentry"],"acf":[],"aioseo_notices":[],"_links":{"self":[{"href":"https:\/\/www.comreg.ie\/ga\/wp-json\/wp\/v2\/pages\/90322","targetHints":{"allow":["GET"]}}],"collection":[{"href":"https:\/\/www.comreg.ie\/ga\/wp-json\/wp\/v2\/pages"}],"about":[{"href":"https:\/\/www.comreg.ie\/ga\/wp-json\/wp\/v2\/types\/page"}],"author":[{"embeddable":true,"href":"https:\/\/www.comreg.ie\/ga\/wp-json\/wp\/v2\/users\/31"}],"replies":[{"embeddable":true,"href":"https:\/\/www.comreg.ie\/ga\/wp-json\/wp\/v2\/comments?post=90322"}],"version-history":[{"count":0,"href":"https:\/\/www.comreg.ie\/ga\/wp-json\/wp\/v2\/pages\/90322\/revisions"}],"up":[{"embeddable":true,"href":"https:\/\/www.comreg.ie\/ga\/wp-json\/wp\/v2\/pages\/90257"}],"wp:attachment":[{"href":"https:\/\/www.comreg.ie\/ga\/wp-json\/wp\/v2\/media?parent=90322"}],"curies":[{"name":"wp","href":"https:\/\/api.w.org\/{rel}","templated":true}]}}