{"id":90324,"date":"2016-03-21T15:05:23","date_gmt":"2016-03-21T15:05:23","guid":{"rendered":"http:\/\/comreg.ie.grigore"},"modified":"2021-09-26T12:18:50","modified_gmt":"2021-09-26T12:18:50","slug":"ce-muidne","status":"publish","type":"page","link":"https:\/\/www.comreg.ie\/ga\/fuinn\/sceim-foilsitheoireachta-sf\/ce-muidne\/","title":{"rendered":"C\u00e9 muidne agus cad a dh\u00e9anamid"},"content":{"rendered":"<p>Is \u00e9 an Coimisi\u00fan um Rial\u00e1il Cumars\u00e1ide (ComReg) an comhlacht st\u00e1it at\u00e1 freagrach as r\u00edal\u00fa na hearn\u00e1la cumars\u00e1ide leictreona\u00ed (teileachumars\u00e1ide, radachumars\u00e1id agus tarchur craolach\u00e1in) agus an earn\u00e1il poist. Is muidne an t-\u00fadar\u00e1s rial\u00e1la n\u00e1isi\u00fanta do na hearn\u00e1lacha sin de r\u00e9ir dhl\u00ed an AE a bh\u00edonn trasuite i reachta\u00edocht na h\u00c9ireann. Buna\u00edodh ComReg ar an 01 Nollaig 2002 agus t\u00e1 Coimisi\u00fan, ina bhfuil tri\u00far Coimisin\u00e9ir\u00ed, i gceannas air.<\/p>\n<p>De r\u00e9ir an Achta um R\u00edal\u00e1il Cumars\u00e1ide 2002 &#8211; 2011, t\u00e1 raon leathan feidhmeanna agus cusp\u00f3ir\u00ed ag ComReg i dtaobh cur ar f\u00e1il l\u00edonra\u00ed cumars\u00e1ide leictreona\u00ed, seirbhis\u00ed cumars\u00e1ide leictreona\u00ed agus poist.<\/p>\n<p>Ina measc t\u00e1:<\/p>\n<ul>\n<li>cinnti\u00fa comhl\u00edontachta oibritheoir\u00ed ina gcuid dualgas<\/li>\n<li>ioma\u00edocht a chur chun cinn<\/li>\n<li>cur le forbairt an mhargaidh int\u00e9irnigh<\/li>\n<li>leasa \u00fas\u00e1ideoir\u00ed sa Chomhphobal Eorpach a chur chun cinn<\/li>\n<li>bainisti\u00fa agus \u00fas\u00e1id \u00e9ifeacht\u00fala an speictrim radaimhinic\u00edochta agus uimhreacha \u00f3n sc\u00e9im uimhrithe n\u00e1isi\u00fanta a chinnti\u00fa<\/li>\n<li>forbairt na hearn\u00e1lacha poist a chur chun chunn, agus f\u00e1il ar seirbh\u00eds uil\u00edoch poist a chur chun cinn ach go h\u00e1irithe<\/li>\n<li>leasa na n-\u00fas\u00e1ideoir\u00ed deiridh seirbhis\u00ed ardr\u00e1ta a chosaint<\/li>\n<\/ul>\n<p>Is \u00e9 an Coimisi\u00fan, i dteannta na foirne ArdBhainist\u00edochta, at\u00e1 freagrach as bainisti\u00fa str\u00e1it\u00e9iseach agus oibr\u00edocht\u00fail na heagra\u00edochta. Braitheann ComReg ar iarrachta\u00ed \u00e1r bhfoirne ar fad (dl\u00edod\u00f3ir\u00ed, eacnamaithe, innealt\u00f3ir\u00ed, cuntas\u00f3ir\u00ed, anail\u00edsithe gn\u00f3, speisialt\u00f3ir\u00ed riarach\u00e1in agus eile) chun \u00e1r mbunchosp\u00f3ir\u00ed f\u00e9in agus \u00e1r ndualgais reachta\u00edochta a bhaint amach.<\/p>\n<p>Feidhm\u00edonn ComReg mar chomhlacht col\u00e1isteach, glacann na Coimisin\u00e9ir\u00ed na cinnt\u00ed ar fad le ch\u00e9ile. Breathna\u00edtear ar seo mar rud f\u00edor-th\u00e1bhachtach agus ComReg ag comhl\u00edonadh spioraid an Achta um Rial\u00e1il Cumars\u00e1ide, 2002 (leasaithe), a d\u2019eascair ComReg as. T\u00e1 ceithre rann\u00f3g i ComReg, agus faigheann siad ar fad taca\u00edocht \u00f3 Ard-Abhch\u00f3ide agus an\u00a0Comhairleoir Sinsearach Eacnama\u00edochta, Beartais agus Taighde. \u00a0T\u00e1 an strucht\u00far seo bunaithe ar fhoirne tras-feidhme ag obair le ch\u00e9ile i dtimpeallacht ildiscipl\u00edneach.<\/p>\n<p>&nbsp;<\/p>\n<div>\n<h2><strong>Dualgais<\/strong><\/h2>\n<\/div>\n<p>Is eagra\u00edocht \u00e9 ComReg a bhfuil raon leathan dualgas teileachumars\u00e1ide (n\u00f3 seirbhis\u00ed cumars\u00e1ide leictreona\u00ed agus l\u00edonra chun cur s\u00edos n\u00edos cuims\u00ed a chur air), poist agus bhainisti\u00fa speictrim.<\/p>\n<p>Leagtar \u00e1r mbunchusp\u00f3ir\u00ed amach faoi r\u00e9ir reachta\u00edochta pr\u00edomha agus t\u00e1naistigh. B\u00edonn an creat reachta\u00edochta ag forbairt i gc\u00f3na\u00ed. I 2007, l\u00e1idr\u00edodh dualgais agus cumhachta\u00ed ComReg chomh maith leis na bearta comhl\u00edontachta at\u00e1 acu, faoin Acht um R\u00edal\u00e1il Cumars\u00e1ide (Leas\u00fa) 2007. Thug an tAcht Ioma\u00edochta cumhachta\u00ed do ComReg i dtaobh cumars\u00e1ide agus seirbhis\u00ed leictreona\u00ed ach go h\u00e1irithe. D\u2019aistrigh an tAcht um R\u00edal\u00e1il Cumars\u00e1ide (Infreastrucht\u00far Sheirbhis\u00ed ArdR\u00e1ta &amp; Chumars\u00e1id Leictreona\u00ed) 2010, dualgais i dtaobh rialaithe na seirbhis\u00ed ArdR\u00e1ta go ComReg agus thosnaigh ComReg i mbun na ndualgas seo m\u00ed I\u00fail 2010. T\u00e1 R\u00edal\u00fa Poist faoi r\u00e9ir an tAcht Poist 2011.<\/p>\n<p>Mar achomire, comhl\u00edonann ComReg na r\u00f3il seo a leanas i gcur chun cinn ioma\u00edochta, tomhalt\u00f3ir\u00ed a chosaint agus nu\u00e1la\u00edocht a chur chun cinn.<\/p>\n<p>&nbsp;<\/p>\n<h2><strong>Ag cosaint agus ag tabhairt eolais do Thomhalt\u00f3ir\u00ed<\/strong><\/h2>\n<p>Cuims\u00edonn an r\u00f3l seo tomhalt\u00f3ir\u00ed gn\u00f3 agus t\u00ed, m\u00f3reagra\u00edochta\u00ed ionada\u00ed tomhalt\u00f3ra, chomh maith le teileachumars\u00e1id, oibri\u00fach\u00e1in chead\u00fan\u00fa speictrim agus seirbhis\u00ed poist. T\u00e1 na forbairt\u00ed reachta\u00edochta ar fad a mb\u00edonn \u00e9ifeacht acu ar thomhalt\u00f3ir\u00ed miond\u00edola san \u00e1ireamh chomh maith le cur i bhfeidhm na bhfor\u00e1lacha cosaint tomhalt\u00f3ir\u00ed de na Treoracha Seirbh\u00edse Uil\u00edche agus Poist. Cuireann an Coimisi\u00fan pr\u00f3isis i bhfeidhm chun eolas tomhalt\u00f3ra r\u00e9amhghn\u00edomhaigh ar n\u00f3s treoracha tomhalt\u00f3ra agus feidhmchl\u00e1ir\u00a0a dh\u00e9anann compar\u00e1id praghais, a chur ar f\u00e1il.\u00a0 Chomh maith le sin cuireann ComReg\u00a0feidhmeanna ch\u00faram tomhalt\u00f3ra i bhfeidhm ar son tomhalt\u00f3ir\u00ed cumars\u00e1ide leictreona\u00ed agus seirbhis\u00ed. [D\u00e9anann an Coimisi\u00fan maoirseacht ar fhorbairt str\u00e1it\u00e9iseach na feidhme Oibritheoir\u00ed Cead\u00fan\u00fa, a bh\u00edonn ag pl\u00e9 le n\u00edos m\u00f3 n\u00e1 16,000 cead\u00fanas in aghaidh na bliana.]<\/p>\n<p>&nbsp;<\/p>\n<h2><strong>Ag cur ioma\u00edochta chun cinn<\/strong><\/h2>\n<p>Baineann an r\u00f3l seo le h\u00e9asc\u00fa uasl\u00e9ibh\u00e9il ioma\u00edochta i gc\u00farsa\u00ed leathanbhanda, gl\u00f3ir agus pr\u00f3tacal idirl\u00edn guthaithe tr\u00ed ch\u00e9imeanna \u00e9ags\u00fala a ghlacadh ar n\u00f3s LLU, sruth giot\u00e1n, leathanbhanda gan sreang (leathanbhanda soghluaiste gan sreang san \u00e1ireamh), c\u00e1bla agus rogha infreastrucht\u00far eile. T\u00e1 baint aige chomh maith le hioma\u00edocht feabhsaithe i gc\u00farsa\u00ed soghluaiste tr\u00ed iontr\u00e1laithe MVNO a chur chun cinn, athbhreithni\u00fa a dh\u00e9anamh, agus athruithe a dh\u00e9anamh ar ch\u00f3ras praghs\u00e1la m\u00f3rdh\u00edola le l\u00edonra\u00ed seasta (nuair is cu\u00ed), agus maoirsi\u00fa a dh\u00e9anamh ar chomhl\u00edonadh oibritheoir\u00ed maidir le dualgais faoin gcreat reacht\u00fail do theileachumars\u00e1id agus speictream.<\/p>\n<p>&nbsp;<\/p>\n<h2><strong>Ag cur nu\u00e1la\u00edochta chun cinn<\/strong><\/h2>\n<p>Cuims\u00edonn an r\u00f3l seo nu\u00e1la\u00edochta\u00ed reacht\u00fala, ar n\u00f3s cur i bhfeidhm athbhreithnithe margaidh faoin gCreat Reachta\u00edochta Eorpaigh, agus nu\u00e1la\u00edochta\u00ed teicni\u00fala. Cuims\u00edonn an r\u00f3l seo athbhreithni\u00fa ar str\u00e1it\u00e9is speictrim ComReg, tionscna\u00edocht nua in earn\u00e1il na gcead\u00fanas gan sreang, chomh maith le h\u00c9ireann a chur chun cinn mar l\u00e1thair t\u00e1st\u00e1la d\u2019\u00fas\u00e1id\u00ed nu\u00e1la\u00edochta speictrim. Cuimseoidh s\u00e9 forbairt str\u00e1it\u00e9is rialaithe teilichumars\u00e1ide r\u00e9amhbhreathnaitheacha, ag cur treochta\u00ed teicneola\u00edochta, eacnama\u00edochta agus rial\u00e1ilte nua san \u00e1ireamh. Beidh an teacht chun cinn i seirbhis\u00ed poist agus an creat reachta\u00edochta a bhaineann leo san \u00e1ireamh chomh maith.<\/p>\n<p>&nbsp;<\/p>\n<p>&nbsp;<\/p>\n<h2><strong>Rialachas Corpar\u00e1ideach<\/strong><\/h2>\n<p>T\u00e1 c\u00e1ip\u00e9is\u00ed Rialachais Corpar\u00e1idigh ar f\u00e1il th\u00edos:<\/p>\n<p><a title=\"This link will open in a new window\" href=\"http:\/\/comreg.ie\/media\/2016\/03\/ComRegCodeBCComm.pdf\" target=\"_blank\" rel=\"noopener noreferrer\">ComReg Code of Business Conduct for Commissioners of ComReg<\/a><\/p>\n<p><a title=\"This link will open in a new window\" href=\"http:\/\/comreg.ie\/media\/2016\/03\/ComRegCodeBC.pdf\" target=\"_blank\" rel=\"noopener noreferrer\">ComReg Code of Business Conduct for Staff of ComReg<\/a><\/p>\n<p><a title=\"This link will open in a new window\" href=\"http:\/\/comreg.ie\/media\/2016\/03\/ComRegCodeFM.pdf\" target=\"_blank\" rel=\"noopener noreferrer\">ComReg Code of Financial Management <\/a><\/p>\n<p>&nbsp;<\/p>\n<p>&nbsp;<\/p>\n<h2><strong>Pleananna agus Strait\u00e9is\u00ed Corpar\u00e1ideacha\u00a0<\/strong><\/h2>\n<ul>\n<li><a href=\"http:\/\/comreg.ie\/about\/strategy\/action-plan\/\">Plean Gn\u00edmh Bliant\u00fala<\/a><\/li>\n<\/ul>\n<ul>\n<li><a href=\"http:\/\/comreg.ie\/about\/strategy\/\">R\u00e1iteas Strait\u00e9ise<\/a><\/li>\n<\/ul>\n<ul>\n<li><a href=\"http:\/\/comreg.ie\/about\/strategy\/postal\/\">R\u00e1iteas Strait\u00e9ise Poist<\/a><\/li>\n<\/ul>\n<ul>\n<li><a href=\"http:\/\/comreg.ie\/about\/strategy\/radio\/\">R\u00e1iteas Strait\u00e9ise Speictrim<\/a><\/li>\n<\/ul>\n<p>&nbsp;<\/p>\n<p>&nbsp;<\/p>\n<h2><strong>Tuarasc\u00e1il\u00a0Bhliant\u00fail<\/strong><\/h2>\n<ul>\n<li>\u00a0<a href=\"http:\/\/comreg.ie\/about\/what-we-do\/corporate-governance\/\">Tuarasc\u00e1lacha Bliant\u00fala ComReg<\/a><\/li>\n<\/ul>\n<p>&nbsp;<\/p>\n<h2><strong>Strucht\u00far Eagra\u00edochta<\/strong><\/h2>\n<ul>\n<li><a href=\"http:\/\/comreg.ie\/media\/2016\/03\/Org-Chart.pdf\">Foireann ArdBhainist\u00edochta ComReg<\/a><a href=\"http:\/\/comreg.ie\/media\/2016\/03\/Org-Chart.pdf\" rel=\"\">.<\/a><\/li>\n<li>Eolas ar strucht\u00far turastail ComReg:<\/li>\n<\/ul>\n<table>\n<tbody>\n<tr>\n<td width=\"217\"><strong>Raonta Turastail Fostaithe ComReg\u00a0<\/strong><\/td>\n<td width=\"86\"><strong>31.03.2016<\/strong><\/td>\n<\/tr>\n<tr>\n<td width=\"217\"><strong>\u00a0<\/strong><\/td>\n<td width=\"86\"><\/td>\n<\/tr>\n<tr>\n<td width=\"217\"><strong>Raonta\u00a0(\u20ac&#8217;000)<\/strong><\/td>\n<td width=\"86\"><strong># <\/strong><\/td>\n<\/tr>\n<tr>\n<td width=\"217\"><\/td>\n<td width=\"86\"><\/td>\n<\/tr>\n<tr>\n<td width=\"217\">20-40<\/td>\n<td width=\"86\"><strong>14<\/strong><\/td>\n<\/tr>\n<tr>\n<td width=\"217\">40-60<\/td>\n<td width=\"86\"><strong>41<\/strong><\/td>\n<\/tr>\n<tr>\n<td width=\"217\">60-80<\/td>\n<td width=\"86\"><strong>29<\/strong><\/td>\n<\/tr>\n<tr>\n<td width=\"217\">80-100<\/td>\n<td width=\"86\"><strong>19<\/strong><\/td>\n<\/tr>\n<tr>\n<td width=\"217\">100-140<\/td>\n<td width=\"86\"><strong>6<\/strong><\/td>\n<\/tr>\n<tr>\n<td width=\"217\">140-180<\/td>\n<td width=\"86\"><strong>6<\/strong><\/td>\n<\/tr>\n<\/tbody>\n<\/table>\n<h2><\/h2>\n<h2><strong>Sonra\u00ed Teagmh\u00e1la ComReg<\/strong><\/h2>\n<p>An Coimisi\u00fan um Rial\u00e1il Cumars\u00e1ide<br \/>\n1 L\u00e1rcheantar na nDuga\u00ed,<br \/>\nSr\u00e1id na nGildeanna,<br \/>\nB\u00c1C 1, D01 E4X0.<\/p>\n<h2><strong>Sonra\u00ed Teagmh\u00e1la Tomhalt\u00f3ra<\/strong><\/h2>\n<p>T\u00e9acs\u00a0&#8211; Seol t\u00e9acs leis an bhfocal\u00a0COMREG go\u00a051500 (Gn\u00e1th-th\u00e1ille SMS i bhfeidm*).<\/p>\n<p>R\u00edomhphost\u00a0&#8211; Ceisteanna Tionscadail &#8211; <a title=\"This link will open in a new window\" href=\"mailto:industry@comreg.ie\" target=\"_blank\" rel=\"noopener noreferrer\">industry@comreg.ie<\/a><\/p>\n<p>Ceisteanna Tomhalt\u00f3ra Gn\u00f3\u00a0<a title=\"This link will open in a new window\" href=\"mailto:businessconsumers@comreg.ie\" target=\"_blank\" rel=\"noopener noreferrer\">businessconsumers@comreg.ie<\/a><br \/>\nGach ceist tomhalt\u00f3ra eile\u00a0<a href=\"mailto:consumerline@comreg.ie\">\u00a0consumerline@comreg.ie<\/a><\/p>\n<p>&nbsp;<\/p>\n<h2><strong>Sonra\u00ed Teagmh\u00e1la SF<\/strong><\/h2>\n<p>&nbsp;<\/p>\n<p>Feidhmeannach Rochtana Faisn\u00e9ise<br \/>\nCoimisi\u00fan um Rial\u00e1il Cumars\u00e1ide,<br \/>\nC\u00fairt na Mainistreach,<br \/>\nIonad Irish Life,<br \/>\nSr\u00e1id na Mainistreach \u00cdochtarach,<br \/>\nBaile \u00c1tha Cliath 1 D01 W2H4<br \/>\nTeil: 018049689<br \/>\nFaics: 018788193<br \/>\nR\u00edomhphost: foi@comreg.ieTuilleadh:<\/p>\n<p><a href=\"\/ga\/faoi\/sceim-foilsitheoireachta-sf\/\">Tuilleadh Eolais maidir le SF<\/a><\/p>\n<p>&nbsp;<\/p>\n<h2><strong>Cairt Tomhalt\u00f3ra<\/strong><\/h2>\n<p>Is \u00e9 sol\u00e1thr\u00f3ir Seirbh\u00eds\u00ed ar Ardchaighde\u00e1in do Chustaim\u00e9ir\u00ed ceann de na r\u00e9ims\u00ed tosa\u00edochta at\u00e1 ag ComReg.<\/p>\n<p>Scr\u00edobhadh an Chairt Custaim\u00e9ara seo chun leagadh amach, i mbealach soil\u00e9\u00edr agus gan athbhr\u00ed, conas ar f\u00e9idir linn cinnti\u00fa go bhfuilimid ag sol\u00e1thar seirbh\u00edse ar ardchaighde\u00e1n d\u00e1r gcustaim\u00e9ir\u00ed. L\u00e9ir\u00edonn s\u00e9 \u00e1r dtiomantas do shol\u00e1thar agus seachadadh seirbh\u00eds tomhalt\u00f3ra agus conas a dh\u00e9anfar \u00e1r bhfeidhm\u00edocht a mheas agus a athbhreithni\u00fa.<\/p>\n<p><a href=\"\/media\/2016\/03\/Cairt-Chustaim\u00e9ara-2017-2.pdf\">Cairt Chustaim\u00e9ara ComReg<\/a><\/p>\n<p>&nbsp;<\/p>\n","protected":false},"excerpt":{"rendered":"<p>Is \u00e9 an Coimisi\u00fan um Rial\u00e1il Cumars\u00e1ide (ComReg) an comhlacht st\u00e1it at\u00e1 freagrach as r\u00edal\u00fa na hearn\u00e1la cumars\u00e1ide leictreona\u00ed (teileachumars\u00e1ide, radachumars\u00e1id agus tarchur craolach\u00e1in) agus &hellip; <a href=\"https:\/\/www.comreg.ie\/ga\/fuinn\/sceim-foilsitheoireachta-sf\/ce-muidne\/\"><\/a><\/p>\n","protected":false},"author":31,"featured_media":0,"parent":90258,"menu_order":0,"comment_status":"closed","ping_status":"closed","template":"templates\/template-topic-pages.php","meta":{"_acf_changed":false,"_relevanssi_hide_post":"","_relevanssi_hide_content":"","_relevanssi_pin_for_all":"","_relevanssi_pin_keywords":"","_relevanssi_unpin_keywords":"","_relevanssi_related_keywords":"","_relevanssi_related_include_ids":"","_relevanssi_related_exclude_ids":"","_relevanssi_related_no_append":"","_relevanssi_related_not_related":"","_relevanssi_related_posts":"","_relevanssi_noindex_reason":"","footnotes":"","_wp_rev_ctl_limit":""},"class_list":["post-90324","page","type-page","status-publish","hentry"],"acf":[],"aioseo_notices":[],"_links":{"self":[{"href":"https:\/\/www.comreg.ie\/ga\/wp-json\/wp\/v2\/pages\/90324","targetHints":{"allow":["GET"]}}],"collection":[{"href":"https:\/\/www.comreg.ie\/ga\/wp-json\/wp\/v2\/pages"}],"about":[{"href":"https:\/\/www.comreg.ie\/ga\/wp-json\/wp\/v2\/types\/page"}],"author":[{"embeddable":true,"href":"https:\/\/www.comreg.ie\/ga\/wp-json\/wp\/v2\/users\/31"}],"replies":[{"embeddable":true,"href":"https:\/\/www.comreg.ie\/ga\/wp-json\/wp\/v2\/comments?post=90324"}],"version-history":[{"count":0,"href":"https:\/\/www.comreg.ie\/ga\/wp-json\/wp\/v2\/pages\/90324\/revisions"}],"up":[{"embeddable":true,"href":"https:\/\/www.comreg.ie\/ga\/wp-json\/wp\/v2\/pages\/90258"}],"wp:attachment":[{"href":"https:\/\/www.comreg.ie\/ga\/wp-json\/wp\/v2\/media?parent=90324"}],"curies":[{"name":"wp","href":"https:\/\/api.w.org\/{rel}","templated":true}]}}