{"id":90325,"date":"2016-03-21T15:05:23","date_gmt":"2016-03-21T15:05:23","guid":{"rendered":"http:\/\/comreg.ie.grigore"},"modified":"2021-09-26T12:17:58","modified_gmt":"2021-09-26T12:17:58","slug":"seirbhisi-arfail","status":"publish","type":"page","link":"https:\/\/www.comreg.ie\/ga\/fuinn\/sceim-foilsitheoireachta-sf\/seirbhisi-arfail\/","title":{"rendered":"Seirbh\u00eds\u00ed a chuirtear ar f\u00e1il"},"content":{"rendered":"<p>Crutha\u00edonn ComReg ioma\u00edocht in earn\u00e1il na Cumars\u00e1ide tr\u00ed \u00e9asca\u00edocht a dh\u00e9anamh do dhreamanna nua teacht isteach sa mhargadh tr\u00ed \u00fadar\u00fa ginear\u00e1lta chun l\u00edonra\u00ed agus seirbh\u00eds\u00ed a chur ar f\u00e1il, agus tr\u00ed rochtain ar l\u00edonra\u00ed a rial\u00e1il chun rogha \u00e9ifeachtach a fhorbairt do thomhalt\u00f3ir\u00ed gn\u00f3 agus t\u00ed. In earn\u00e1il at\u00e1 ag athr\u00fa agus ag f\u00e1s go tapaigh, \u00f3 thaobh na teicneola\u00edochta agus na tr\u00e1cht\u00e1la de, cuireann ComReg creat ar f\u00e1il chun seirbh\u00eds\u00ed nua a thabhairt isteach.<\/p>\n<p>Is \u00e9 an f\u00f3cas don rial\u00e1il sa tseirbh\u00eds poist i margadh at\u00e1 l\u00e9irscaoilte i bp\u00e1irt n\u00e1 an Oibleag\u00e1id Seirbh\u00edse Uil\u00edche (USO) a chothabh\u00e1il agus a chinnti\u00fa go mb\u00edonn praghsanna An Post d\u00edrithe ar chostas.<\/p>\n<p>D\u00edr\u00edonn \u00e1r gcuid gn\u00edomha\u00edochta\u00ed ar oibritheoir\u00ed agus ar \u00fas\u00e1ideoir\u00ed na seirbh\u00eds\u00ed cumars\u00e1ide i gc\u00farsa\u00ed gn\u00f3 agus sa bhaile.<\/p>\n<h3><strong>An Rann\u00f3g M\u00f3rdh\u00edola<\/strong><\/h3>\n<p>B\u00edonn an Rann\u00f3g M\u00f3rdh\u00edola ag pl\u00e9 le ceisteanna laeth\u00fala a bhaineann le riar\u00fa an mhargaidh ar n\u00f3s cheisteanna idirnaisc, R\u00e9iteach D\u00edosp\u00f3id\u00ed, d\u00edchuachadh na l\u00faibe log\u00e1nt (LLU) agus praghas tairg\u00ed rialaithe m\u00f3rdh\u00edola. T\u00e1 r\u00f3l ag M\u00f3rdh\u00edol i dtaobh imlonn\u00fa leathanbhanda agus Rochtain na Ch\u00e9ad Ghl\u00faine Eile. Titeann na dualgais a bhaineann le rial\u00fa airgeadais na hearn\u00e1la teileachumars\u00e1ide ar an rann\u00f3g seo.<\/p>\n<h3><strong>Creat Margaidh<\/strong><\/h3>\n<p>T\u00e1 an Rann\u00f3g um Chreat Margaidh freagrach as bainisti\u00fa an speictream raidi\u00f3 agus r\u00edal\u00fa na hearn\u00e1la poist. D\u00e9anann s\u00e9 monat\u00f3ireacht ar an gc\u00f3r\u00e1s \u00fadaraithe ghinear\u00e1lta d\u2019earn\u00e1il na cumars\u00e1ide leictreona\u00ed in \u00c9irinn chomh maith le monat\u00f3ireacht ar chomhl\u00edonadh na gcoinn\u00edollacha \u00fadar\u00fa ginear\u00e1lta. Eis\u00edonn an Rann\u00f3g um Chreat Margaidh cothrom le 16,000 cead\u00fanas Raidi\u00f3-Theileagrafa\u00edochta do chomhlachta\u00ed agus daoine aonaracha \u00e9ags\u00fala gach bliain. Chomh maith le sin, cuireann siad Plean Uimhrithe N\u00e1isi\u00fanta na h\u00c9ireann i bhfeidhm, agus sol\u00e1thra\u00edonn siad an creat do riachtanais reachta\u00edochta nua i dtaobh uimhrithe do na margaidh seasta agus gan sreang araon.<\/p>\n<h3><strong>An Rann\u00f3g Miond\u00edola agus Seirbh\u00eds\u00ed Tomhalt\u00f3ra<\/strong><\/h3>\n<p>B\u00edonn an Rann\u00f3g Miond\u00edola agus Seirbh\u00eds\u00ed Tomhalt\u00f3ra ag pl\u00e9 le c\u00farsa\u00ed polasaithe i dtaobh idirghn\u00edomha\u00edochta d\u00edreach idir tomhalt\u00f3ir\u00ed agus d\u00edolt\u00f3ir\u00ed seirbh\u00eds\u00ed. Cuims\u00edonn s\u00e9 seo sol\u00e1thair seirbh\u00edse uil\u00edche do rochtain teileachumars\u00e1ide, cearta tomhalt\u00f3ra, agus gn\u00e9ithe de phraghs\u00e1il miond\u00edola agus fana\u00edocht. Chomh maith le sin t\u00e1 s\u00e9 freagrach as idirghn\u00edomha\u00edochta\u00ed ComReg le hinstiti\u00faid an AE, ina measc Comhlacht na Rialt\u00f3ir\u00ed Eorpacha um Chumars\u00e1id Leictreonach (BEREC). T\u00e1 Miond\u00edol agus Seirbh\u00eds\u00ed Tomhalt\u00f3ra \u00a0freagrach as monat\u00f3ireacht a dh\u00e9anamh ar chaighde\u00e1n na seirbh\u00edse agus r\u00edal\u00fa praghais don tSeirbh\u00eds Freagartha Glaonna \u00c9igeand\u00e1la (ECAS). T\u00e1 an Rann\u00f3g freagrach as r\u00edal\u00fa seirbh\u00eds\u00ed ArdR\u00e1ta \u00f3 12 I\u00fail 2010.<\/p>\n<h3><strong>Seirbh\u00eds\u00ed Corpar\u00e1ideacha<\/strong><\/h3>\n<p>B\u00edonn an Rann\u00f3g um Sheirbh\u00eds\u00ed Corpar\u00e1ideacha ag forbairt agus ag cur i bhfeidhm str\u00e1it\u00e9is\u00ed sheirbhis\u00ed corpar\u00e1ideacha agus cumars\u00e1ide den scoth. Forbra\u00edtear na str\u00e1it\u00e9is\u00ed seo chun cur le gn\u00edomha\u00edocht agus \u00e9ifeacht na heagra\u00edochta. T\u00e1 s\u00e9 mar dhualgas ag an Rann\u00f3g a bheith ag pl\u00e9 le c\u00farsa\u00ed acmhanna\u00ed daonna, airgeadais, c\u00f3rais f\u00e1isn\u00e9ise, saor\u00e1il f\u00e1isn\u00e9ise, caidrimh phoibl\u00ed, bainisti\u00fa \u00e1iseanna ginear\u00e1lta agus bainisti\u00fa str\u00e1it\u00e9iseach na heagra\u00edochta.<\/p>\n<h3><strong>Taighde agus Forbairt Eacnama\u00edochta<\/strong><\/h3>\n<p>T\u00e1 an Comhairleoir Sinsearach Eacnama\u00edochta, Polasaithe agus Taighde freagrach as comhairle eacnama\u00edochta a chur ar f\u00e1il don Choimisi\u00fan chomh maith le hionchur eacnama\u00edochta a bheith acu\u00a0sna\u00a0t\u00f3gra\u00ed eacnama\u00edochta a bh\u00edonn ar bun ag ComReg.<\/p>\n<h3><strong>Dl\u00ed<\/strong><\/h3>\n<p>Tugann an Ard-Abhc\u00f3ide comhairle ar na m\u00f3rcheisteanna dl\u00ed ar fad, chomh maith leis na himpleachta\u00ed dl\u00ed a bhaineanna le beartais cumars\u00e1ide in \u00c9irinn agus san AE<\/p>\n<p>&nbsp;<\/p>\n","protected":false},"excerpt":{"rendered":"<p>Crutha\u00edonn ComReg ioma\u00edocht in earn\u00e1il na Cumars\u00e1ide tr\u00ed \u00e9asca\u00edocht a dh\u00e9anamh do dhreamanna nua teacht isteach sa mhargadh tr\u00ed \u00fadar\u00fa ginear\u00e1lta chun l\u00edonra\u00ed agus seirbh\u00eds\u00ed &hellip; <a href=\"https:\/\/www.comreg.ie\/ga\/fuinn\/sceim-foilsitheoireachta-sf\/seirbhisi-arfail\/\"><\/a><\/p>\n","protected":false},"author":31,"featured_media":0,"parent":90258,"menu_order":1,"comment_status":"closed","ping_status":"closed","template":"templates\/template-topic-pages.php","meta":{"_acf_changed":false,"_relevanssi_hide_post":"","_relevanssi_hide_content":"","_relevanssi_pin_for_all":"","_relevanssi_pin_keywords":"","_relevanssi_unpin_keywords":"","_relevanssi_related_keywords":"","_relevanssi_related_include_ids":"","_relevanssi_related_exclude_ids":"","_relevanssi_related_no_append":"","_relevanssi_related_not_related":"","_relevanssi_related_posts":"","_relevanssi_noindex_reason":"","footnotes":"","_wp_rev_ctl_limit":""},"class_list":["post-90325","page","type-page","status-publish","hentry"],"acf":[],"aioseo_notices":[],"_links":{"self":[{"href":"https:\/\/www.comreg.ie\/ga\/wp-json\/wp\/v2\/pages\/90325","targetHints":{"allow":["GET"]}}],"collection":[{"href":"https:\/\/www.comreg.ie\/ga\/wp-json\/wp\/v2\/pages"}],"about":[{"href":"https:\/\/www.comreg.ie\/ga\/wp-json\/wp\/v2\/types\/page"}],"author":[{"embeddable":true,"href":"https:\/\/www.comreg.ie\/ga\/wp-json\/wp\/v2\/users\/31"}],"replies":[{"embeddable":true,"href":"https:\/\/www.comreg.ie\/ga\/wp-json\/wp\/v2\/comments?post=90325"}],"version-history":[{"count":0,"href":"https:\/\/www.comreg.ie\/ga\/wp-json\/wp\/v2\/pages\/90325\/revisions"}],"up":[{"embeddable":true,"href":"https:\/\/www.comreg.ie\/ga\/wp-json\/wp\/v2\/pages\/90258"}],"wp:attachment":[{"href":"https:\/\/www.comreg.ie\/ga\/wp-json\/wp\/v2\/media?parent=90325"}],"curies":[{"name":"wp","href":"https:\/\/api.w.org\/{rel}","templated":true}]}}