{"id":90326,"date":"2016-03-21T15:05:23","date_gmt":"2016-03-21T15:05:23","guid":{"rendered":"http:\/\/comreg.ie.grigore"},"modified":"2021-09-24T18:42:17","modified_gmt":"2021-09-24T18:42:17","slug":"proiseas-cinnteoireachta","status":"publish","type":"page","link":"https:\/\/www.comreg.ie\/ga\/fuinn\/sceim-foilsitheoireachta-sf\/proiseas-cinnteoireachta\/","title":{"rendered":"An pr\u00f3iseas cinnteoireachta do mholta\u00ed ar mh\u00f3rt\u00f3gra\u00ed polasaithe"},"content":{"rendered":"<p>Feidhm\u00edonn ComReg mar chomhlacht col\u00e1isteach, glacann na Coimisin\u00e9ir\u00ed na cinnt\u00ed ar fad le ch\u00e9ile<\/p>\n<p>Tuilleadh: <a href=\"\/ga\/faoi\/sceim-foilsitheoireachta-sf\/ce-muidne\/\">\/ga\/faoi\/sceim-foilsitheoireachta-sf\/ce-muidne\/<\/a><\/p>\n","protected":false},"excerpt":{"rendered":"<p>Feidhm\u00edonn ComReg mar chomhlacht col\u00e1isteach, glacann na Coimisin\u00e9ir\u00ed na cinnt\u00ed ar fad le ch\u00e9ile Tuilleadh: \/ga\/faoi\/sceim-foilsitheoireachta-sf\/ce-muidne\/<\/p>\n","protected":false},"author":31,"featured_media":0,"parent":90258,"menu_order":2,"comment_status":"closed","ping_status":"closed","template":"templates\/template-topic-pages-noanchors.php","meta":{"_acf_changed":false,"_relevanssi_hide_post":"","_relevanssi_hide_content":"","_relevanssi_pin_for_all":"","_relevanssi_pin_keywords":"","_relevanssi_unpin_keywords":"","_relevanssi_related_keywords":"","_relevanssi_related_include_ids":"","_relevanssi_related_exclude_ids":"","_relevanssi_related_no_append":"","_relevanssi_related_not_related":"","_relevanssi_related_posts":"","_relevanssi_noindex_reason":"","footnotes":"","_wp_rev_ctl_limit":""},"class_list":["post-90326","page","type-page","status-publish","hentry"],"acf":[],"aioseo_notices":[],"_links":{"self":[{"href":"https:\/\/www.comreg.ie\/ga\/wp-json\/wp\/v2\/pages\/90326","targetHints":{"allow":["GET"]}}],"collection":[{"href":"https:\/\/www.comreg.ie\/ga\/wp-json\/wp\/v2\/pages"}],"about":[{"href":"https:\/\/www.comreg.ie\/ga\/wp-json\/wp\/v2\/types\/page"}],"author":[{"embeddable":true,"href":"https:\/\/www.comreg.ie\/ga\/wp-json\/wp\/v2\/users\/31"}],"replies":[{"embeddable":true,"href":"https:\/\/www.comreg.ie\/ga\/wp-json\/wp\/v2\/comments?post=90326"}],"version-history":[{"count":0,"href":"https:\/\/www.comreg.ie\/ga\/wp-json\/wp\/v2\/pages\/90326\/revisions"}],"up":[{"embeddable":true,"href":"https:\/\/www.comreg.ie\/ga\/wp-json\/wp\/v2\/pages\/90258"}],"wp:attachment":[{"href":"https:\/\/www.comreg.ie\/ga\/wp-json\/wp\/v2\/media?parent=90326"}],"curies":[{"name":"wp","href":"https:\/\/api.w.org\/{rel}","templated":true}]}}