{"id":90327,"date":"2016-03-21T15:05:22","date_gmt":"2016-03-21T15:05:22","guid":{"rendered":"http:\/\/comreg.ie.grigore"},"modified":"2021-09-24T18:44:55","modified_gmt":"2021-09-24T18:44:55","slug":"meid-caithimid","status":"publish","type":"page","link":"https:\/\/www.comreg.ie\/ga\/fuinn\/sceim-foilsitheoireachta-sf\/meid-caithimid\/","title":{"rendered":"Faisn\u00e9is Airgeadais"},"content":{"rendered":"<h2><strong>An m\u00e9id a chaithimid<\/strong><\/h2>\n<ul>\n<li><a href=\"http:\/\/comreg.ie\/faoi\/an-meid-a-dheanaimid\/rialachas-corparaideach\/?lang=ga\">Tuarasc\u00e1il Bhliant\u00fail ComReg\u00a0<\/a><\/li>\n<\/ul>\n<ul>\n<li><a href=\"http:\/\/comreg.ie\/faoi\/an-meid-a-dheanaimid\/rialachas-corparaideach\/?lang=ga\">R\u00e9amhaisn\u00e9is Airgeadais Bhliant\u00fala ComReg<\/a><\/li>\n<\/ul>\n<ul>\n<li><a href=\"http:\/\/comreg.ie\/faoi\/an-meid-a-dheanaimid\/rialachas-corparaideach\/?lang=ga\">Tuarasc\u00e1il Ioca\u00edochta\u00ed R\u00e1ithi\u00fala\u00a0ComReg<\/a><\/li>\n<\/ul>\n<ul>\n<li><a href=\"http:\/\/comreg.ie\/faoi\/an-meid-a-dheanaimid\/rialachas-corparaideach\/?lang=ga\">Tuarasc\u00e1il Ord\u00fa Ceannaigh ComReg<\/a><\/li>\n<\/ul>\n<p>&nbsp;<\/p>\n","protected":false},"excerpt":{"rendered":"<p>An m\u00e9id a chaithimid Tuarasc\u00e1il Bhliant\u00fail ComReg\u00a0 R\u00e9amhaisn\u00e9is Airgeadais Bhliant\u00fala ComReg Tuarasc\u00e1il Ioca\u00edochta\u00ed R\u00e1ithi\u00fala\u00a0ComReg Tuarasc\u00e1il Ord\u00fa Ceannaigh ComReg &nbsp;<\/p>\n","protected":false},"author":31,"featured_media":0,"parent":90258,"menu_order":3,"comment_status":"closed","ping_status":"closed","template":"templates\/template-topic-pages-noanchors.php","meta":{"_acf_changed":false,"_relevanssi_hide_post":"","_relevanssi_hide_content":"","_relevanssi_pin_for_all":"","_relevanssi_pin_keywords":"","_relevanssi_unpin_keywords":"","_relevanssi_related_keywords":"","_relevanssi_related_include_ids":"","_relevanssi_related_exclude_ids":"","_relevanssi_related_no_append":"","_relevanssi_related_not_related":"","_relevanssi_related_posts":"","_relevanssi_noindex_reason":"","footnotes":"","_wp_rev_ctl_limit":""},"class_list":["post-90327","page","type-page","status-publish","hentry"],"acf":[],"aioseo_notices":[],"_links":{"self":[{"href":"https:\/\/www.comreg.ie\/ga\/wp-json\/wp\/v2\/pages\/90327","targetHints":{"allow":["GET"]}}],"collection":[{"href":"https:\/\/www.comreg.ie\/ga\/wp-json\/wp\/v2\/pages"}],"about":[{"href":"https:\/\/www.comreg.ie\/ga\/wp-json\/wp\/v2\/types\/page"}],"author":[{"embeddable":true,"href":"https:\/\/www.comreg.ie\/ga\/wp-json\/wp\/v2\/users\/31"}],"replies":[{"embeddable":true,"href":"https:\/\/www.comreg.ie\/ga\/wp-json\/wp\/v2\/comments?post=90327"}],"version-history":[{"count":0,"href":"https:\/\/www.comreg.ie\/ga\/wp-json\/wp\/v2\/pages\/90327\/revisions"}],"up":[{"embeddable":true,"href":"https:\/\/www.comreg.ie\/ga\/wp-json\/wp\/v2\/pages\/90258"}],"wp:attachment":[{"href":"https:\/\/www.comreg.ie\/ga\/wp-json\/wp\/v2\/media?parent=90327"}],"curies":[{"name":"wp","href":"https:\/\/api.w.org\/{rel}","templated":true}]}}