{"id":90328,"date":"2016-03-22T09:49:14","date_gmt":"2016-03-22T09:49:14","guid":{"rendered":"http:\/\/comreg.ie.grigore"},"modified":"2021-09-24T18:49:29","modified_gmt":"2021-09-24T18:49:29","slug":"solathar","status":"publish","type":"page","link":"https:\/\/www.comreg.ie\/ga\/fuinn\/sceim-foilsitheoireachta-sf\/solathar\/","title":{"rendered":"Sol\u00e1thar"},"content":{"rendered":"<h3><strong>Conas a Chaithimd<\/strong><\/h3>\n<p>\u00d3 am go ch\u00e9ile bronnann an Coimisi\u00fan um Rial\u00e1il Cumars\u00e1ide conartha\u00ed ar dhaoine as t\u00e1irg\u00ed agus seirbh\u00eds\u00ed a chur ar fail. Is \u00ed an aidhm ata againn n\u00e1 luach ar airgead a bhaint amach agus seirbh\u00eds ar ardchaighde\u00e1n a chur ar f\u00e1il don phobal.<\/p>\n<p>Agus ComReg\u00a0ag bronnadh conartha\u00ed, leanaimid rialacha a bhaineann le sol\u00e1thar p\u00f3ibl\u00ed rud a dh\u00e9anaimid i mbealach mac\u00e1nta agus cothrom.<\/p>\n<p>T\u00e1 ceithre phr\u00edomhphrionsabal faoi bhun sol\u00e1thar p\u00f3ibl\u00ed. Is iad:<\/p>\n<ul>\n<li><strong>C\u00f3ir Chomhionann:\u00a0<\/strong>De r\u00e9ir an phrionsabail um Ch\u00f3ir Chomhionann caithfa\u00ed caitheamh le gach sol\u00e1thr\u00f3ir go cothrom agus cothrom na f\u00e9inne a thabhairt do ch\u00e1ch ag gach c\u00e9im den phr\u00f3iseas bhronnadh conartha. Cialla\u00edonn s\u00e9 seo go gcaithfa\u00ed caitheamh go mionch\u00faiseach le h\u00e9inne a chuireann tairiscint isteach, le hadmhaigh go bhfuarthas tairiscint, chomh maith le pl\u00e9 go\u00a0mionch\u00faiseach le tairscint\u00ed.<\/li>\n<\/ul>\n<ul>\n<li><strong>Tr\u00e9dhearcacht: <\/strong>De r\u00e9ir an\u00a0phrionsabail um Tr\u00e9dhearcacht caithfa\u00ed aon fh\u00e1isn\u00e9is faoi chonartha\u00ed at\u00e1 le teacht, chomh maith leis na rialacha a chuirtear i bhfeidhm a bheith ar f\u00e1il d&#8217;iarrth\u00f3ir ar bith a bhfuil sp\u00e9is acu.\u00a0\u00c9il\u00edtear go gcaithfa\u00ed gach iarrth\u00f3ir a bheith ar an eolas faoi na rialacha a chuirtear i bhfeidhm agus meas\u00fan\u00fa \u00e1 nd\u00e9anamh ar a n-iarratais do liosta\u00ed tairisceana agus na crit\u00e9ir a \u00fas\u00e1idtear agus tairiscint\u00ed \u00e1 meas\u00fan\u00fa.<\/li>\n<\/ul>\n<ul>\n<li><strong>Comhr\u00e9ireacht:\u00a0<\/strong>\u00c9il\u00edonn an prionsabal um Chomhr\u00e9ireacht nach leagtar ach \u00e9ilimh \u00e1bhartha a bhaineann\u00a0go d\u00edreach leis an gconradh at\u00e1 \u00e1 bhronnadh<strong>\u00a0<\/strong>ar\u00a0shol\u00e1thr\u00f3ir\u00ed.<\/li>\n<\/ul>\n<ul>\n<li><strong>Aitheantas Frithph\u00e1irteach: <\/strong>\u00c9il\u00edonn an prionsabal um Aitheantas Frithph\u00e1irteach go dtugtar an t-aitheantas c\u00e9anna do na\u00a0caighde\u00e1in, sonra\u00edochta\u00ed agus c\u00e1il\u00edochta\u00ed a \u00fas\u00e1idtear fud fad an AE, chomh fada is at\u00e1 na t\u00e1irg\u00ed\/ na seirbh\u00eds\u00ed oiri\u00fanach d\u00e1 bhfeidhm.<\/li>\n<\/ul>\n<p>Baineann\u00a0Rialach\u00e1in Chonartha Rialtais na h\u00c9ireann leis na prionsabail ar fad thuasluaite. De r\u00e9ir na rialacha, caithfear an pr\u00f3ise\u00e1s\u00a0tairisceana ioma\u00edoch a \u00fas\u00e1id fud fad na\u00a0hearn\u00e1la poibl\u00ed. Leagtar rialacha amach a \u00e1irith\u00edonn go bhfuil cothrom na f\u00e9inne tugtha do gach sol\u00e1thr\u00f3ir agus go bhfuil f\u00edor-ioma\u00edochas i bhfeidhm agus conartha\u00ed p\u00f3ibl\u00ed \u00e1 mbronnadh. \u00a0Cuims\u00edonn gn\u00e9ithe tabhachtacha na rialach\u00e1in rialacha a bhaineann le tairgthe ar n\u00f3s:<\/p>\n<ul>\n<li>F\u00f3gairt conartha\u00ed<\/li>\n<li>Amsc\u00e1la tairisceana<\/li>\n<li>F\u00e1ltas agus oscailt tairiscint\u00ed<\/li>\n<li>F\u00e1isn\u00e9is faoi r\u00fan<\/li>\n<li>Meas\u00fan\u00fa tairiscint\u00ed<\/li>\n<li>Mioncheisti\u00fa na bhforthairgeoir\u00ed nar \u00e9irigh leo.<\/li>\n<\/ul>\n<p>Baineann rialacha Threoracha um Sol\u00e1th\u00e1ir na h\u00c9orpa le conartha\u00ed n\u00edos m\u00f3 (thairis tairseacha an AE).<\/p>\n<h3><strong>Tairiscint\u00ed Reatha &#8211; F\u00f3gra Conartha<\/strong><\/h3>\n<p>T\u00e1 sonra\u00ed na dtairiscint\u00ed reatha agus cr\u00edochnaithe, thairis \u20ac25,000 ar f\u00e1il ar\u00a0<a href=\"http:\/\/www.etenders.gov.ie\/\" target=\"_blank\" title=\"This link will open in a new window\" rel=\"noopener noreferrer\">http:\/\/www.etenders.gov.ie\/<\/a>.\u00a0F\u00f3ils\u00edtear f\u00f3gra conartha d&#8217;aon tairiscint thairis tairseacha an AE in\u00a0Iris Oifigi\u00fail an Aontais Eorpaigh (IOAE) ar Thairiscint\u00ed leictreonacha laeth\u00fala (TLL) nasc:<a href=\"http:\/\/ted.europa.eu\/TED\/main\/HomePage.do\" target=\"_blank\" title=\"This link will open in a new window\" rel=\"noopener noreferrer\">\u00a0http:\/\/ted.europa.eu\/TED\/main\/HomePage.do<\/a><\/p>\n<h3><strong>Conartha\u00ed\u2013 F\u00f3gra Bronnadh Conartha\u00a0<\/strong><\/h3>\n<p>Foils\u00edonn ComReg f\u00f3gra bronnta ar\u00a0<a href=\"http:\/\/www.etenders.gov.ie\/\" target=\"_blank\" title=\"This link will open in a new window\" rel=\"noopener noreferrer\">http:\/\/www.etenders.gov.ie<\/a>\u00a0nuair a chr\u00edochna\u00edonn com\u00f3rtas tairisceana foilsithe. Foils\u00edtear an f\u00f3gra bronnta do chonartha\u00ed \u00a0at\u00e1 thairis tairseacha an AE ar an IOAE TLL:\u00a0<a href=\"http:\/\/ted.europa.eu\/TED\/main\/HomePage.do\" target=\"_blank\" title=\"This link will open in a new window\" rel=\"noopener noreferrer\">http:\/\/ted.europa.eu\/TED\/main\/HomePage.do<\/a><\/p>\n<h3><strong>MionChom\u00f3rtais agus \u00edostarraingt\u00ed \u00f3 Chreat Comhaontuithe ComReg\u00a0<\/strong><\/h3>\n<p>D\u00e9antar MionChom\u00f3rtais agus \u00edostarraingt\u00ed \u00f3 Chreat Comhaontuithe ComReg go leictreonach. Eagra\u00edtear na mionchom\u00f3rtais tr\u00ed <a href=\"http:\/\/www.etenders.gov.ie\" target=\"_blank\" title=\"This link will open in a new window\" rel=\"noopener noreferrer\">etenders.gov.ie<\/a> agus t\u00e1 sonra\u00ed bronnta na gconartha\u00ed seo ar fail ar \u00a0<a href=\"http:\/\/www.etenders.gov.ie\/contract-awards\" target=\"_blank\" title=\"This link will open in a new window\" rel=\"noopener noreferrer\">http:\/\/www.etenders.gov.ie\/contract-awards<\/a><\/p>\n<p>&nbsp;<\/p>\n","protected":false},"excerpt":{"rendered":"<p>Conas a Chaithimd \u00d3 am go ch\u00e9ile bronnann an Coimisi\u00fan um Rial\u00e1il Cumars\u00e1ide conartha\u00ed ar dhaoine as t\u00e1irg\u00ed agus seirbh\u00eds\u00ed a chur ar fail. Is &hellip; <a href=\"https:\/\/www.comreg.ie\/ga\/fuinn\/sceim-foilsitheoireachta-sf\/solathar\/\"><\/a><\/p>\n","protected":false},"author":31,"featured_media":0,"parent":90258,"menu_order":4,"comment_status":"closed","ping_status":"closed","template":"templates\/template-topic-pages.php","meta":{"_acf_changed":false,"_relevanssi_hide_post":"","_relevanssi_hide_content":"","_relevanssi_pin_for_all":"","_relevanssi_pin_keywords":"","_relevanssi_unpin_keywords":"","_relevanssi_related_keywords":"","_relevanssi_related_include_ids":"","_relevanssi_related_exclude_ids":"","_relevanssi_related_no_append":"","_relevanssi_related_not_related":"","_relevanssi_related_posts":"","_relevanssi_noindex_reason":"","footnotes":"","_wp_rev_ctl_limit":""},"class_list":["post-90328","page","type-page","status-publish","hentry"],"acf":[],"aioseo_notices":[],"_links":{"self":[{"href":"https:\/\/www.comreg.ie\/ga\/wp-json\/wp\/v2\/pages\/90328","targetHints":{"allow":["GET"]}}],"collection":[{"href":"https:\/\/www.comreg.ie\/ga\/wp-json\/wp\/v2\/pages"}],"about":[{"href":"https:\/\/www.comreg.ie\/ga\/wp-json\/wp\/v2\/types\/page"}],"author":[{"embeddable":true,"href":"https:\/\/www.comreg.ie\/ga\/wp-json\/wp\/v2\/users\/31"}],"replies":[{"embeddable":true,"href":"https:\/\/www.comreg.ie\/ga\/wp-json\/wp\/v2\/comments?post=90328"}],"version-history":[{"count":0,"href":"https:\/\/www.comreg.ie\/ga\/wp-json\/wp\/v2\/pages\/90328\/revisions"}],"up":[{"embeddable":true,"href":"https:\/\/www.comreg.ie\/ga\/wp-json\/wp\/v2\/pages\/90258"}],"wp:attachment":[{"href":"https:\/\/www.comreg.ie\/ga\/wp-json\/wp\/v2\/media?parent=90328"}],"curies":[{"name":"wp","href":"https:\/\/api.w.org\/{rel}","templated":true}]}}