{"id":90329,"date":"2016-03-22T09:49:14","date_gmt":"2016-03-22T09:49:14","guid":{"rendered":"http:\/\/comreg.ie.grigore"},"modified":"2021-09-24T18:46:43","modified_gmt":"2021-09-24T18:46:43","slug":"taifead-nochta-sf","status":"publish","type":"page","link":"https:\/\/www.comreg.ie\/ga\/fuinn\/sceim-foilsitheoireachta-sf\/taifead-nochta-sf\/","title":{"rendered":"Taifead Nochta SF agus Faisn\u00e9is a fhoils\u00edtear go minic"},"content":{"rendered":"<h2><strong>Taifead Nochta SF<\/strong><\/h2>\n<p>Dearbha\u00edonn an tAcht um Saor\u00e1il Faisn\u00e9ise go gcaitheann comhlachta\u00ed Shaor\u00e1il Faisn\u00e9ise (SF) ar n\u00f3s ComReg, taifead nochta a fhoilsi\u00fa, ina bhfuil sonra\u00ed na gcine\u00e1l iarratais a faightear faoi SF \u00f3 mh\u00ed Ean\u00e1ir 2015 agus na cinnt\u00ed a rinneadh mar fhreagra ar na hiarratais i\u00fad.<\/p>\n<p>Mar eolas, de bharr na rialach\u00e1n um Chosaint Sonra\u00ed, n\u00ed f\u00e9idir an t\u00e9 a rinne an t-iarratas a ainmni\u00fa.<\/p>\n<p><a href=\"\/media\/2016\/03\/Copy-of-Disclosure-Log-2017-publication.xlsx\">Taifead Nochta 2017<\/a><\/p>\n<p><a href=\"\/media\/2016\/03\/Copy-of-Disclosure-Log-2016-publication-002.xlsx\">Taifead Nochta 2016<\/a><\/p>\n<p><a href=\"http:\/\/comreg.ie\/media\/2016\/03\/Disclosure-Log-2015-Publication-1.pdf\" rel=\"\">Taifead Nochta 2015 <\/a><\/p>\n<p>&nbsp;<\/p>\n","protected":false},"excerpt":{"rendered":"<p>Taifead Nochta SF Dearbha\u00edonn an tAcht um Saor\u00e1il Faisn\u00e9ise go gcaitheann comhlachta\u00ed Shaor\u00e1il Faisn\u00e9ise (SF) ar n\u00f3s ComReg, taifead nochta a fhoilsi\u00fa, ina bhfuil sonra\u00ed &hellip; <a href=\"https:\/\/www.comreg.ie\/ga\/fuinn\/sceim-foilsitheoireachta-sf\/taifead-nochta-sf\/\"><\/a><\/p>\n","protected":false},"author":31,"featured_media":0,"parent":90258,"menu_order":5,"comment_status":"closed","ping_status":"closed","template":"templates\/template-topic-pages-noanchors.php","meta":{"_acf_changed":false,"_relevanssi_hide_post":"","_relevanssi_hide_content":"","_relevanssi_pin_for_all":"","_relevanssi_pin_keywords":"","_relevanssi_unpin_keywords":"","_relevanssi_related_keywords":"","_relevanssi_related_include_ids":"","_relevanssi_related_exclude_ids":"","_relevanssi_related_no_append":"","_relevanssi_related_not_related":"","_relevanssi_related_posts":"","_relevanssi_noindex_reason":"","footnotes":"","_wp_rev_ctl_limit":""},"class_list":["post-90329","page","type-page","status-publish","hentry"],"acf":[],"aioseo_notices":[],"_links":{"self":[{"href":"https:\/\/www.comreg.ie\/ga\/wp-json\/wp\/v2\/pages\/90329","targetHints":{"allow":["GET"]}}],"collection":[{"href":"https:\/\/www.comreg.ie\/ga\/wp-json\/wp\/v2\/pages"}],"about":[{"href":"https:\/\/www.comreg.ie\/ga\/wp-json\/wp\/v2\/types\/page"}],"author":[{"embeddable":true,"href":"https:\/\/www.comreg.ie\/ga\/wp-json\/wp\/v2\/users\/31"}],"replies":[{"embeddable":true,"href":"https:\/\/www.comreg.ie\/ga\/wp-json\/wp\/v2\/comments?post=90329"}],"version-history":[{"count":0,"href":"https:\/\/www.comreg.ie\/ga\/wp-json\/wp\/v2\/pages\/90329\/revisions"}],"up":[{"embeddable":true,"href":"https:\/\/www.comreg.ie\/ga\/wp-json\/wp\/v2\/pages\/90258"}],"wp:attachment":[{"href":"https:\/\/www.comreg.ie\/ga\/wp-json\/wp\/v2\/media?parent=90329"}],"curies":[{"name":"wp","href":"https:\/\/api.w.org\/{rel}","templated":true}]}}