{"id":90346,"date":"2016-03-21T15:22:10","date_gmt":"2016-03-21T15:22:10","guid":{"rendered":"http:\/\/comreg.ie.grigore"},"modified":"2024-11-06T16:46:36","modified_gmt":"2024-11-06T16:46:36","slug":"seirbhis-freagartha-glaonna-eigeandala","status":"publish","type":"page","link":"https:\/\/www.comreg.ie\/ga\/comhairle-eolas\/seirbhis-freagartha-glaonna-eigeandala\/","title":{"rendered":"Seirbh\u00eds Freagartha Glaonna \u00c9igeand\u00e1la"},"content":{"rendered":"<p><span data-contrast=\"auto\">Ag pointe \u00e9igin i do shaol, b&#8217;fh\u00e9idir go mbeadh ort glaoch ar sheirbh\u00eds\u00ed \u00e9igeand\u00e1la ar n\u00f3s fir dh\u00f3ite\u00e1in, p\u00f3il\u00edn\u00ed n\u00f3 pearsanra leighis. Tr\u00ed bheith ullamh chun glaoch ar sheirbh\u00eds\u00ed \u00e9igeand\u00e1la, is f\u00e9idir leat an chabhair a theasta\u00edonn uait a fh\u00e1il i bhfad n\u00edos tap\u00fala, rud a d&#8217;fh\u00e9adfadh difr\u00edocht mh\u00f3r a dh\u00e9anamh i gc\u00e1s \u00e9igeand\u00e1la. Ba ch\u00f3ir do thuismitheoir\u00ed a bp\u00e1ist\u00ed a mh\u00faineadh freisin faoin agus faoi d\u00f3ibh ar f\u00e9idir cabhair a iarraidh.<\/span><span data-ccp-props=\"{}\">\u00a0<\/span><\/p>\n<p><span data-contrast=\"auto\">Is iad na pr\u00edomhsheirbh\u00eds\u00ed \u00e9igeand\u00e1la na seirbh\u00eds\u00ed &#8220;solas gorm&#8221; a fhreagra\u00edonn do ghn\u00e1th\u00e9igeand\u00e1la\u00ed in \u00c9irinn, eadhon An Garda S\u00edoch\u00e1na, an tSeirbh\u00eds Otharcharranna, an tSeirbh\u00eds D\u00f3ite\u00e1in agus Garda C\u00f3sta na h\u00c9ireann. Bheadh na pr\u00edomhsheirbh\u00eds\u00ed \u00e9igeand\u00e1la ar na ch\u00e9ad seirbh\u00eds\u00ed a d&#8217;fhreagair formh\u00f3r na n-\u00e9igeand\u00e1la\u00ed.<\/span><span data-ccp-props=\"{}\">\u00a0<\/span><\/p>\n<p><span class=\"NormalTextRun SpellingErrorV2Themed SCXW17529266 BCX8\">Tabhair<\/span> <span class=\"NormalTextRun SpellingErrorV2Themed SCXW17529266 BCX8\">cuairt<\/span> <span class=\"NormalTextRun SpellingErrorV2Themed SCXW17529266 BCX8\">ar<\/span><span class=\"NormalTextRun SCXW17529266 BCX8\"> an <\/span><span class=\"NormalTextRun SpellingErrorV2Themed SCXW17529266 BCX8\">su\u00edomh<\/span> <span class=\"NormalTextRun SpellingErrorV2Themed SCXW17529266 BCX8\">gr\u00e9as\u00e1in<\/span> <span class=\"NormalTextRun SpellingErrorV2Themed SCXW17529266 BCX8\">tiomnaithe<\/span> <a href=\"http:\/\/www.112.ie\/\">http:\/\/www.112.ie\/<\/a> <span class=\"TextRun SCXW160784455 BCX8\" lang=\"EN-IE\" xml:lang=\"EN-IE\" data-contrast=\"auto\"><span class=\"NormalTextRun SpellingErrorV2Themed SCXW160784455 BCX8\">chun<\/span> <span class=\"NormalTextRun SpellingErrorV2Themed SCXW160784455 BCX8\">tuilleadh<\/span> <span class=\"NormalTextRun SpellingErrorV2Themed SCXW160784455 BCX8\">eolais<\/span><span class=\"NormalTextRun SCXW160784455 BCX8\"> a <\/span><span class=\"NormalTextRun SpellingErrorV2Themed SCXW160784455 BCX8\">fh\u00e1il<\/span> <span class=\"NormalTextRun SpellingErrorV2Themed SCXW160784455 BCX8\">faoi<\/span><span class=\"NormalTextRun SpellingErrorV2Themed SCXW160784455 BCX8\">n<\/span> <span class=\"NormalTextRun SpellingErrorV2Themed SCXW160784455 BCX8\">d\u00f3igh<\/span> <span class=\"NormalTextRun SpellingErrorV2Themed SCXW160784455 BCX8\">agus<\/span> <span class=\"NormalTextRun SpellingErrorV2Themed SCXW160784455 BCX8\">faoin<\/span> <span class=\"NormalTextRun SpellingErrorV2Themed SCXW160784455 BCX8\">uair<\/span> <span class=\"NormalTextRun SpellingErrorV2Themed SCXW160784455 BCX8\">ar<\/span> <span class=\"NormalTextRun SpellingErrorV2Themed SCXW160784455 BCX8\">ch\u00f3ir<\/span> <span class=\"NormalTextRun SpellingErrorV2Themed SCXW160784455 BCX8\">glaoch<\/span> <span class=\"NormalTextRun SpellingErrorV2Themed SCXW160784455 BCX8\">ar<\/span> <span class=\"NormalTextRun SpellingErrorV2Themed SCXW160784455 BCX8\">na<\/span> <span class=\"NormalTextRun SpellingErrorV2Themed SCXW160784455 BCX8\">seirbh\u00eds\u00ed<\/span> <span class=\"NormalTextRun SpellingErrorV2Themed SCXW160784455 BCX8\">\u00e9igeand\u00e1la<\/span><span class=\"NormalTextRun SCXW160784455 BCX8\"> in <\/span><span class=\"NormalTextRun SpellingErrorV2Themed SCXW160784455 BCX8\">\u00c9irinn<\/span> <span class=\"NormalTextRun SpellingErrorV2Themed SCXW160784455 BCX8\">agus<\/span> <span class=\"NormalTextRun SpellingErrorV2Themed SCXW160784455 BCX8\">san<\/span><span class=\"NormalTextRun SCXW160784455 BCX8\"> AE.<\/span><\/span><span class=\"EOP SCXW160784455 BCX8\" data-ccp-props=\"{}\">\u00a0<\/span><\/p>\n<p><span class=\"TextRun SCXW207538125 BCX8\" lang=\"EN-IE\" xml:lang=\"EN-IE\" data-contrast=\"auto\"><span class=\"NormalTextRun SpellingErrorV2Themed SCXW207538125 BCX8\">T\u00e1<\/span> <span class=\"NormalTextRun SpellingErrorV2Themed SCXW207538125 BCX8\">roinnt<\/span> <span class=\"NormalTextRun SpellingErrorV2Themed SCXW207538125 BCX8\">feidhmeanna<\/span> <span class=\"NormalTextRun SpellingErrorV2Themed SCXW207538125 BCX8\">againn<\/span> <span class=\"NormalTextRun SpellingErrorV2Themed SCXW207538125 BCX8\">maidir<\/span><span class=\"NormalTextRun SCXW207538125 BCX8\"> le <\/span><span class=\"NormalTextRun SpellingErrorV2Themed SCXW207538125 BCX8\">Seirbh\u00eds<\/span> <span class=\"NormalTextRun SpellingErrorV2Themed SCXW207538125 BCX8\">Freagartha<\/span> <span class=\"NormalTextRun SpellingErrorV2Themed SCXW207538125 BCX8\">Glaonna<\/span> <span class=\"NormalTextRun SpellingErrorV2Themed SCXW207538125 BCX8\">\u00c9igeand\u00e1la<\/span> <span class=\"NormalTextRun SpellingErrorV2Themed SCXW207538125 BCX8\">na<\/span> <span class=\"NormalTextRun SpellingErrorV2Themed SCXW207538125 BCX8\">h\u00c9ireann<\/span><span class=\"NormalTextRun SCXW207538125 BCX8\"> (SFG\u00c9):<\/span><\/span><span class=\"EOP SCXW207538125 BCX8\" data-ccp-props=\"{}\">\u00a0<\/span><\/p>\n<ul>\n<li><span data-contrast=\"auto\">D\u00e9anaimid monat\u00f3ireacht ar chaighde\u00e1n na seirbh\u00edse a chuireann an sol\u00e1thra\u00ed SFG\u00c9 ar f\u00e1il.<\/span><span data-ccp-props=\"{}\">\u00a0<\/span><\/li>\n<li><span data-contrast=\"auto\">D\u00e9anaimid athbhreithni\u00fa ar na huast\u00e1ill\u00ed l\u00e1imhse\u00e1la glaonna a ghearrann sol\u00e1thraithe SFG\u00c9 ar na sol\u00e1thraithe seirbh\u00edse.<\/span><span data-ccp-props=\"{}\">\u00a0<\/span><\/li>\n<\/ul>\n<p><span class=\"TextRun SCXW150267163 BCX8\" lang=\"EN-IE\" xml:lang=\"EN-IE\" data-contrast=\"auto\"><span class=\"NormalTextRun SCXW150267163 BCX8\">N\u00ed<\/span> <span class=\"NormalTextRun SpellingErrorV2Themed SCXW150267163 BCX8\">m\u00f3r<\/span><span class=\"NormalTextRun SCXW150267163 BCX8\"> do <\/span><span class=\"NormalTextRun SpellingErrorV2Themed SCXW150267163 BCX8\">gach<\/span> <span class=\"NormalTextRun SpellingErrorV2Themed SCXW150267163 BCX8\">sol\u00e1thra\u00ed<\/span> <span class=\"NormalTextRun SpellingErrorV2Themed SCXW150267163 BCX8\">seirbh\u00edse<\/span> <span class=\"NormalTextRun SpellingErrorV2Themed SCXW150267163 BCX8\">gach<\/span> <span class=\"NormalTextRun SpellingErrorV2Themed SCXW150267163 BCX8\">iarracht<\/span><span class=\"NormalTextRun SCXW150267163 BCX8\"> a <\/span><span class=\"NormalTextRun SpellingErrorV2Themed SCXW150267163 BCX8\">dh\u00e9anamh<\/span> <span class=\"NormalTextRun SpellingErrorV2Themed SCXW150267163 BCX8\">rochtain<\/span><span class=\"NormalTextRun SCXW150267163 BCX8\"> a <\/span><span class=\"NormalTextRun SpellingErrorV2Themed SCXW150267163 BCX8\">shol\u00e1thar<\/span> <span class=\"NormalTextRun SpellingErrorV2Themed SCXW150267163 BCX8\">ar<\/span> <span class=\"NormalTextRun SpellingErrorV2Themed SCXW150267163 BCX8\">na<\/span> <span class=\"NormalTextRun SpellingErrorV2Themed SCXW150267163 BCX8\">seirbh\u00eds\u00ed<\/span> <span class=\"NormalTextRun SpellingErrorV2Themed SCXW150267163 BCX8\">\u00e9igeand\u00e1la<\/span> <span class=\"NormalTextRun SpellingErrorV2Themed SCXW150267163 BCX8\">agus<\/span> <span class=\"NormalTextRun SCXW150267163 BCX8\">n\u00ed<\/span> <span class=\"NormalTextRun SpellingErrorV2Themed SCXW150267163 BCX8\">m\u00f3r<\/span><span class=\"NormalTextRun SCXW150267163 BCX8\"> \u00e9 a chur <\/span><span class=\"NormalTextRun SpellingErrorV2Themed SCXW150267163 BCX8\">ar<\/span> <span class=\"NormalTextRun SpellingErrorV2Themed SCXW150267163 BCX8\">f\u00e1il<\/span> <span class=\"NormalTextRun SpellingErrorV2Themed SCXW150267163 BCX8\">saor<\/span><span class=\"NormalTextRun SCXW150267163 BCX8\"> in <\/span><span class=\"NormalTextRun SpellingErrorV2Themed SCXW150267163 BCX8\">aisce<\/span><span class=\"NormalTextRun SCXW150267163 BCX8\">.\u202f <\/span><span class=\"NormalTextRun SCXW150267163 BCX8\">N\u00ed<\/span> <span class=\"NormalTextRun SpellingErrorV2Themed SCXW150267163 BCX8\">m\u00f3r<\/span><span class=\"NormalTextRun SCXW150267163 BCX8\"> do <\/span><span class=\"NormalTextRun SpellingErrorV2Themed SCXW150267163 BCX8\">shol\u00e1thraithe<\/span> <span class=\"NormalTextRun SpellingErrorV2Themed SCXW150267163 BCX8\">seirbh\u00edse<\/span> <span class=\"NormalTextRun SpellingErrorV2Themed SCXW150267163 BCX8\">gan<\/span> <span class=\"NormalTextRun SpellingErrorV2Themed SCXW150267163 BCX8\">sreang<\/span> <span class=\"NormalTextRun SpellingErrorV2Themed SCXW150267163 BCX8\">n\u00f3<\/span><span class=\"NormalTextRun SCXW150267163 BCX8\"> VoIP <\/span><span class=\"NormalTextRun SpellingErrorV2Themed SCXW150267163 BCX8\">t\u00fa<\/span><span class=\"NormalTextRun SCXW150267163 BCX8\"> a chur <\/span><span class=\"NormalTextRun SpellingErrorV2Themed SCXW150267163 BCX8\">ar<\/span><span class=\"NormalTextRun SCXW150267163 BCX8\"> an <\/span><span class=\"NormalTextRun SpellingErrorV2Themed SCXW150267163 BCX8\">eolas<\/span> <span class=\"NormalTextRun SpellingErrorV2Themed SCXW150267163 BCX8\">faoi<\/span> <span class=\"NormalTextRun SpellingErrorV2Themed SCXW150267163 BCX8\">aon<\/span> <span class=\"NormalTextRun SpellingErrorV2Themed SCXW150267163 BCX8\">teorainneacha<\/span><span class=\"NormalTextRun SCXW150267163 BCX8\"> a <\/span><span class=\"NormalTextRun SpellingErrorV2Themed SCXW150267163 BCX8\">bhaineann<\/span><span class=\"NormalTextRun SCXW150267163 BCX8\"> le <\/span><span class=\"NormalTextRun SpellingErrorV2Themed SCXW150267163 BCX8\">rochtain<\/span><span class=\"NormalTextRun SCXW150267163 BCX8\"> a <\/span><span class=\"NormalTextRun SpellingErrorV2Themed SCXW150267163 BCX8\">shol\u00e1thar<\/span> <span class=\"NormalTextRun SpellingErrorV2Themed SCXW150267163 BCX8\">ar<\/span> <span class=\"NormalTextRun SpellingErrorV2Themed SCXW150267163 BCX8\">na<\/span> <span class=\"NormalTextRun SpellingErrorV2Themed SCXW150267163 BCX8\">seirbh\u00eds\u00ed<\/span> <span class=\"NormalTextRun SpellingErrorV2Themed SCXW150267163 BCX8\">\u00e9igeand\u00e1la<\/span> <span class=\"NormalTextRun SpellingErrorV2Themed SCXW150267163 BCX8\">sna<\/span> <span class=\"NormalTextRun SpellingErrorV2Themed SCXW150267163 BCX8\">t\u00e9arma\u00ed<\/span> <span class=\"NormalTextRun SpellingErrorV2Themed SCXW150267163 BCX8\">agus<\/span> <span class=\"NormalTextRun SpellingErrorV2Themed SCXW150267163 BCX8\">coinn\u00edollacha<\/span> <span class=\"NormalTextRun SpellingErrorV2Themed SCXW150267163 BCX8\">sula<\/span> <span class=\"NormalTextRun SpellingErrorV2Themed SCXW150267163 BCX8\">gcl\u00e1ra\u00edonn<\/span> <span class=\"NormalTextRun SpellingErrorV2Themed SCXW150267163 BCX8\">t\u00fa<\/span><span class=\"NormalTextRun SCXW150267163 BCX8\">.<\/span><\/span><span class=\"EOP SCXW150267163 BCX8\" data-ccp-props=\"{}\">\u00a0<\/span><\/p>\n<p><span class=\"TextRun SCXW3962986 BCX8\" lang=\"EN-IE\" xml:lang=\"EN-IE\" data-contrast=\"auto\"><span class=\"NormalTextRun SpellingErrorV2Themed SCXW3962986 BCX8\">Tuilleadh<\/span> <span class=\"NormalTextRun SpellingErrorV2Themed SCXW3962986 BCX8\">eolais<\/span> <span class=\"NormalTextRun SpellingErrorV2Themed SCXW3962986 BCX8\">faoi<\/span> <span class=\"NormalTextRun SpellingErrorV2Themed SCXW3962986 BCX8\">na<\/span> <span class=\"NormalTextRun SpellingErrorV2Themed SCXW3962986 BCX8\">seirbh\u00eds\u00ed<\/span> <span class=\"NormalTextRun SpellingErrorV2Themed SCXW3962986 BCX8\">\u00e9igeand\u00e1la<\/span><span class=\"NormalTextRun SCXW3962986 BCX8\">:<\/span><\/span><span class=\"EOP SCXW3962986 BCX8\" data-ccp-props=\"{}\">\u00a0<\/span><\/p>\n<ul>\n<li><strong><a title=\"This link will open in a new window\" href=\"http:\/\/ec.europa.eu\/information_society\/activities\/112\/index_en.htm\" target=\"_blank\" rel=\"noopener\">Su\u00edomh gr\u00e9as\u00e1in Choimisi\u00fan an AE lena gcuirtear \u00fas\u00e1id 112 <\/a><\/strong><\/li>\n<li><strong><a title=\"This link will open in a new window\" href=\"https:\/\/www.housing.gov.ie\/community\/fire-and-emergency-management\/fire-authorities\/fire-authorities\" target=\"_blank\" rel=\"noopener\">Seirbh\u00eds D\u00f3ite\u00e1in na h\u00c9ireann <\/a><\/strong><\/li>\n<li><strong><a title=\"This link will open in a new window\" href=\"http:\/\/www.garda.ie\/\" target=\"_blank\" rel=\"noopener\">An Garda S\u00edoch\u00e1na <\/a><\/strong><\/li>\n<li><strong><a title=\"This link will open in a new window\" href=\"http:\/\/www.nationalambulanceservice.ie\/\" target=\"_blank\" rel=\"noopener\">An tSeirbh\u00eds N\u00e1isi\u00fanta Otharcharranna <\/a><\/strong><\/li>\n<li><strong><a title=\"This link will open in a new window\" href=\"https:\/\/www.gov.ie\/en\/policy-information\/eda64a-the-irish-coast-guard\/\" target=\"_blank\" rel=\"noopener\">Garda C\u00f3sta na h\u00c9ireann <\/a><\/strong><\/li>\n<li><strong><a title=\"This link will open in a new window\" href=\"http:\/\/www.emergencyplanning.ie\/\" target=\"_blank\" rel=\"noopener\">An Oifig Plean\u00e1la \u00c9igeand\u00e1la <\/a><\/strong><\/li>\n<li><strong><a href=\"https:\/\/www.dccae.gov.ie\/en-ie\/communications\/topics\/emergency-call-answering-service\/Pages\/default.aspx\" target=\"_blank\" rel=\"noopener\">An Roinn Comhshaoil, Aer\u00e1ide agus Cumars\u00e1ide <\/a><\/strong><\/li>\n<li><strong><a title=\"This link will open in a new window\" href=\"http:\/\/www.eena.org\/\" target=\"_blank\" rel=\"noopener\">EENA (Cumann na nUimhreacha \u00c9igeand\u00e1la Eorpacha) <\/a><\/strong><\/li>\n<\/ul>\n","protected":false},"excerpt":{"rendered":"<p>Ag pointe \u00e9igin i do shaol, b&#8217;fh\u00e9idir go mbeadh ort glaoch ar sheirbh\u00eds\u00ed \u00e9igeand\u00e1la ar n\u00f3s fir dh\u00f3ite\u00e1in, p\u00f3il\u00edn\u00ed n\u00f3 pearsanra leighis. Tr\u00ed bheith ullamh &hellip; <a href=\"https:\/\/www.comreg.ie\/ga\/comhairle-eolas\/seirbhis-freagartha-glaonna-eigeandala\/\"><\/a><\/p>\n","protected":false},"author":31,"featured_media":0,"parent":90187,"menu_order":3,"comment_status":"closed","ping_status":"closed","template":"templates\/template-topic-pages.php","meta":{"_acf_changed":false,"_relevanssi_hide_post":"","_relevanssi_hide_content":"","_relevanssi_pin_for_all":"","_relevanssi_pin_keywords":"","_relevanssi_unpin_keywords":"","_relevanssi_related_keywords":"","_relevanssi_related_include_ids":"","_relevanssi_related_exclude_ids":"","_relevanssi_related_no_append":"","_relevanssi_related_not_related":"","_relevanssi_related_posts":"","_relevanssi_noindex_reason":"","footnotes":"","_wp_rev_ctl_limit":""},"class_list":["post-90346","page","type-page","status-publish","hentry"],"acf":[],"aioseo_notices":[],"_links":{"self":[{"href":"https:\/\/www.comreg.ie\/ga\/wp-json\/wp\/v2\/pages\/90346","targetHints":{"allow":["GET"]}}],"collection":[{"href":"https:\/\/www.comreg.ie\/ga\/wp-json\/wp\/v2\/pages"}],"about":[{"href":"https:\/\/www.comreg.ie\/ga\/wp-json\/wp\/v2\/types\/page"}],"author":[{"embeddable":true,"href":"https:\/\/www.comreg.ie\/ga\/wp-json\/wp\/v2\/users\/31"}],"replies":[{"embeddable":true,"href":"https:\/\/www.comreg.ie\/ga\/wp-json\/wp\/v2\/comments?post=90346"}],"version-history":[{"count":4,"href":"https:\/\/www.comreg.ie\/ga\/wp-json\/wp\/v2\/pages\/90346\/revisions"}],"predecessor-version":[{"id":131928,"href":"https:\/\/www.comreg.ie\/ga\/wp-json\/wp\/v2\/pages\/90346\/revisions\/131928"}],"up":[{"embeddable":true,"href":"https:\/\/www.comreg.ie\/ga\/wp-json\/wp\/v2\/pages\/90187"}],"wp:attachment":[{"href":"https:\/\/www.comreg.ie\/ga\/wp-json\/wp\/v2\/media?parent=90346"}],"curies":[{"name":"wp","href":"https:\/\/api.w.org\/{rel}","templated":true}]}}