{"id":90355,"date":"2016-03-21T14:38:04","date_gmt":"2016-03-21T14:38:04","guid":{"rendered":"http:\/\/comreg.ie.grigore"},"modified":"2017-01-09T12:06:56","modified_gmt":"2017-01-09T12:06:56","slug":"paineal-comhairleach-tomhaltoiri","status":"publish","type":"page","link":"https:\/\/www.comreg.ie\/ga\/engagement\/paineal-comhairleach-tomhaltoiri\/","title":{"rendered":"Pain\u00e9al Comhairleach Tomhalt\u00f3ir\u00ed"},"content":{"rendered":"<h2><span lang=\"en\">The Consumer Advisory Panel<\/span><\/h2>\n<p><span lang=\"en\"><strong>The Consumer Advisory Panel<\/strong> was established by us in accordance with Section 12 of the Communications Act 2002. The purpose of the Consumer Panel is to advise us on developments, innovations and areas of consumer concern which are relevant to the three main areas of ComReg\u2019s consumer policy:<\/p>\n<p style=\"padding-left: 30px;\">\u2022\u00a0maximising consumer welfare,<br \/>\n\u2022\u00a0protecting consumers, and<br \/>\n\u2022\u00a0raising consumer awareness.<\/p>\n<p>The Consumer Advisory Panel consists of four members appointed by the Commission. In appointing the members, the Commission has tried to ensure that the members have knowledge or experience of the telecommunications industry. The Consumer Advisory Panel meets approximately three times a year.<\/p>\n<p>The Consumer Advisory Panel is responsible for highlighting issues that will assist our understanding of consumers concerns about the communications industry. The Panel advises us in open discussions &#8211; while not forgetting the confidentiality that may surround certain issues. The Panel is an added source of information for us. However, it is not our sole source of consumer advice and input as we have within our own resources the ability to identify consumer interests when making regulatory decisions.<\/span><\/p>\n<h4><span lang=\"en\">The Main Functions of the Consumer Advisory Panel are:<\/span><\/h4>\n<p><span lang=\"en\"><\/p>\n<p style=\"padding-left: 30px;\">\u2022\u00a0To help our decision making by raising specific issues of consumer concern,<br \/>\n\u2022\u00a0To provide open and independent advice to us on a diverse range of issues that arise in the communications industry,<br \/>\n\u2022\u00a0To give advice on how our activities are affecting consumers,<br \/>\n\u2022\u00a0To highlight the importance of engaging with residential consumers and Small to Medium Enterprises (SMEs),<br \/>\n\u2022\u00a0To make collective recommendations and suggestions to us on current consumer concerns, and<br \/>\n\u2022\u00a0To advise us on consumer interests in the markets regulated by ComReg.<\/p>\n<p><\/span><\/p>\n<h4><span lang=\"en\">Current Membership of the Consumer Advisory Panel<\/span><\/h4>\n<p><span lang=\"en\"><\/p>\n<p style=\"padding-left: 30px;\">\u2022\u00a0Dermot Jewell &#8211; Chief Executive of the Consumers Association of Ireland<br \/>\n\u2022\u00a0Mark O&#8217;Mahoney, Director of Policy and Communications, Chamber of Commerce of Ireland<br \/>\n\u2022\u00a0Donal Rice, Senior Policy &amp; Public Affairs Advisor,\u00a0 National Disability Authority (NDA)<\/p>\n<p><\/span><\/p>\n","protected":false},"excerpt":{"rendered":"<p>The Consumer Advisory Panel The Consumer Advisory Panel was established by us in accordance with Section 12 of the Communications Act 2002. The purpose of &hellip; <a href=\"https:\/\/www.comreg.ie\/ga\/engagement\/paineal-comhairleach-tomhaltoiri\/\"><\/a><\/p>\n","protected":false},"author":31,"featured_media":0,"parent":104267,"menu_order":1,"comment_status":"closed","ping_status":"closed","template":"","meta":{"_acf_changed":false,"_relevanssi_hide_post":"","_relevanssi_hide_content":"","_relevanssi_pin_for_all":"","_relevanssi_pin_keywords":"","_relevanssi_unpin_keywords":"","_relevanssi_related_keywords":"","_relevanssi_related_include_ids":"","_relevanssi_related_exclude_ids":"","_relevanssi_related_no_append":"","_relevanssi_related_not_related":"","_relevanssi_related_posts":"","_relevanssi_noindex_reason":"","footnotes":"","_wp_rev_ctl_limit":""},"class_list":["post-90355","page","type-page","status-publish","hentry"],"acf":[],"aioseo_notices":[],"_links":{"self":[{"href":"https:\/\/www.comreg.ie\/ga\/wp-json\/wp\/v2\/pages\/90355","targetHints":{"allow":["GET"]}}],"collection":[{"href":"https:\/\/www.comreg.ie\/ga\/wp-json\/wp\/v2\/pages"}],"about":[{"href":"https:\/\/www.comreg.ie\/ga\/wp-json\/wp\/v2\/types\/page"}],"author":[{"embeddable":true,"href":"https:\/\/www.comreg.ie\/ga\/wp-json\/wp\/v2\/users\/31"}],"replies":[{"embeddable":true,"href":"https:\/\/www.comreg.ie\/ga\/wp-json\/wp\/v2\/comments?post=90355"}],"version-history":[{"count":0,"href":"https:\/\/www.comreg.ie\/ga\/wp-json\/wp\/v2\/pages\/90355\/revisions"}],"up":[{"embeddable":true,"href":"https:\/\/www.comreg.ie\/ga\/wp-json\/wp\/v2\/pages\/104267"}],"wp:attachment":[{"href":"https:\/\/www.comreg.ie\/ga\/wp-json\/wp\/v2\/media?parent=90355"}],"curies":[{"name":"wp","href":"https:\/\/api.w.org\/{rel}","templated":true}]}}