{"id":90356,"date":"2016-03-21T14:38:04","date_gmt":"2016-03-21T14:38:04","guid":{"rendered":"http:\/\/comreg.ie.grigore"},"modified":"2017-01-09T12:09:37","modified_gmt":"2017-01-09T12:09:37","slug":"eagraiochta-usaideacha","status":"publish","type":"page","link":"https:\/\/www.comreg.ie\/ga\/comhairle-eolas\/gearan-a-dheanamh-le-do-solathrai\/eagraiochta-usaideacha\/","title":{"rendered":"Eagra\u00edochta\u00ed \u00das\u00e1ideacha"},"content":{"rendered":"<h2><span lang=\"en\">Helpful Organisations<\/span><\/h2>\n<h4><span lang=\"en\"><span style=\"text-decoration: underline;\">Who else can help if you have a complaint?<\/span><\/span><\/h4>\n<p><span lang=\"en\">Other bodies and agencies that may help:<\/p>\n<ul>\n<li><strong>Advertising Standards Authority for Ireland<\/strong><\/li>\n<\/ul>\n<h5 style=\"padding-left: 60px;\"><strong>Website:<\/strong> <a href=\"http:\/\/www.asai.ie\" target=\"_blank\" title=\"This link will open in a new window\">www.asai.ie<\/a><\/h5>\n<h5 style=\"padding-left: 60px;\"><strong>Telephone: <\/strong>01 613 7040<\/h5>\n<h5 style=\"padding-left: 60px;\"><strong>Email:<\/strong> <a href=\"mailto:info@asai.ie\" target=\"_blank\" title=\"This link will open in a new window\">info@asai.ie<\/a><\/h5>\n<ul><\/span><\/p>\n<li>\n<h4><span lang=\"en\"><strong>Broadcasting Authority of Ireland<\/strong><\/span><\/h4>\n<p><span lang=\"en\"><\/li>\n<\/ul>\n<h5 style=\"padding-left: 60px;\"><strong>Website:<\/strong> <a href=\"http:\/\/www.bai.ie\" target=\"_blank\" title=\"This link will open in a new window\">www.bai.ie<\/a><\/h5>\n<h5 style=\"padding-left: 60px;\"><strong>Telephone:<\/strong> 0 1 644 1200<\/h5>\n<h5 style=\"padding-left: 60px;\"><strong>Email:<\/strong> <a href=\"mailto:info@bai.ie\" target=\"_blank\" title=\"This link will open in a new window\">info@bai.ie<\/a><\/h5>\n<ul>\n<li><strong>The Competition and Consumer Protection Commission (CCPC) (formerly National Consumer Agency)<\/strong><\/li>\n<\/ul>\n<h5 style=\"padding-left: 60px;\">Website: <a href=\"http:\/\/www.ccpc.ie\" target=\"_blank\" title=\"This link will open in a new window\">www.ccpc.ie<\/a><\/h5>\n<h5 style=\"padding-left: 60px;\"><strong>Consumer Helpline<\/strong>:<strong>\u00a0<\/strong>1890 432 432 \/ 01 402 5500<\/h5>\n<h5 style=\"padding-left: 60px;\"><strong>Online Contact Form: <\/strong><a href=\"http:\/\/www.consumerhelp.ie\/contact-form\" target=\"_blank\" title=\"This link will open in a new window\">http:\/\/www.consumerhelp.ie\/contact-form<\/a><\/h5>\n<ul>\n<li><strong>Data Protection Commissioner<\/strong><\/li>\n<\/ul>\n<h5 style=\"padding-left: 60px;\">Website: <a href=\"http:\/\/www.dataprotection.ie\" target=\"_blank\" title=\"This link will open in a new window\">www.dataprotection.ie<\/a><\/h5>\n<h5 style=\"padding-left: 60px;\"><strong>Telephone:<\/strong> +353 57 868 4800 \/ 1890 252 231<\/h5>\n<h5 style=\"padding-left: 60px;\"><strong>Email:<\/strong> <a href=\"mailto:info@dataprotection.ie\">info@dataprotection.ie<\/a><\/h5>\n<ul><\/span><\/p>\n<li>\n<h4><span lang=\"en\">Small Claims Court &#8211; Court Services<\/span><\/h4>\n<p><span lang=\"en\"><\/li>\n<\/ul>\n<h5 style=\"padding-left: 60px;\">Website: <a href=\"http:\/\/www.courts.ie\/\" target=\"_blank\" title=\"This link will open in a new window\">www.courts.ie<\/a><\/h5>\n<h5 style=\"padding-left: 60px;\">Telephone: 01 888 6000<\/h5>\n<p><\/span><\/p>\n","protected":false},"excerpt":{"rendered":"<p>Helpful Organisations Who else can help if you have a complaint? Other bodies and agencies that may help: Advertising Standards Authority for Ireland Website: www.asai.ie &hellip; <a href=\"https:\/\/www.comreg.ie\/ga\/comhairle-eolas\/gearan-a-dheanamh-le-do-solathrai\/eagraiochta-usaideacha\/\"><\/a><\/p>\n","protected":false},"author":31,"featured_media":0,"parent":90174,"menu_order":6,"comment_status":"closed","ping_status":"closed","template":"","meta":{"_acf_changed":false,"_relevanssi_hide_post":"","_relevanssi_hide_content":"","_relevanssi_pin_for_all":"","_relevanssi_pin_keywords":"","_relevanssi_unpin_keywords":"","_relevanssi_related_keywords":"","_relevanssi_related_include_ids":"","_relevanssi_related_exclude_ids":"","_relevanssi_related_no_append":"","_relevanssi_related_not_related":"","_relevanssi_related_posts":"","_relevanssi_noindex_reason":"","footnotes":"","_wp_rev_ctl_limit":""},"class_list":["post-90356","page","type-page","status-publish","hentry"],"acf":[],"aioseo_notices":[],"_links":{"self":[{"href":"https:\/\/www.comreg.ie\/ga\/wp-json\/wp\/v2\/pages\/90356","targetHints":{"allow":["GET"]}}],"collection":[{"href":"https:\/\/www.comreg.ie\/ga\/wp-json\/wp\/v2\/pages"}],"about":[{"href":"https:\/\/www.comreg.ie\/ga\/wp-json\/wp\/v2\/types\/page"}],"author":[{"embeddable":true,"href":"https:\/\/www.comreg.ie\/ga\/wp-json\/wp\/v2\/users\/31"}],"replies":[{"embeddable":true,"href":"https:\/\/www.comreg.ie\/ga\/wp-json\/wp\/v2\/comments?post=90356"}],"version-history":[{"count":0,"href":"https:\/\/www.comreg.ie\/ga\/wp-json\/wp\/v2\/pages\/90356\/revisions"}],"up":[{"embeddable":true,"href":"https:\/\/www.comreg.ie\/ga\/wp-json\/wp\/v2\/pages\/90174"}],"wp:attachment":[{"href":"https:\/\/www.comreg.ie\/ga\/wp-json\/wp\/v2\/media?parent=90356"}],"curies":[{"name":"wp","href":"https:\/\/api.w.org\/{rel}","templated":true}]}}