{"id":90382,"date":"2016-03-21T15:33:30","date_gmt":"2016-03-21T15:33:30","guid":{"rendered":"http:\/\/comreg.ie.grigore"},"modified":"2017-01-09T13:21:04","modified_gmt":"2017-01-09T13:21:04","slug":"riomhsheirbhisi-ceadunaithe","status":"publish","type":"page","link":"https:\/\/www.comreg.ie\/ga\/tionsclaiocht\/ceadunu\/riomhsheirbhisi-ceadunaithe\/","title":{"rendered":"R\u00edomhsheirbh\u00eds\u00ed Cead\u00fanaithe"},"content":{"rendered":"<h2><span lang=\"en\">eLicensing<\/span><\/h2>\n<p><span lang=\"en\">Our dedicated elicensing portal <a href=\"https:\/\/www.elicensing.comreg.ie\/login.aspx\" target=\"_blank\" title=\"This link will open in a new window\">https:\/\/www.elicensing.comreg.ie\/login.aspx<\/a>\u00a0allows you to:<\/p>\n<ul>\n<li>make online payments,<\/li>\n<li>manage your account,<\/li>\n<li>register for an account,<\/li>\n<li>apply for an Aircraft Station licence,<\/li>\n<li>apply for a Radio link licence.<\/li>\n<\/ul>\n<p><\/span><\/p>\n","protected":false},"excerpt":{"rendered":"<p>eLicensing Our dedicated elicensing portal https:\/\/www.elicensing.comreg.ie\/login.aspx\u00a0allows you to: make online payments, manage your account, register for an account, apply for an Aircraft Station licence, apply &hellip; <a href=\"https:\/\/www.comreg.ie\/ga\/tionsclaiocht\/ceadunu\/riomhsheirbhisi-ceadunaithe\/\"><\/a><\/p>\n","protected":false},"author":31,"featured_media":0,"parent":90294,"menu_order":8,"comment_status":"closed","ping_status":"closed","template":"","meta":{"_acf_changed":false,"_relevanssi_hide_post":"","_relevanssi_hide_content":"","_relevanssi_pin_for_all":"","_relevanssi_pin_keywords":"","_relevanssi_unpin_keywords":"","_relevanssi_related_keywords":"","_relevanssi_related_include_ids":"","_relevanssi_related_exclude_ids":"","_relevanssi_related_no_append":"","_relevanssi_related_not_related":"","_relevanssi_related_posts":"","_relevanssi_noindex_reason":"","footnotes":"","_wp_rev_ctl_limit":""},"class_list":["post-90382","page","type-page","status-publish","hentry"],"acf":[],"aioseo_notices":[],"_links":{"self":[{"href":"https:\/\/www.comreg.ie\/ga\/wp-json\/wp\/v2\/pages\/90382","targetHints":{"allow":["GET"]}}],"collection":[{"href":"https:\/\/www.comreg.ie\/ga\/wp-json\/wp\/v2\/pages"}],"about":[{"href":"https:\/\/www.comreg.ie\/ga\/wp-json\/wp\/v2\/types\/page"}],"author":[{"embeddable":true,"href":"https:\/\/www.comreg.ie\/ga\/wp-json\/wp\/v2\/users\/31"}],"replies":[{"embeddable":true,"href":"https:\/\/www.comreg.ie\/ga\/wp-json\/wp\/v2\/comments?post=90382"}],"version-history":[{"count":0,"href":"https:\/\/www.comreg.ie\/ga\/wp-json\/wp\/v2\/pages\/90382\/revisions"}],"up":[{"embeddable":true,"href":"https:\/\/www.comreg.ie\/ga\/wp-json\/wp\/v2\/pages\/90294"}],"wp:attachment":[{"href":"https:\/\/www.comreg.ie\/ga\/wp-json\/wp\/v2\/media?parent=90382"}],"curies":[{"name":"wp","href":"https:\/\/api.w.org\/{rel}","templated":true}]}}