{"id":90387,"date":"2016-02-18T16:45:12","date_gmt":"2016-02-18T16:45:12","guid":{"rendered":"http:\/\/comreg.ie.grigore"},"modified":"2021-10-01T18:26:21","modified_gmt":"2021-10-01T18:26:21","slug":"rabhchan-aimsiuchain-phearsanta","status":"publish","type":"page","link":"https:\/\/www.comreg.ie\/ga\/tionsclaiocht\/ceadunu\/rabhchan-aimsiuchain-phearsanta\/","title":{"rendered":"Rabhch\u00e1n Aimsi\u00fach\u00e1in Phearsanta"},"content":{"rendered":"<h2><span lang=\"en\">Personal Locator Beacons<span lang=\"ga\"><\/h2>\n<p><span lang=\"en\">Personal Locator Beacons, or PLBs, are portable radio transmitters, which aid the Search and Rescue (SAR) emergency services in the detection and location of persons in distress. These devices operate in a similar manner to Emergency Position Indicating Radio Beacon (EPIRBs) onboard vessels and Emergency Locator Transmitters (ELTs) onboard aircraft.<\/p>\n<p>When used correctly and registered the PLB helps to identify the owner and their location to the emergency services.<\/p>\n<p>Only PLBs that are programmed with the Irish country code may be registered with ComReg. All PLBs programmed with the Irish country code have a serial number beginning with 1F4E. PLBs that have any other country code programmed into them cannot be registered.<\/p>\n<p>Please note that all information provided is forwarded to the Irish Coast Guard.<br \/>\nTo register a PLB or to amend existing details please click on the link below.<\/p>\n<p><a href=\"https:\/\/serviceregister.comreg.ie\/\" target=\"_blank\" title=\"This link will open in a new window\" rel=\"noopener noreferrer\">Register a PLB <\/a><span lang=\"ga\"><\/p>\n","protected":false},"excerpt":{"rendered":"<p>Personal Locator Beacons Personal Locator Beacons, or PLBs, are portable radio transmitters, which aid the Search and Rescue (SAR) emergency services in the detection and &hellip; <a href=\"https:\/\/www.comreg.ie\/ga\/tionsclaiocht\/ceadunu\/rabhchan-aimsiuchain-phearsanta\/\"><\/a><\/p>\n","protected":false},"author":31,"featured_media":0,"parent":90294,"menu_order":5,"comment_status":"closed","ping_status":"closed","template":"templates\/template-topic-pages-noanchors.php","meta":{"_acf_changed":false,"_relevanssi_hide_post":"","_relevanssi_hide_content":"","_relevanssi_pin_for_all":"","_relevanssi_pin_keywords":"","_relevanssi_unpin_keywords":"","_relevanssi_related_keywords":"","_relevanssi_related_include_ids":"","_relevanssi_related_exclude_ids":"","_relevanssi_related_no_append":"","_relevanssi_related_not_related":"","_relevanssi_related_posts":"","_relevanssi_noindex_reason":"","footnotes":"","_wp_rev_ctl_limit":""},"class_list":["post-90387","page","type-page","status-publish","hentry"],"acf":[],"aioseo_notices":[],"_links":{"self":[{"href":"https:\/\/www.comreg.ie\/ga\/wp-json\/wp\/v2\/pages\/90387","targetHints":{"allow":["GET"]}}],"collection":[{"href":"https:\/\/www.comreg.ie\/ga\/wp-json\/wp\/v2\/pages"}],"about":[{"href":"https:\/\/www.comreg.ie\/ga\/wp-json\/wp\/v2\/types\/page"}],"author":[{"embeddable":true,"href":"https:\/\/www.comreg.ie\/ga\/wp-json\/wp\/v2\/users\/31"}],"replies":[{"embeddable":true,"href":"https:\/\/www.comreg.ie\/ga\/wp-json\/wp\/v2\/comments?post=90387"}],"version-history":[{"count":0,"href":"https:\/\/www.comreg.ie\/ga\/wp-json\/wp\/v2\/pages\/90387\/revisions"}],"up":[{"embeddable":true,"href":"https:\/\/www.comreg.ie\/ga\/wp-json\/wp\/v2\/pages\/90294"}],"wp:attachment":[{"href":"https:\/\/www.comreg.ie\/ga\/wp-json\/wp\/v2\/media?parent=90387"}],"curies":[{"name":"wp","href":"https:\/\/api.w.org\/{rel}","templated":true}]}}