{"id":90401,"date":"2016-03-07T11:25:39","date_gmt":"2016-03-07T11:25:10","guid":{"rendered":"http:\/\/comreg.ie.grigore"},"modified":"2021-10-02T18:14:54","modified_gmt":"2021-10-02T18:14:54","slug":"plean-miniciochta-raidio","status":"publish","type":"page","link":"https:\/\/www.comreg.ie\/ga\/tionsclaiocht\/speictream-raidio\/plean-miniciochta-raidio\/","title":{"rendered":"Plean Minic\u00edochta Raidi\u00f3 d&#8217;\u00c9irinn"},"content":{"rendered":"<h2 id=\"z410\">Radio Frequency plan\u00a0for Ireland<\/h2>\n<div class=\"ArticleSpan\">\n<p>Under the Communications Regulation Act (2002) ComReg is obliged to publish a Radio Frequency Plan (\u201cPlan\u201d). The Radio Frequency Plan is comprised of a set of tables indicating the services to which each frequency band is allocated (\u201cfrequency allocations\u201d) in the radio spectrum and is an essential tool for users of radio frequencies.<\/p>\n<p><a title=\"This link will open in a new window\" href=\"https:\/\/www.comreg.ie\/?dlm_download=radio-frequency-plan-for-ireland-5\" target=\"_blank\" rel=\"noopener noreferrer\">ComReg document\u00a013\/118R<\/a> contains the Radio Frequency Plan at\u00a0Monday, 14th July 2014. References to relevant radio spectrum information which have occurred since\u00a0this date are provided below.<\/p>\n<p>The tables in the Plan cover the frequency range from 9 kilohertz (kHz) to 1000 Gigahertz (GHz) divided into the following sections:<\/p>\n<ul>\n<li>9 kHz to 27 500 kHz<\/li>\n<li>27.5 MHz to 10 000 MHz<\/li>\n<li>10 GHz to 1000 GHz<\/li>\n<\/ul>\n<p>For each frequency band the types of radio services that are permitted for operation and those radio services that are currently in use in that band are detailed.<\/p>\n<p>In addition, the International Telecommunication Union (ITU) Allocations applicable to Ireland and the associated European Common Allocation (from <a title=\"This link will open in a new window\" href=\"http:\/\/www.ero.dk\/documentation\/docs\/doc98\/official\/pdf\/ERCREP025.PDF\" target=\"_blank\" rel=\"noopener noreferrer\">ERC Report 025<\/a>) for each frequency band are outlined, along with applicable national and European legislation, relevant European Decisions and Recommendations and ComReg documentation.<\/p>\n<p>The Radio Frequency Plan will be updated annually to facilitate the introduction of new radio services and to remove allocations for redundant radio services that have been phased out. Amendments will also be made to align the document to any new international agreements reached on spectrum utilisation, e.g. at World Radiocommunication Conferences (WRCs) of the ITU or within CEPT or the European Union.<\/p>\n<h3><strong>Links to other relevant information<\/strong><\/h3>\n<p><a title=\"This link will open in a new window\" href=\"https:\/\/www.comreg.ie\/?dlm_download=radio-frequency-plan-for-ireland-5\" target=\"_blank\" rel=\"noopener noreferrer\">ComReg document\u00a013\/118R<\/a>\u00a0represents a \u2018snap-shot\u2019 of the radio frequency situation in Ireland as of\u00a0Monday, 14th July 2014. However, changes to the frequency plan are made on an ongoing basis at both a national and international level.<\/p>\n<p>To obtain references to relevant radio spectrum information which have occurred since the last\u00a0update, users are advised to refer to the websites listed below.<\/p>\n<p>Please note that web addresses are referenced here for convenience only. ComReg is not responsible for the content of external websites.<\/p>\n<ul>\n<li>All ComReg Publications are available to download from the <a title=\"This link will open in a new window\" href=\"\/publications\/\" target=\"_blank\" rel=\"noopener noreferrer\">ComReg website<\/a>. The filter menu on this page allows you to search for relevant ComReg documents.<\/li>\n<li>Irish Legislation is available to download from the <a title=\"This link will open in a new window\" href=\"http:\/\/www.irishstatutebook.ie\/\" target=\"_blank\" rel=\"noopener noreferrer\">Irish Statute Book website<\/a>.<\/li>\n<li>A list of European Commission Directives, Decisions and Recommendations relevant to Radio Spectrum is maintained at the <a title=\"This link will open in a new window\" href=\"http:\/\/ec.europa.eu\/information_society\/policy\/radio_spectrum\/index_en.htm\" target=\"_blank\" rel=\"noopener noreferrer\">European Commission\u2019s Radio Spectrum Policy webpage<\/a>.<\/li>\n<li>All CEPT ERC\/ECC Decisions are available to download from the European Radiocommunications Office\u2019s (ERO\u2019s) <a title=\"This link will open in a new window\" href=\"http:\/\/www.erodocdb.dk\/doks\/doccategoryECC.aspx?doccatid=1\" target=\"_blank\" rel=\"noopener noreferrer\">CEPT ECC\/ERC\/ECTR Decisions<\/a>webpage.<\/li>\n<li>All CEPT Recommendations are available to download from the ERO\u2019s <a title=\"This link will open in a new window\" href=\"http:\/\/www.erodocdb.dk\/doks\/doccategoryECC.aspx?doccatid=2\" target=\"_blank\" rel=\"noopener noreferrer\">CEPT ECC\/ERC\/ECTRA Recommendations<\/a>webpage.<\/li>\n<li>CEPT Agreements are available to download from ERO website, under the menu \u201cDeliverables\u201d choose \u201cAgreements\u201d.<\/li>\n<li>ITU documentation is available to download from the <a title=\"This link will open in a new window\" href=\"http:\/\/www.itu.int\/ITU-R\/index.asp\" target=\"_blank\" rel=\"noopener noreferrer\">ITU-Radiocommunications<\/a>\u00a0website.<\/li>\n<\/ul>\n<\/div>\n","protected":false},"excerpt":{"rendered":"<p>Radio Frequency plan\u00a0for Ireland Under the Communications Regulation Act (2002) ComReg is obliged to publish a Radio Frequency Plan (\u201cPlan\u201d). The Radio Frequency Plan is &hellip; <a href=\"https:\/\/www.comreg.ie\/ga\/tionsclaiocht\/speictream-raidio\/plean-miniciochta-raidio\/\"><\/a><\/p>\n","protected":false},"author":31,"featured_media":0,"parent":90296,"menu_order":4,"comment_status":"closed","ping_status":"closed","template":"templates\/template-topic-pages-noanchors.php","meta":{"_acf_changed":false,"_relevanssi_hide_post":"","_relevanssi_hide_content":"","_relevanssi_pin_for_all":"","_relevanssi_pin_keywords":"","_relevanssi_unpin_keywords":"","_relevanssi_related_keywords":"","_relevanssi_related_include_ids":"","_relevanssi_related_exclude_ids":"","_relevanssi_related_no_append":"","_relevanssi_related_not_related":"","_relevanssi_related_posts":"","_relevanssi_noindex_reason":"","footnotes":"","_wp_rev_ctl_limit":""},"class_list":["post-90401","page","type-page","status-publish","hentry"],"acf":[],"aioseo_notices":[],"_links":{"self":[{"href":"https:\/\/www.comreg.ie\/ga\/wp-json\/wp\/v2\/pages\/90401","targetHints":{"allow":["GET"]}}],"collection":[{"href":"https:\/\/www.comreg.ie\/ga\/wp-json\/wp\/v2\/pages"}],"about":[{"href":"https:\/\/www.comreg.ie\/ga\/wp-json\/wp\/v2\/types\/page"}],"author":[{"embeddable":true,"href":"https:\/\/www.comreg.ie\/ga\/wp-json\/wp\/v2\/users\/31"}],"replies":[{"embeddable":true,"href":"https:\/\/www.comreg.ie\/ga\/wp-json\/wp\/v2\/comments?post=90401"}],"version-history":[{"count":0,"href":"https:\/\/www.comreg.ie\/ga\/wp-json\/wp\/v2\/pages\/90401\/revisions"}],"up":[{"embeddable":true,"href":"https:\/\/www.comreg.ie\/ga\/wp-json\/wp\/v2\/pages\/90296"}],"wp:attachment":[{"href":"https:\/\/www.comreg.ie\/ga\/wp-json\/wp\/v2\/media?parent=90401"}],"curies":[{"name":"wp","href":"https:\/\/api.w.org\/{rel}","templated":true}]}}