{"id":90402,"date":"2016-03-07T11:42:47","date_gmt":"2016-03-07T11:42:47","guid":{"rendered":"http:\/\/comreg.ie.grigore"},"modified":"2021-10-02T18:15:54","modified_gmt":"2021-10-02T18:15:54","slug":"dioluine-ceadunais","status":"publish","type":"page","link":"https:\/\/www.comreg.ie\/ga\/tionsclaiocht\/speictream-raidio\/dioluine-ceadunais\/","title":{"rendered":"D\u00edol\u00faine Cead\u00fanais"},"content":{"rendered":"<p>Unless licence exempt, all wireless telegraphy equipment requires a <a href=\"http:\/\/comreg.ie\/industry\/radio-spectrum\/licensing\/\">licence<\/a>.<\/p>\n<p>In Ireland, there are a large number of radio systems which are exempt from licensing.<\/p>\n<p>Licence exempt radio equipment operates on a <strong>non-interference, non-protected basis<\/strong> and in radio spectrum that is <strong>shared<\/strong> with other radio devices.<\/p>\n<p>Licence exempt equipment may not cause interference to other devices and may not claim protection from any interference received.<\/p>\n<p>Additional specific conditions may be included for licence exempt radio equipment. Please check the relevant document as indicated in the list of licence exemptions.<\/p>\n","protected":false},"excerpt":{"rendered":"<p>Unless licence exempt, all wireless telegraphy equipment requires a licence. In Ireland, there are a large number of radio systems which are exempt from licensing. &hellip; <a href=\"https:\/\/www.comreg.ie\/ga\/tionsclaiocht\/speictream-raidio\/dioluine-ceadunais\/\"><\/a><\/p>\n","protected":false},"author":31,"featured_media":0,"parent":90296,"menu_order":4,"comment_status":"closed","ping_status":"closed","template":"templates\/template-topic-pages-noanchors.php","meta":{"_acf_changed":false,"_relevanssi_hide_post":"","_relevanssi_hide_content":"","_relevanssi_pin_for_all":"","_relevanssi_pin_keywords":"","_relevanssi_unpin_keywords":"","_relevanssi_related_keywords":"","_relevanssi_related_include_ids":"","_relevanssi_related_exclude_ids":"","_relevanssi_related_no_append":"","_relevanssi_related_not_related":"","_relevanssi_related_posts":"","_relevanssi_noindex_reason":"","footnotes":"","_wp_rev_ctl_limit":""},"class_list":["post-90402","page","type-page","status-publish","hentry"],"acf":[],"aioseo_notices":[],"_links":{"self":[{"href":"https:\/\/www.comreg.ie\/ga\/wp-json\/wp\/v2\/pages\/90402","targetHints":{"allow":["GET"]}}],"collection":[{"href":"https:\/\/www.comreg.ie\/ga\/wp-json\/wp\/v2\/pages"}],"about":[{"href":"https:\/\/www.comreg.ie\/ga\/wp-json\/wp\/v2\/types\/page"}],"author":[{"embeddable":true,"href":"https:\/\/www.comreg.ie\/ga\/wp-json\/wp\/v2\/users\/31"}],"replies":[{"embeddable":true,"href":"https:\/\/www.comreg.ie\/ga\/wp-json\/wp\/v2\/comments?post=90402"}],"version-history":[{"count":0,"href":"https:\/\/www.comreg.ie\/ga\/wp-json\/wp\/v2\/pages\/90402\/revisions"}],"up":[{"embeddable":true,"href":"https:\/\/www.comreg.ie\/ga\/wp-json\/wp\/v2\/pages\/90296"}],"wp:attachment":[{"href":"https:\/\/www.comreg.ie\/ga\/wp-json\/wp\/v2\/media?parent=90402"}],"curies":[{"name":"wp","href":"https:\/\/api.w.org\/{rel}","templated":true}]}}