{"id":90403,"date":"2016-04-12T09:48:00","date_gmt":"2016-04-12T09:48:00","guid":{"rendered":"http:\/\/comreg.ie.grigore"},"modified":"2021-10-02T18:18:13","modified_gmt":"2021-10-02T18:18:13","slug":"tastail-triail","status":"publish","type":"page","link":"https:\/\/www.comreg.ie\/ga\/tionsclaiocht\/speictream-raidio\/tastail-triail\/","title":{"rendered":"T\u00e1st\u00e1il &#038; Triail \u00c9ireann"},"content":{"rendered":"<p>ComReg\u2019s Test &amp; Trial Ireland supports wireless research and development in Ireland.<\/p>\n<ul>\n<li>Be quick to market&#8230;,<\/li>\n<li>Act on early mover advantages&#8230;,<\/li>\n<li>Save costs and increase margins&#8230;,<\/li>\n<li>Test wireless blueprints for export to global markets&#8230;,<\/li>\n<li>Showcase inventive research to create spin off opportunities&#8230;,<\/li>\n<li>Trial wireless products for European or \u00a0global markets, or both&#8230;,<\/li>\n<\/ul>\n<p>Find out what\u00a0difference ComReg\u2019s Test and Trial Ireland service can make to your wireless business by viewing our short video:<\/p>\n<p><iframe loading=\"lazy\" width=\"100%\" height=\"640\" src=\"https:\/\/www.youtube.com\/embed\/gcKRk4fU5zE\" frameborder=\"0\" allowfullscreen><\/iframe><\/p>\n<p>Interested? \u00a0\u00a0\u00a0\u00a0\u00a0\u00a0 Visit\u00a0<a href=\"http:\/\/www.testandtrial.ie\/\" target=\"_blank\" title=\"This link will open in a new window\" rel=\"noopener noreferrer\">http:\/\/www.testandtrial.ie\/<\/a><\/p>\n","protected":false},"excerpt":{"rendered":"<p>ComReg\u2019s Test &amp; Trial Ireland supports wireless research and development in Ireland. Be quick to market&#8230;, Act on early mover advantages&#8230;, Save costs and increase &hellip; <a href=\"https:\/\/www.comreg.ie\/ga\/tionsclaiocht\/speictream-raidio\/tastail-triail\/\"><\/a><\/p>\n","protected":false},"author":31,"featured_media":0,"parent":90296,"menu_order":6,"comment_status":"closed","ping_status":"closed","template":"templates\/template-topic-pages-noanchors.php","meta":{"_acf_changed":false,"_relevanssi_hide_post":"","_relevanssi_hide_content":"","_relevanssi_pin_for_all":"","_relevanssi_pin_keywords":"","_relevanssi_unpin_keywords":"","_relevanssi_related_keywords":"","_relevanssi_related_include_ids":"","_relevanssi_related_exclude_ids":"","_relevanssi_related_no_append":"","_relevanssi_related_not_related":"","_relevanssi_related_posts":"","_relevanssi_noindex_reason":"","footnotes":"","_wp_rev_ctl_limit":""},"class_list":["post-90403","page","type-page","status-publish","hentry"],"acf":[],"aioseo_notices":[],"_links":{"self":[{"href":"https:\/\/www.comreg.ie\/ga\/wp-json\/wp\/v2\/pages\/90403","targetHints":{"allow":["GET"]}}],"collection":[{"href":"https:\/\/www.comreg.ie\/ga\/wp-json\/wp\/v2\/pages"}],"about":[{"href":"https:\/\/www.comreg.ie\/ga\/wp-json\/wp\/v2\/types\/page"}],"author":[{"embeddable":true,"href":"https:\/\/www.comreg.ie\/ga\/wp-json\/wp\/v2\/users\/31"}],"replies":[{"embeddable":true,"href":"https:\/\/www.comreg.ie\/ga\/wp-json\/wp\/v2\/comments?post=90403"}],"version-history":[{"count":0,"href":"https:\/\/www.comreg.ie\/ga\/wp-json\/wp\/v2\/pages\/90403\/revisions"}],"up":[{"embeddable":true,"href":"https:\/\/www.comreg.ie\/ga\/wp-json\/wp\/v2\/pages\/90296"}],"wp:attachment":[{"href":"https:\/\/www.comreg.ie\/ga\/wp-json\/wp\/v2\/media?parent=90403"}],"curies":[{"name":"wp","href":"https:\/\/api.w.org\/{rel}","templated":true}]}}