{"id":90426,"date":"2016-03-07T11:02:00","date_gmt":"2016-03-07T11:02:00","guid":{"rendered":"http:\/\/comreg.ie.grigore"},"modified":"2021-10-02T18:20:28","modified_gmt":"2021-10-02T18:20:28","slug":"tuarascalacha-radaiochta-neamhianuchain","status":"publish","type":"page","link":"https:\/\/www.comreg.ie\/ga\/tionsclaiocht\/speictream-raidio\/amharcoir-suimh-2\/tuarascalacha-radaiochta-neamhianuchain\/","title":{"rendered":"Tuarasc\u00e1lacha ar Rada\u00edochta Neamhian\u00fach\u00e1in"},"content":{"rendered":"<h2><span lang=\"en\">Non-Ionising Radiation\u00a0Information<\/span><\/h2>\n<p><span lang=\"en\">The Non-Ionising radiation reports are also available on <a href=\"http:\/\/siteviewer.comreg.ie\/\" target=\"_blank\" title=\"This link will open in a new window\" rel=\"noopener noreferrer\">Siteviewer<\/a>\u00a0and on the <a href=\"https:\/\/www.comreg.ie\/nir-reports\/\">NIR Report <\/a>page.<\/p>\n<p>The Department of the Environment, Community and Local Government is responsible for the health effects of non-ionising radiation including electromagnetic fields.<\/p>\n<p>ComReg\u2019s role in relation to Non-Ionising Radiation is solely to ensure that licensed operators comply with their licence condition and do not exceed the emissions levels established by the International Commission on Non-Ionizing Radiation Protection (ICNIRP).<\/p>\n<p>The Dept of Environment has posted Frequently Asked Questions on its website in relation to health and Non Ionising Radiation.<\/p>\n<p>The Dept of the Environment website :<a href=\"http:\/\/www.environ.ie\/en\/Environment\/EnvironmentalRadiation\/ElectromagneticFieldsFAQ\/\" target=\"_blank\" title=\"This link will open in a new window\" rel=\"noopener noreferrer\"> http:\/\/www.environ.ie\/en\/Environment\/EnvironmentalRadiation\/ElectromagneticFieldsFAQ\/<\/a><\/span><\/p>\n","protected":false},"excerpt":{"rendered":"<p>Non-Ionising Radiation\u00a0Information The Non-Ionising radiation reports are also available on Siteviewer\u00a0and on the NIR Report page. The Department of the Environment, Community and Local Government &hellip; <a href=\"https:\/\/www.comreg.ie\/ga\/tionsclaiocht\/speictream-raidio\/amharcoir-suimh-2\/tuarascalacha-radaiochta-neamhianuchain\/\"><\/a><\/p>\n","protected":false},"author":31,"featured_media":0,"parent":90404,"menu_order":1,"comment_status":"closed","ping_status":"closed","template":"templates\/template-topic-pages-noanchors.php","meta":{"_acf_changed":false,"_relevanssi_hide_post":"","_relevanssi_hide_content":"","_relevanssi_pin_for_all":"","_relevanssi_pin_keywords":"","_relevanssi_unpin_keywords":"","_relevanssi_related_keywords":"","_relevanssi_related_include_ids":"","_relevanssi_related_exclude_ids":"","_relevanssi_related_no_append":"","_relevanssi_related_not_related":"","_relevanssi_related_posts":"","_relevanssi_noindex_reason":"","footnotes":"","_wp_rev_ctl_limit":""},"class_list":["post-90426","page","type-page","status-publish","hentry"],"acf":[],"aioseo_notices":[],"_links":{"self":[{"href":"https:\/\/www.comreg.ie\/ga\/wp-json\/wp\/v2\/pages\/90426","targetHints":{"allow":["GET"]}}],"collection":[{"href":"https:\/\/www.comreg.ie\/ga\/wp-json\/wp\/v2\/pages"}],"about":[{"href":"https:\/\/www.comreg.ie\/ga\/wp-json\/wp\/v2\/types\/page"}],"author":[{"embeddable":true,"href":"https:\/\/www.comreg.ie\/ga\/wp-json\/wp\/v2\/users\/31"}],"replies":[{"embeddable":true,"href":"https:\/\/www.comreg.ie\/ga\/wp-json\/wp\/v2\/comments?post=90426"}],"version-history":[{"count":0,"href":"https:\/\/www.comreg.ie\/ga\/wp-json\/wp\/v2\/pages\/90426\/revisions"}],"up":[{"embeddable":true,"href":"https:\/\/www.comreg.ie\/ga\/wp-json\/wp\/v2\/pages\/90404"}],"wp:attachment":[{"href":"https:\/\/www.comreg.ie\/ga\/wp-json\/wp\/v2\/media?parent=90426"}],"curies":[{"name":"wp","href":"https:\/\/api.w.org\/{rel}","templated":true}]}}