{"id":90445,"date":"2016-03-07T11:16:49","date_gmt":"2016-03-07T11:16:49","guid":{"rendered":"http:\/\/comreg.ie.grigore"},"modified":"2021-10-02T13:15:03","modified_gmt":"2021-10-02T13:15:03","slug":"cinnti-anailise-dualgais-smp","status":"publish","type":"page","link":"https:\/\/www.comreg.ie\/ga\/tionsclaiocht\/cumarsaid-leictreonach\/margaidh-rialaithe-iomaiocht\/cinnti-anailise-dualgais-smp\/","title":{"rendered":"Cinnt\u00ed anail\u00edse margaidh \u00e1bharach &#038; dualgais SMP"},"content":{"rendered":"<p><span lang=\"en\">Specific ComReg decisions relating to each of the SMP regulated markets are identified below. Brief <a href=\"\/industry\/electronic-communications\/market-analysis\/regulated-markets\/\">description of these markets<\/a>.<\/p>\n<p>ComReg identifies how these markets relate to the various European Commission recommendations according to the reference\u00a0 \u201cMarket Number\u201d\/\u201dYear of Recommendation\u201d. For example, \u201c01\/2007\u201d is Market 1 identified in the European Commission\u2019s 2007 Recommendation.<\/p>\n<p>It should also be noted that the analysis of markets identified in the European Commission&#8217;s 2014 Recommendation <a href=\"\/industry\/electronic-communications\/regulated-markets-competition\/ongoing-market-reviews\/\">are currently underway<\/a>. Therefore, the existing decisions refer to markets identified in 2007 Recommendation (e.g. Wholesale Physical Network Infrastructure Access (04\/2007) and Wholesale Broadband Access (05\/2007).<\/p>\n<p>&nbsp;<\/p>\n<table class=\" aligncenter\">\n<thead>\n<tr>\n<td width=\"301\">\n<p style=\"text-align: center;\"><strong>SMP Regulated Market<\/strong><\/p>\n<\/td>\n<\/tr>\n<\/thead>\n<tbody>\n<tr>\n<td width=\"301\"><a href=\"\/csv\/downloads\/Market%203%20-%20Table%20of%20SMP%20Obligations%20-%2016%20January%202015.pdf\" target=\"_blank\" title=\"This link will open in a new window\" rel=\"noopener noreferrer\">Wholesale Call Termination on Individual Public Telephone Networks Provided at a Fixed Location (01\/2014)<\/a><\/td>\n<\/tr>\n<tr>\n<td width=\"301\"><a href=\"http:\/\/www.comreg.ie\/media\/2016\/03\/Wholesale-Voice-Call-Termination-on-Individual-Mobile-Networks-022014-1.pdf\" rel=\"\">Wholesale Voice Call Termination on Individual Mobile Networks (02\/2014)<\/a><\/td>\n<\/tr>\n<tr>\n<td width=\"301\"><a href=\"http:\/\/www.comreg.ie\/media\/2016\/03\/Market-4-Table-of-SMP-Obligations-3-July-2016.pdf\" target=\"_blank\" title=\"This link will open in a new window\" rel=\"noopener noreferrer\">Wholesale local access provided at a fixed location (03a\/2014)<\/a><\/td>\n<\/tr>\n<tr>\n<td width=\"301\"><a href=\"http:\/\/www.comreg.ie\/media\/2016\/03\/Market-5-Table-of-SMP-Obligations-3-July-2016.pdf\" target=\"_blank\" title=\"This link will open in a new window\" rel=\"noopener noreferrer\">Wholesale central access provided at a fixed location for mass-market products (03b\/2014)<\/a><\/td>\n<\/tr>\n<tr>\n<td width=\"301\"><a href=\"\/csv\/downloads\/Market%206%20-%20Table%20of%20SMP%20Obligations%20-%2016%20January%202015.pdf\" target=\"_blank\" title=\"This link will open in a new window\" rel=\"noopener noreferrer\">Wholesale high-quality access provided at a fixed location (04\/2014)<\/a><\/td>\n<\/tr>\n<tr>\n<td width=\"301\"><a href=\"\/csv\/downloads\/Market%201%20-%20Table%20of%20SMP%20Obligations%20-%2024%20July%202015.pdf\" target=\"_blank\" title=\"This link will open in a new window\" rel=\"noopener noreferrer\">Retail Access to The Public Telephone Network at a Fixed Location (01\/2007)<\/a><\/td>\n<\/tr>\n<tr>\n<td width=\"301\"><a href=\"http:\/\/www.comreg.ie\/media\/2016\/03\/Market-2-Table-of-SMP-Obligations-3-July-2016.pdf\" target=\"_blank\" title=\"This link will open in a new window\" rel=\"noopener noreferrer\">Wholesale Call Origination on the Public Telephone Network Provided at a Fixed Location (02\/2007)<\/a><\/td>\n<\/tr>\n<tr>\n<td width=\"301\"><a href=\"\/csv\/downloads\/Broadcasting%20Market%20A%20-%20Table%20of%20SMP%20Obligations%20-%2016%20January%202015-.pdf\" target=\"_blank\" title=\"This link will open in a new window\" rel=\"noopener noreferrer\">Broadcasting Market A &#8211; Wholesale Access to National Terrestrial Broadcast Transmission Services (18\/2003)<\/a><\/td>\n<\/tr>\n<tr>\n<td width=\"301\"><a href=\"\/csv\/downloads\/Broadcasting%20Market%20B%20-%20Table%20of%20SMP%20Obligations%20-%2016%20January%202015.pdf\" target=\"_blank\" title=\"This link will open in a new window\" rel=\"noopener noreferrer\">Broadcasting Market B &#8211; Wholesale Access to DTT Multiplexing Services (18\/2003)<\/a><\/td>\n<\/tr>\n<\/tbody>\n<\/table>\n<p><\/span><br \/>\n&nbsp;<\/p>\n","protected":false},"excerpt":{"rendered":"<p>Specific ComReg decisions relating to each of the SMP regulated markets are identified below. Brief description of these markets. ComReg identifies how these markets relate &hellip; <a href=\"https:\/\/www.comreg.ie\/ga\/tionsclaiocht\/cumarsaid-leictreonach\/margaidh-rialaithe-iomaiocht\/cinnti-anailise-dualgais-smp\/\"><\/a><\/p>\n","protected":false},"author":31,"featured_media":0,"parent":90394,"menu_order":1,"comment_status":"closed","ping_status":"closed","template":"templates\/template-topic-pages-noanchors.php","meta":{"_acf_changed":false,"_relevanssi_hide_post":"","_relevanssi_hide_content":"","_relevanssi_pin_for_all":"","_relevanssi_pin_keywords":"","_relevanssi_unpin_keywords":"","_relevanssi_related_keywords":"","_relevanssi_related_include_ids":"","_relevanssi_related_exclude_ids":"","_relevanssi_related_no_append":"","_relevanssi_related_not_related":"","_relevanssi_related_posts":"","_relevanssi_noindex_reason":"","footnotes":"","_wp_rev_ctl_limit":""},"class_list":["post-90445","page","type-page","status-publish","hentry"],"acf":[],"aioseo_notices":[],"_links":{"self":[{"href":"https:\/\/www.comreg.ie\/ga\/wp-json\/wp\/v2\/pages\/90445","targetHints":{"allow":["GET"]}}],"collection":[{"href":"https:\/\/www.comreg.ie\/ga\/wp-json\/wp\/v2\/pages"}],"about":[{"href":"https:\/\/www.comreg.ie\/ga\/wp-json\/wp\/v2\/types\/page"}],"author":[{"embeddable":true,"href":"https:\/\/www.comreg.ie\/ga\/wp-json\/wp\/v2\/users\/31"}],"replies":[{"embeddable":true,"href":"https:\/\/www.comreg.ie\/ga\/wp-json\/wp\/v2\/comments?post=90445"}],"version-history":[{"count":0,"href":"https:\/\/www.comreg.ie\/ga\/wp-json\/wp\/v2\/pages\/90445\/revisions"}],"up":[{"embeddable":true,"href":"https:\/\/www.comreg.ie\/ga\/wp-json\/wp\/v2\/pages\/90394"}],"wp:attachment":[{"href":"https:\/\/www.comreg.ie\/ga\/wp-json\/wp\/v2\/media?parent=90445"}],"curies":[{"name":"wp","href":"https:\/\/api.w.org\/{rel}","templated":true}]}}