{"id":90448,"date":"2016-03-07T11:16:49","date_gmt":"2016-03-07T11:16:49","guid":{"rendered":"http:\/\/comreg.ie.grigore"},"modified":"2021-10-02T13:18:06","modified_gmt":"2021-10-02T13:18:06","slug":"caipeisi-comhairliuchain-abhartha","status":"publish","type":"page","link":"https:\/\/www.comreg.ie\/ga\/tionsclaiocht\/cumarsaid-leictreonach\/margaidh-rialaithe-iomaiocht\/caipeisi-comhairliuchain-abhartha\/","title":{"rendered":"C\u00e1ip\u00e9is\u00ed Comhairli\u00fach\u00e1in \u00e1bhartha"},"content":{"rendered":"<p><span lang=\"en\">Table below sets out legislation and guidance documents that are relevant to ComReg Market Analysis and Competition Law activities:<\/p>\n<p>&nbsp;<\/p>\n<table>\n<thead>\n<tr>\n<td width=\"188\"><strong>Document Name<\/strong><\/td>\n<td width=\"187\"><strong>Author<\/strong><\/td>\n<td width=\"226\"><strong>Link<\/strong><\/td>\n<\/tr>\n<\/thead>\n<tbody>\n<tr>\n<td width=\"188\">Communications Regulation Act, 2002 (No. 20 of 2002)<\/td>\n<td width=\"187\">Government of Ireland<\/td>\n<td width=\"226\">\u00a0<a href=\"http:\/\/comreg.ie\/about\/legislation\/\">Download Document<\/a><\/td>\n<\/tr>\n<tr>\n<td width=\"188\">Directive 2002\/21\/EC of the European Parliament and of the Council of 7 March 2002 on a common regulatory framework for electronic communications networks and services (Framework Directive)<\/td>\n<td width=\"187\">The European Commission<\/td>\n<td width=\"226\">\u00a0<a href=\"http:\/\/comreg.ie\/about\/legislation\/\">Download Document<\/a><\/td>\n<\/tr>\n<tr>\n<td width=\"188\">SI No. 333 of 2011 European Communities (Electronic Communications Networks and Services) (Framework) Regulations 2011<\/td>\n<td width=\"187\">Department for Communications, Energy and Natural Resources<\/td>\n<td width=\"226\">\u00a0<a href=\"http:\/\/comreg.ie\/about\/legislation\/\">Download Document<\/a><\/td>\n<\/tr>\n<tr>\n<td width=\"188\">SI No. 334 of 2011 European Communities (Electronic Communications Networks and Services) (Access) Regulations 2011<\/td>\n<td width=\"187\">Department for Communications, Energy and Natural Resources<\/td>\n<td width=\"226\">\u00a0<a href=\"http:\/\/comreg.ie\/about\/legislation\/\">Download Document<\/a><\/td>\n<\/tr>\n<tr>\n<td width=\"188\">S.I. No. 224 of 2007 Communications Regulation (Amendment) Act, 2007 (Commencement) Order, 2007<\/td>\n<td width=\"187\">Department for Communications, Energy and Natural Resources<\/td>\n<td width=\"226\">\u00a0<a href=\"http:\/\/comreg.ie\/about\/legislation\/\">Download Document<\/a><\/td>\n<\/tr>\n<tr>\n<td width=\"188\">2014 Recommendation on Relevant Products and Service Markets<\/td>\n<td width=\"187\">The European Commission<\/td>\n<td width=\"226\"><a href=\"https:\/\/ec.europa.eu\/digital-agenda\/en\/news\/commission-recommendation-relevant-product-and-service-markets-within-electronic-communications\" target=\"_blank\" title=\"This link will open in a new window\" rel=\"noopener noreferrer\">Document Download<\/a><\/td>\n<\/tr>\n<tr>\n<td width=\"188\">Explanatory Note accompanying the 2014 Recommendation on Relevant Products and Service Markets<\/td>\n<td width=\"187\">The European Commission<\/td>\n<td width=\"226\"><a href=\"https:\/\/ec.europa.eu\/digital-agenda\/en\/news\/commission-recommendation-relevant-product-and-service-markets-within-electronic-communications\" target=\"_blank\" title=\"This link will open in a new window\" rel=\"noopener noreferrer\">Document Download<\/a><\/td>\n<\/tr>\n<tr>\n<td width=\"188\">European Commission guidelines on market analysis and the assessment of significant market power under the Community regulatory framework for electronic networks and services<\/td>\n<td width=\"187\">The European Commission<\/td>\n<td width=\"226\"><a href=\"http:\/\/eur-lex.europa.eu\/LexUriServ\/LexUriServ.do?uri=OJ:C:2002:165:0006:0031:EN:PDF\" target=\"_blank\" title=\"This link will open in a new window\" rel=\"noopener noreferrer\">Document Download<\/a><\/td>\n<\/tr>\n<tr>\n<td width=\"188\">2007 Recommendation on Relevant Products and Service Markets<\/td>\n<td width=\"187\">The European Commission<\/td>\n<td width=\"226\"><a href=\"http:\/\/eur-lex.europa.eu\/legal-content\/EN\/TXT\/PDF\/?uri=CELEX:32007H0879&amp;from=EN\" target=\"_blank\" title=\"This link will open in a new window\" rel=\"noopener noreferrer\">Document Download<\/a><\/td>\n<\/tr>\n<tr>\n<td width=\"188\">2005 Accounting Separation and Cost Accounting Recommendation<\/td>\n<td width=\"187\">The European Commission<\/td>\n<td width=\"226\"><a href=\"http:\/\/eur-lex.europa.eu\/LexUriServ\/LexUriServ.do?uri=OJ:L:2005:266:0064:0069:EN:PDF\" target=\"_blank\" title=\"This link will open in a new window\" rel=\"noopener noreferrer\">Document Download<\/a><\/td>\n<\/tr>\n<tr>\n<td width=\"188\">Commission notice on the definition of relevant market for the purposes of Community competition law<\/td>\n<td width=\"187\">The European Commission<\/td>\n<td width=\"226\"><a href=\"http:\/\/eur-lex.europa.eu\/LexUriServ\/LexUriServ.do?uri=CELEX:31997Y1209(01):EN:HTML\" target=\"_blank\" title=\"This link will open in a new window\" rel=\"noopener noreferrer\">Document Download<\/a><\/td>\n<\/tr>\n<tr>\n<td width=\"188\">BEREC Common Position on geographic aspects of market analysis (definition and remedies)<\/td>\n<td width=\"187\">Body of European Regulators for Electronic Communications<\/td>\n<td width=\"226\"><a href=\"http:\/\/berec.europa.eu\/eng\/document_register\/subject_matter\/berec\/regulatory_best_practices\/common_approaches_positions\/4439-berec-common-position-on-geographic-aspects-of-market-analysis-definition-and-remedies\" target=\"_blank\" title=\"This link will open in a new window\" rel=\"noopener noreferrer\">Document Download<\/a><\/td>\n<\/tr>\n<tr>\n<td width=\"188\">BEREC Common position on best practices in remedies as a consequence of a SMP position<\/td>\n<td width=\"187\">Body of European Regulators for Electronic Communications<\/td>\n<td width=\"226\">\n<p><a href=\"http:\/\/berec.europa.eu\/eng\/document_register\/subject_matter\/berec\/regulatory_best_practices\/common_approaches_positions\/1127-revised-berec-common-position-on-best-practice-in-remedies-on-the-market-for-wholesale-physical-network-infrastructure-access-including-shared-or-fully-unbundled-access-at-a-fixed-location-imposed-as-a-consequence-of-a-position-of-significant-market-power-in-the-relevant-market\" target=\"_blank\" title=\"This link will open in a new window\" rel=\"noopener noreferrer\">Wholesale local access provided at a fixed location (03a\/2014)<\/a><\/p>\n<p><a href=\"http:\/\/berec.europa.eu\/eng\/document_register\/subject_matter\/berec\/regulatory_best_practices\/common_approaches_positions\/1126-revised-berec-common-position-on-best-practice-in-remedies-on-the-market-for-wholesale-broadband-access-including-bitstream-access-imposed-as-a-consequence-of-a-position-of-significant-market-power-in-the-relevant-market\" target=\"_blank\" title=\"This link will open in a new window\" rel=\"noopener noreferrer\">Wholesale central access provided at a fixed location for mass-market products (03b\/2014)<\/a><\/p>\n<p><a href=\"http:\/\/berec.europa.eu\/eng\/document_register\/subject_matter\/berec\/regulatory_best_practices\/common_approaches_positions\/1096-revised-berec-common-position-on-best-practices-in-remedies-as-a-consequence-of-a-smp-position-in-the-relevant-markets-for-wholesale-leased-lines\" target=\"_blank\" title=\"This link will open in a new window\" rel=\"noopener noreferrer\">Wholesale high-quality access provided at a fixed location (04\/2014)<\/a><\/td>\n<\/tr>\n<\/tbody>\n<\/table>\n<p><\/span><br \/>\n&nbsp;<\/p>\n","protected":false},"excerpt":{"rendered":"<p>Table below sets out legislation and guidance documents that are relevant to ComReg Market Analysis and Competition Law activities: &nbsp; Document Name Author Link Communications &hellip; <a href=\"https:\/\/www.comreg.ie\/ga\/tionsclaiocht\/cumarsaid-leictreonach\/margaidh-rialaithe-iomaiocht\/caipeisi-comhairliuchain-abhartha\/\"><\/a><\/p>\n","protected":false},"author":31,"featured_media":0,"parent":90394,"menu_order":4,"comment_status":"closed","ping_status":"closed","template":"templates\/template-topic-pages-noanchors.php","meta":{"_acf_changed":false,"_relevanssi_hide_post":"","_relevanssi_hide_content":"","_relevanssi_pin_for_all":"","_relevanssi_pin_keywords":"","_relevanssi_unpin_keywords":"","_relevanssi_related_keywords":"","_relevanssi_related_include_ids":"","_relevanssi_related_exclude_ids":"","_relevanssi_related_no_append":"","_relevanssi_related_not_related":"","_relevanssi_related_posts":"","_relevanssi_noindex_reason":"","footnotes":"","_wp_rev_ctl_limit":""},"class_list":["post-90448","page","type-page","status-publish","hentry"],"acf":[],"aioseo_notices":[],"_links":{"self":[{"href":"https:\/\/www.comreg.ie\/ga\/wp-json\/wp\/v2\/pages\/90448","targetHints":{"allow":["GET"]}}],"collection":[{"href":"https:\/\/www.comreg.ie\/ga\/wp-json\/wp\/v2\/pages"}],"about":[{"href":"https:\/\/www.comreg.ie\/ga\/wp-json\/wp\/v2\/types\/page"}],"author":[{"embeddable":true,"href":"https:\/\/www.comreg.ie\/ga\/wp-json\/wp\/v2\/users\/31"}],"replies":[{"embeddable":true,"href":"https:\/\/www.comreg.ie\/ga\/wp-json\/wp\/v2\/comments?post=90448"}],"version-history":[{"count":0,"href":"https:\/\/www.comreg.ie\/ga\/wp-json\/wp\/v2\/pages\/90448\/revisions"}],"up":[{"embeddable":true,"href":"https:\/\/www.comreg.ie\/ga\/wp-json\/wp\/v2\/pages\/90394"}],"wp:attachment":[{"href":"https:\/\/www.comreg.ie\/ga\/wp-json\/wp\/v2\/media?parent=90448"}],"curies":[{"name":"wp","href":"https:\/\/api.w.org\/{rel}","templated":true}]}}