{"id":90457,"date":"2016-03-07T11:18:39","date_gmt":"2016-03-07T11:18:07","guid":{"rendered":"http:\/\/comreg.ie.grigore"},"modified":"2021-10-02T12:59:15","modified_gmt":"2021-10-02T12:59:15","slug":"tuarascalacha-phriomhshonrai-raithiula","status":"publish","type":"page","link":"https:\/\/www.comreg.ie\/ga\/tionsclaiocht\/cumarsaid-leictreonach\/faisneis-mhargaidh\/tuarascalacha-phriomhshonrai-raithiula\/","title":{"rendered":"Tuarasc\u00e1lacha Phr\u00edomhshonra\u00ed R\u00e1ithi\u00fala"},"content":{"rendered":"<h2><strong>Quarterly Key Data Reports<\/strong><\/h2>\n<p>The table below contains links to\u00a0the latest Quarterly Key Data Reports (QKDR) and QKDR Memorandums (explanatory notes). Historical reports can be found in our <a href=\"http:\/\/comreg.ie\/publications\/\">Publications section.<\/a><\/p>\n<table>\n<tbody>\n<tr>\n<td width=\"141\"><strong>Quarter<\/strong><\/td>\n<td width=\"115\"><strong>Q1 2016<\/strong><\/td>\n<td width=\"115\"><strong>Q2 2016<\/strong><\/td>\n<td width=\"116\"><strong>Q3 2016<\/strong><\/td>\n<td width=\"115\"><strong>Q4 2016<\/strong><\/td>\n<\/tr>\n<tr>\n<td width=\"141\"><strong>QKDR<\/strong><\/td>\n<td width=\"115\"><a href=\"https:\/\/www.comreg.ie\/?dlm_download=quarterly-key-data-report-r-q1-2016\">ComReg Doc. 16\/48r<\/a><\/td>\n<td width=\"115\">\u00a0<a href=\"https:\/\/www.comreg.ie\/?dlm_download=quarterly-key-data-report-q2-2016\">ComReg Doc. 16\/76r<\/a><\/td>\n<td width=\"116\"><a href=\"https:\/\/www.comreg.ie\/publication\/quarterly-key-data-report-q3-2016\/\">ComReg Doc. 16\/108r<\/a><\/td>\n<td width=\"115\"><a href=\"https:\/\/www.comreg.ie\/publication\/irish-communications-market-quarterly-key-data-report-data-q4-2016\/\">ComReg Doc. 17\/15r<\/a><\/td>\n<\/tr>\n<tr>\n<td width=\"141\"><strong>QKDR Memorandum<\/strong><\/td>\n<td width=\"115\"><a href=\"https:\/\/www.comreg.ie\/?dlm_download=quarterly-key-data-report-q1-2016-memorandum\">ComReg Doc. 16\/48a<\/a><\/td>\n<td width=\"115\"><a href=\"https:\/\/www.comreg.ie\/?dlm_download=quarterly-key-data-report-q2-2016-memorandum\">ComReg Doc. 16\/76a<\/a><\/td>\n<td width=\"116\"><a href=\"https:\/\/www.comreg.ie\/publication\/quarterly-key-data-report-memorandum-q3-2016\/\">ComReg Doc. 16\/108a<\/a><\/td>\n<td width=\"115\"><a href=\"https:\/\/www.comreg.ie\/publication\/irish-communications-market-quarterly-key-data-report-data-q4-2016-2\/\">ComReg Doc. 17\/15a<\/a><\/td>\n<\/tr>\n<\/tbody>\n<\/table>\n<h2><\/h2>\n<p>&nbsp;<\/p>\n<h2><strong>QKDR Timetable<\/strong><\/h2>\n<p>The table below sets out key dates for QKDR respondents as well as provisional publication dates for the periods Q1 2017 &#8211; Q4 2017.<\/p>\n<table style=\"height: 309px;\" width=\"794\">\n<tbody>\n<tr>\n<td width=\"149\"><strong>Quarter<\/strong><\/td>\n<td width=\"154\"><strong>Q1 2017<\/strong><\/td>\n<td width=\"167\"><strong>Q2 2017<\/strong><\/td>\n<td width=\"159\"><strong>Q3 2017<\/strong><\/td>\n<td width=\"158\"><strong>Q4 2017<\/strong><\/td>\n<\/tr>\n<tr>\n<td width=\"149\"><strong>Questionnaires issued to operators<\/strong><\/td>\n<td style=\"text-align: center;\" width=\"154\">\u00a0Wed. 22<sup>nd<\/sup> Mar. 2017<\/td>\n<td width=\"167\">\u00a0Wed. 21<sup>st<\/sup> June 2017<\/td>\n<td width=\"159\">\u00a0Wed. 20<sup>th<\/sup> Sept. 2017<\/td>\n<td width=\"158\">\u00a0Wed. 20<sup>th<\/sup>\u00a0Dec. 2017<\/td>\n<\/tr>\n<tr>\n<td width=\"149\"><strong>Deadline for submission of requested data<\/strong><\/td>\n<td width=\"154\">\u00a0Wed.\u00a010<sup>th<\/sup> May 2017<\/td>\n<td width=\"167\">\u00a0Wed. 9<sup>th<\/sup> Aug. 2017<\/td>\n<td width=\"159\">\u00a0 Wed. 8<sup>th<\/sup> Nov. 2017<\/td>\n<td width=\"158\">\u00a0Wed. 7<sup>th<\/sup> Feb. 2018<\/td>\n<\/tr>\n<tr>\n<td width=\"149\"><strong>Publication of Quarterly Key Data Report<\/strong><\/td>\n<td width=\"154\">\u00a0Thur. 8<sup>th<\/sup> June 2017<\/td>\n<td width=\"167\">\u00a0Thur. 7<sup>th<\/sup> Sept. 2017<\/td>\n<td width=\"159\">\u00a0 Thur. 7<sup>th<\/sup> Dec. 2017<\/td>\n<td width=\"158\">\u00a0Thur. 8<sup>th<\/sup> Mar. 2018<\/td>\n<\/tr>\n<\/tbody>\n<\/table>\n<p>&nbsp;<\/p>\n","protected":false},"excerpt":{"rendered":"<p>Quarterly Key Data Reports The table below contains links to\u00a0the latest Quarterly Key Data Reports (QKDR) and QKDR Memorandums (explanatory notes). Historical reports can be &hellip; <a href=\"https:\/\/www.comreg.ie\/ga\/tionsclaiocht\/cumarsaid-leictreonach\/faisneis-mhargaidh\/tuarascalacha-phriomhshonrai-raithiula\/\"><\/a><\/p>\n","protected":false},"author":31,"featured_media":0,"parent":90397,"menu_order":0,"comment_status":"closed","ping_status":"closed","template":"templates\/template-topic-pages-noanchors.php","meta":{"_acf_changed":false,"_relevanssi_hide_post":"","_relevanssi_hide_content":"","_relevanssi_pin_for_all":"","_relevanssi_pin_keywords":"","_relevanssi_unpin_keywords":"","_relevanssi_related_keywords":"","_relevanssi_related_include_ids":"","_relevanssi_related_exclude_ids":"","_relevanssi_related_no_append":"","_relevanssi_related_not_related":"","_relevanssi_related_posts":"","_relevanssi_noindex_reason":"","footnotes":"","_wp_rev_ctl_limit":""},"class_list":["post-90457","page","type-page","status-publish","hentry"],"acf":[],"aioseo_notices":[],"_links":{"self":[{"href":"https:\/\/www.comreg.ie\/ga\/wp-json\/wp\/v2\/pages\/90457","targetHints":{"allow":["GET"]}}],"collection":[{"href":"https:\/\/www.comreg.ie\/ga\/wp-json\/wp\/v2\/pages"}],"about":[{"href":"https:\/\/www.comreg.ie\/ga\/wp-json\/wp\/v2\/types\/page"}],"author":[{"embeddable":true,"href":"https:\/\/www.comreg.ie\/ga\/wp-json\/wp\/v2\/users\/31"}],"replies":[{"embeddable":true,"href":"https:\/\/www.comreg.ie\/ga\/wp-json\/wp\/v2\/comments?post=90457"}],"version-history":[{"count":0,"href":"https:\/\/www.comreg.ie\/ga\/wp-json\/wp\/v2\/pages\/90457\/revisions"}],"up":[{"embeddable":true,"href":"https:\/\/www.comreg.ie\/ga\/wp-json\/wp\/v2\/pages\/90397"}],"wp:attachment":[{"href":"https:\/\/www.comreg.ie\/ga\/wp-json\/wp\/v2\/media?parent=90457"}],"curies":[{"name":"wp","href":"https:\/\/api.w.org\/{rel}","templated":true}]}}