{"id":90461,"date":"2016-03-07T11:28:37","date_gmt":"2016-03-07T11:28:37","guid":{"rendered":"http:\/\/comreg.ie.grigore"},"modified":"2016-11-15T12:30:18","modified_gmt":"2016-11-15T12:30:18","slug":"riomhcheadunu","status":"publish","type":"page","link":"https:\/\/www.comreg.ie\/ga\/tionsclaiocht\/speictream-raidio\/ceadunu\/riomhcheadunu\/","title":{"rendered":"R\u00edomhchead\u00fan\u00fa"},"content":{"rendered":"<h2>eLicensing<\/h2>\n<p>ComReg&#8217;s eLicensing website <a href=\"https:\/\/www.elicensing.comreg.ie\/login.aspx\" target=\"_blank\" title=\"This link will open in a new window\">https:\/\/www.elicensing.comreg.ie\/login.aspx <\/a>allows\u00a0you to;<\/p>\n<ul>\n<li>make on-line payments,<\/li>\n<li>manage existing licences,<\/li>\n<li>Apply for an Aircraft Station Licence,<\/li>\n<li>Apply for a Radio Link licence.<\/li>\n<\/ul>\n<p>&nbsp;<\/p>\n","protected":false},"excerpt":{"rendered":"<p>eLicensing ComReg&#8217;s eLicensing website https:\/\/www.elicensing.comreg.ie\/login.aspx allows\u00a0you to; make on-line payments, manage existing licences, Apply for an Aircraft Station Licence, Apply for a Radio Link licence. &hellip; <a href=\"https:\/\/www.comreg.ie\/ga\/tionsclaiocht\/speictream-raidio\/ceadunu\/riomhcheadunu\/\"><\/a><\/p>\n","protected":false},"author":31,"featured_media":0,"parent":90398,"menu_order":1,"comment_status":"closed","ping_status":"closed","template":"","meta":{"_acf_changed":false,"_relevanssi_hide_post":"","_relevanssi_hide_content":"","_relevanssi_pin_for_all":"","_relevanssi_pin_keywords":"","_relevanssi_unpin_keywords":"","_relevanssi_related_keywords":"","_relevanssi_related_include_ids":"","_relevanssi_related_exclude_ids":"","_relevanssi_related_no_append":"","_relevanssi_related_not_related":"","_relevanssi_related_posts":"","_relevanssi_noindex_reason":"","footnotes":"","_wp_rev_ctl_limit":""},"class_list":["post-90461","page","type-page","status-publish","hentry"],"acf":[],"aioseo_notices":[],"_links":{"self":[{"href":"https:\/\/www.comreg.ie\/ga\/wp-json\/wp\/v2\/pages\/90461","targetHints":{"allow":["GET"]}}],"collection":[{"href":"https:\/\/www.comreg.ie\/ga\/wp-json\/wp\/v2\/pages"}],"about":[{"href":"https:\/\/www.comreg.ie\/ga\/wp-json\/wp\/v2\/types\/page"}],"author":[{"embeddable":true,"href":"https:\/\/www.comreg.ie\/ga\/wp-json\/wp\/v2\/users\/31"}],"replies":[{"embeddable":true,"href":"https:\/\/www.comreg.ie\/ga\/wp-json\/wp\/v2\/comments?post=90461"}],"version-history":[{"count":0,"href":"https:\/\/www.comreg.ie\/ga\/wp-json\/wp\/v2\/pages\/90461\/revisions"}],"up":[{"embeddable":true,"href":"https:\/\/www.comreg.ie\/ga\/wp-json\/wp\/v2\/pages\/90398"}],"wp:attachment":[{"href":"https:\/\/www.comreg.ie\/ga\/wp-json\/wp\/v2\/media?parent=90461"}],"curies":[{"name":"wp","href":"https:\/\/api.w.org\/{rel}","templated":true}]}}