{"id":90465,"date":"2016-03-07T11:32:43","date_gmt":"2016-03-07T11:32:43","guid":{"rendered":"http:\/\/comreg.ie.grigore"},"modified":"2024-11-30T03:58:25","modified_gmt":"2024-11-30T03:58:25","slug":"sabhailteacht-tairgi","status":"publish","type":"page","link":"https:\/\/www.comreg.ie\/ga\/tionsclaiocht\/sabhailteacht-tairgi\/","title":{"rendered":"S\u00e1bh\u00e1ilteacht T\u00e1irg\u00ed"},"content":{"rendered":"","protected":false},"excerpt":{"rendered":"","protected":false},"author":31,"featured_media":0,"parent":90293,"menu_order":2,"comment_status":"closed","ping_status":"closed","template":"templates\/template-product-safety.php","meta":{"_acf_changed":false,"_relevanssi_hide_post":"","_relevanssi_hide_content":"","_relevanssi_pin_for_all":"","_relevanssi_pin_keywords":"","_relevanssi_unpin_keywords":"","_relevanssi_related_keywords":"","_relevanssi_related_include_ids":"","_relevanssi_related_exclude_ids":"","_relevanssi_related_no_append":"","_relevanssi_related_not_related":"","_relevanssi_related_posts":"","_relevanssi_noindex_reason":"","footnotes":"","_wp_rev_ctl_limit":""},"class_list":["post-90465","page","type-page","status-publish","hentry","page_category-industry"],"acf":[],"aioseo_notices":[],"_links":{"self":[{"href":"https:\/\/www.comreg.ie\/ga\/wp-json\/wp\/v2\/pages\/90465","targetHints":{"allow":["GET"]}}],"collection":[{"href":"https:\/\/www.comreg.ie\/ga\/wp-json\/wp\/v2\/pages"}],"about":[{"href":"https:\/\/www.comreg.ie\/ga\/wp-json\/wp\/v2\/types\/page"}],"author":[{"embeddable":true,"href":"https:\/\/www.comreg.ie\/ga\/wp-json\/wp\/v2\/users\/31"}],"replies":[{"embeddable":true,"href":"https:\/\/www.comreg.ie\/ga\/wp-json\/wp\/v2\/comments?post=90465"}],"version-history":[{"count":5,"href":"https:\/\/www.comreg.ie\/ga\/wp-json\/wp\/v2\/pages\/90465\/revisions"}],"predecessor-version":[{"id":132267,"href":"https:\/\/www.comreg.ie\/ga\/wp-json\/wp\/v2\/pages\/90465\/revisions\/132267"}],"up":[{"embeddable":true,"href":"https:\/\/www.comreg.ie\/ga\/wp-json\/wp\/v2\/pages\/90293"}],"wp:attachment":[{"href":"https:\/\/www.comreg.ie\/ga\/wp-json\/wp\/v2\/media?parent=90465"}],"curies":[{"name":"wp","href":"https:\/\/api.w.org\/{rel}","templated":true}]}}