{"id":90479,"date":"2016-04-12T12:03:32","date_gmt":"2016-04-12T12:03:32","guid":{"rendered":"http:\/\/comreg.ie.grigore"},"modified":"2024-11-05T15:05:21","modified_gmt":"2024-11-05T15:05:21","slug":"chaitheann-post-dheanamh","status":"publish","type":"page","link":"https:\/\/www.comreg.ie\/ga\/comhairle-eolas\/forbhreathnu-ar-an-bpost\/chaitheann-post-dheanamh\/","title":{"rendered":"Cad a chaitheann An Post a dh\u00e9anamh?"},"content":{"rendered":"<h2>Cad a chaitheann An Post a dh\u00e9anamh?<\/h2>\n<p><span lang=\"en\"><span class=\"TextRun SCXW55393480 BCX8\" lang=\"EN-IE\" xml:lang=\"EN-IE\" data-contrast=\"auto\"><span class=\"NormalTextRun SpellingErrorV2Themed SCXW55393480 BCX8\">T\u00e1<\/span> <span class=\"NormalTextRun ContextualSpellingAndGrammarErrorV2Themed SCXW55393480 BCX8\">An<\/span><span class=\"NormalTextRun SCXW55393480 BCX8\"> Post <\/span><span class=\"NormalTextRun SpellingErrorV2Themed SCXW55393480 BCX8\">ainmnithe<\/span><span class=\"NormalTextRun SCXW55393480 BCX8\"> go <\/span><span class=\"NormalTextRun SpellingErrorV2Themed SCXW55393480 BCX8\">dt\u00ed<\/span><span class=\"NormalTextRun SCXW55393480 BCX8\"> 2023 mar <\/span><span class=\"NormalTextRun ContextualSpellingAndGrammarErrorV2Themed SCXW55393480 BCX8\">an<\/span> <span class=\"NormalTextRun SpellingErrorV2Themed SCXW55393480 BCX8\">sol\u00e1thra\u00ed<\/span> <span class=\"NormalTextRun SpellingErrorV2Themed SCXW55393480 BCX8\">seirbh\u00edse<\/span> <span class=\"NormalTextRun SpellingErrorV2Themed SCXW55393480 BCX8\">poist<\/span> <span class=\"NormalTextRun SpellingErrorV2Themed SCXW55393480 BCX8\">uilechoitinne<\/span><span class=\"NormalTextRun SCXW55393480 BCX8\"> leis an Acht um <\/span><span class=\"NormalTextRun SpellingErrorV2Themed SCXW55393480 BCX8\">Rial\u00e1il<\/span> <span class=\"NormalTextRun SpellingErrorV2Themed SCXW55393480 BCX8\">Cumars\u00e1ide<\/span><span class=\"NormalTextRun SCXW55393480 BCX8\"> (<\/span><span class=\"NormalTextRun SpellingErrorV2Themed SCXW55393480 BCX8\">Seirbh\u00eds\u00ed<\/span><span class=\"NormalTextRun SCXW55393480 BCX8\"> Poist), 2011 <\/span><\/span>(<a title=\"This link will open in a new window\" href=\"http:\/\/www.irishstatutebook.ie\/2011\/en\/act\/pub\/0021\/index.html\" target=\"_blank\" rel=\"noopener\">Acht 2011<\/a>).<\/span><\/p>\n<h3><span class=\"TextRun SCXW98843256 BCX8\" lang=\"EN-IE\" xml:lang=\"EN-IE\" data-contrast=\"auto\"><span class=\"NormalTextRun SpellingErrorV2Themed SCXW98843256 BCX8\">Baili\u00fa<\/span> <span class=\"NormalTextRun SpellingErrorV2Themed SCXW98843256 BCX8\">agus<\/span> <span class=\"NormalTextRun SpellingErrorV2Themed SCXW98843256 BCX8\">seachadadh<\/span><\/span><span class=\"EOP SCXW98843256 BCX8\" data-ccp-props=\"{}\">\u00a0<\/span><\/h3>\n<p><span class=\"TextRun SCXW98945070 BCX8\" lang=\"EN-IE\" xml:lang=\"EN-IE\" data-contrast=\"auto\"><span class=\"NormalTextRun SCXW98945070 BCX8\">N\u00ed<\/span> <span class=\"NormalTextRun SpellingErrorV2Themed SCXW98945070 BCX8\">m\u00f3r<\/span><span class=\"NormalTextRun SCXW98945070 BCX8\"> do <\/span><span class=\"NormalTextRun ContextualSpellingAndGrammarErrorV2Themed SCXW98945070 BCX8\">An<\/span><span class=\"NormalTextRun SCXW98945070 BCX8\"> Post a <\/span><span class=\"NormalTextRun SpellingErrorV2Themed SCXW98945070 BCX8\">chinnti\u00fa<\/span><span class=\"NormalTextRun SCXW98945070 BCX8\"> go <\/span><span class=\"NormalTextRun SpellingErrorV2Themed SCXW98945070 BCX8\">gcuirtear<\/span> <span class=\"NormalTextRun SpellingErrorV2Themed SCXW98945070 BCX8\">baili\u00fach\u00e1n<\/span> <span class=\"NormalTextRun SpellingErrorV2Themed SCXW98945070 BCX8\">amh\u00e1in<\/span> <span class=\"NormalTextRun SCXW98945070 BCX8\">ar<\/span><span class=\"NormalTextRun SCXW98945070 BCX8\"> a <\/span><span class=\"NormalTextRun SCXW98945070 BCX8\">laghad<\/span> <span class=\"NormalTextRun SCXW98945070 BCX8\">agus<\/span> <span class=\"NormalTextRun SCXW98945070 BCX8\">seachadadh<\/span> <span class=\"NormalTextRun SCXW98945070 BCX8\">amh\u00e1in<\/span> <span class=\"NormalTextRun SCXW98945070 BCX8\">ar<\/span> <span class=\"NormalTextRun SCXW98945070 BCX8\">f\u00e1il<\/span> <span class=\"NormalTextRun SCXW98945070 BCX8\">gach<\/span> <span class=\"NormalTextRun SCXW98945070 BCX8\">l\u00e1<\/span> <span class=\"NormalTextRun SCXW98945070 BCX8\">oibre<\/span><span class=\"NormalTextRun SCXW98945070 BCX8\"> do <\/span><span class=\"NormalTextRun SCXW98945070 BCX8\">theach<\/span> <span class=\"NormalTextRun SCXW98945070 BCX8\">n\u00f3<\/span> <span class=\"NormalTextRun SCXW98945070 BCX8\">d&#8217;\u00e1itreabh<\/span> <span class=\"NormalTextRun SCXW98945070 BCX8\">gach<\/span> <span class=\"NormalTextRun SCXW98945070 BCX8\">duine<\/span> <span class=\"NormalTextRun SCXW98945070 BCX8\">i<\/span> <span class=\"NormalTextRun SCXW98945070 BCX8\">bPoblacht<\/span> <span class=\"NormalTextRun SCXW98945070 BCX8\">na<\/span> <span class=\"NormalTextRun SCXW98945070 BCX8\">h\u00c9ireann<\/span><span class=\"NormalTextRun SCXW98945070 BCX8\">; <\/span><span class=\"NormalTextRun SCXW98945070 BCX8\">agus<\/span><span class=\"NormalTextRun SCXW98945070 BCX8\"> go <\/span><span class=\"NormalTextRun SCXW98945070 BCX8\">gcuirtear<\/span> <span class=\"NormalTextRun SCXW98945070 BCX8\">roinnt<\/span> <span class=\"NormalTextRun SCXW98945070 BCX8\">seirbh\u00eds\u00ed<\/span> <span class=\"NormalTextRun SCXW98945070 BCX8\">poist<\/span> <span class=\"NormalTextRun SCXW98945070 BCX8\">uil\u00edocha<\/span> <span class=\"NormalTextRun SCXW98945070 BCX8\">\u00e1irithe<\/span> <span class=\"NormalTextRun SCXW98945070 BCX8\">ar<\/span> <span class=\"NormalTextRun SCXW98945070 BCX8\">f\u00e1il<\/span><span class=\"NormalTextRun SCXW98945070 BCX8\"> \u2013<\/span><\/span>\u00a0\u00a0<a href=\"https:\/\/www.comreg.ie\/industry\/postal-regulation\/regulation-of-an-post\/regulation-of-services\/\">faigh<\/a> <span class=\"TextRun SCXW120524645 BCX8\" lang=\"EN-IE\" xml:lang=\"EN-IE\" data-contrast=\"auto\"><span class=\"NormalTextRun SCXW120524645 BCX8\">tuilleadh<\/span> <span class=\"NormalTextRun SCXW120524645 BCX8\">eolais<\/span> <span class=\"NormalTextRun SCXW120524645 BCX8\">ar<\/span> <span class=\"NormalTextRun SCXW120524645 BCX8\">Rial\u00e1il<\/span> <span class=\"NormalTextRun SCXW120524645 BCX8\">Sheirbh\u00eds\u00ed<\/span> <span class=\"NormalTextRun SCXW120524645 BCX8\">An<\/span><span class=\"NormalTextRun SCXW120524645 BCX8\"> Post.<\/span><\/span><span class=\"EOP SCXW120524645 BCX8\" data-ccp-props=\"{}\">\u00a0<\/span><\/p>\n<p><span class=\"TextRun SCXW153623496 BCX8\" lang=\"EN-IE\" xml:lang=\"EN-IE\" data-contrast=\"auto\"><span class=\"NormalTextRun SCXW153623496 BCX8\">Socra\u00edodh<\/span> <span class=\"NormalTextRun SCXW153623496 BCX8\">caighde\u00e1in<\/span> <span class=\"NormalTextRun SCXW153623496 BCX8\">feidhm\u00edochta<\/span><span class=\"NormalTextRun SCXW153623496 BCX8\"> 94% do <\/span><span class=\"NormalTextRun SCXW153623496 BCX8\">sheachadadh<\/span><span class=\"NormalTextRun SCXW153623496 BCX8\"> an <\/span><span class=\"NormalTextRun SCXW153623496 BCX8\">ch\u00e9ad<\/span> <span class=\"NormalTextRun SpellingErrorV2Themed SCXW153623496 BCX8\">lae<\/span> <span class=\"NormalTextRun SpellingErrorV2Themed SCXW153623496 BCX8\">oibre<\/span> <span class=\"NormalTextRun SpellingErrorV2Themed SCXW153623496 BCX8\">eile<\/span><span class=\"NormalTextRun SCXW153623496 BCX8\"> (&#8220;D+1&#8221;) <\/span><span class=\"NormalTextRun SpellingErrorV2Themed SCXW153623496 BCX8\">agus<\/span><span class=\"NormalTextRun SCXW153623496 BCX8\"> 99.5% <\/span><span class=\"NormalTextRun SpellingErrorV2Themed SCXW153623496 BCX8\">lena<\/span> <span class=\"NormalTextRun SpellingErrorV2Themed SCXW153623496 BCX8\">seachadadh<\/span> <span class=\"NormalTextRun SpellingErrorV2Themed SCXW153623496 BCX8\">laistigh<\/span><span class=\"NormalTextRun SCXW153623496 BCX8\"> de <\/span><span class=\"NormalTextRun SpellingErrorV2Themed SCXW153623496 BCX8\">thr\u00ed<\/span> <span class=\"NormalTextRun SpellingErrorV2Themed SCXW153623496 BCX8\">l\u00e1<\/span> <span class=\"NormalTextRun SpellingErrorV2Themed SCXW153623496 BCX8\">\u00f3n<\/span> <span class=\"NormalTextRun SpellingErrorV2Themed SCXW153623496 BCX8\">bpost\u00e1il<\/span><span class=\"NormalTextRun SCXW153623496 BCX8\"> (&#8220;D+3&#8221;) <\/span><span class=\"NormalTextRun SpellingErrorV2Themed SCXW153623496 BCX8\">chun<\/span> <span class=\"NormalTextRun SpellingErrorV2Themed SCXW153623496 BCX8\">m\u00edreanna<\/span> <span class=\"NormalTextRun SpellingErrorV2Themed SCXW153623496 BCX8\">poist<\/span> <span class=\"NormalTextRun SpellingErrorV2Themed SCXW153623496 BCX8\">aon<\/span> <span class=\"NormalTextRun SpellingErrorV2Themed SCXW153623496 BCX8\">ph\u00edosa<\/span><span class=\"NormalTextRun SCXW153623496 BCX8\"> an <\/span><span class=\"NormalTextRun SpellingErrorV2Themed SCXW153623496 BCX8\">Phoist<\/span> <span class=\"NormalTextRun SpellingErrorV2Themed SCXW153623496 BCX8\">sa<\/span> <span class=\"NormalTextRun SpellingErrorV2Themed SCXW153623496 BCX8\">St\u00e1t<\/span><span class=\"NormalTextRun SCXW153623496 BCX8\"> a <\/span><span class=\"NormalTextRun SpellingErrorV2Themed SCXW153623496 BCX8\">sheachadadh<\/span> <span class=\"NormalTextRun SpellingErrorV2Themed SCXW153623496 BCX8\">agus<\/span> <span class=\"NormalTextRun SpellingErrorV2Themed SCXW153623496 BCX8\">d\u00e9antar<\/span> <span class=\"NormalTextRun SpellingErrorV2Themed SCXW153623496 BCX8\">monat\u00f3ireacht<\/span> <span class=\"NormalTextRun SpellingErrorV2Themed SCXW153623496 BCX8\">ar<\/span> <span class=\"NormalTextRun SpellingErrorV2Themed SCXW153623496 BCX8\">fheidhm\u00edocht<\/span> <span class=\"NormalTextRun SpellingErrorV2Themed SCXW153623496 BCX8\">ar<\/span> <span class=\"NormalTextRun SpellingErrorV2Themed SCXW153623496 BCX8\">bhonn<\/span> <span class=\"NormalTextRun SpellingErrorV2Themed SCXW153623496 BCX8\">lean\u00fanach<\/span><span class=\"NormalTextRun SCXW153623496 BCX8\"> \u2013 <\/span><span class=\"NormalTextRun SpellingErrorV2Themed SCXW153623496 BCX8\">faigh<\/span> <span class=\"NormalTextRun SpellingErrorV2Themed SCXW153623496 BCX8\">tuilleadh<\/span> <span class=\"NormalTextRun SpellingErrorV2Themed SCXW153623496 BCX8\">eolais<\/span> <span class=\"NormalTextRun SpellingErrorV2Themed SCXW153623496 BCX8\">ar<\/span> <span class=\"NormalTextRun SpellingErrorV2Themed SCXW153623496 BCX8\">Ch\u00e1il\u00edocht<\/span> <span class=\"NormalTextRun ContextualSpellingAndGrammarErrorV2Themed SCXW153623496 BCX8\">An<\/span><span class=\"NormalTextRun SCXW153623496 BCX8\"> Post a <\/span><span class=\"NormalTextRun SpellingErrorV2Themed SCXW153623496 BCX8\">Rial\u00e1il<\/span><span class=\"NormalTextRun SCXW153623496 BCX8\">.<\/span><\/span><span class=\"EOP SCXW153623496 BCX8\" data-ccp-props=\"{}\">\u00a0<\/span> &#8211; <a href=\"https:\/\/www.comreg.ie\/industry\/postal-regulation\/regulation-of-an-post\/regulation-of-quality\/\">faigh<\/a> <span class=\"TextRun SCXW140284447 BCX8\" lang=\"EN-IE\" xml:lang=\"EN-IE\" data-contrast=\"auto\"><span class=\"NormalTextRun SpellingErrorV2Themed SCXW140284447 BCX8\">tuilleadh<\/span> <span class=\"NormalTextRun SpellingErrorV2Themed SCXW140284447 BCX8\">eolais<\/span> <span class=\"NormalTextRun SpellingErrorV2Themed SCXW140284447 BCX8\">ar<\/span> <span class=\"NormalTextRun SpellingErrorV2Themed SCXW140284447 BCX8\">Ch\u00e1il\u00edocht<\/span> <span class=\"NormalTextRun ContextualSpellingAndGrammarErrorV2Themed SCXW140284447 BCX8\">An<\/span><span class=\"NormalTextRun SCXW140284447 BCX8\"> Post a <\/span><span class=\"NormalTextRun SpellingErrorV2Themed SCXW140284447 BCX8\">Rial\u00e1il<\/span><span class=\"NormalTextRun SCXW140284447 BCX8\">.<\/span><\/span><span class=\"EOP SCXW140284447 BCX8\" data-ccp-props=\"{}\">\u00a0<\/span><\/p>\n<p><b><span data-contrast=\"auto\">Amanna post\u00e1la agus seachadta<\/span><\/b><span data-ccp-props=\"{}\">\u00a0<\/span><\/p>\n<p><span data-contrast=\"auto\">Ag formh\u00f3r na bpoint\u00ed rochtana at\u00e1 ag An Post, is \u00e9 5.30pm Luan go hAoine, seachas laethanta saoire poibl\u00ed, an t-am is d\u00e9ana\u00ed post\u00e1la (LTOP) chun a chinnti\u00fa go mbeidh an ch\u00e9ad l\u00e1 oibre eile ar f\u00e1il ar fud na t\u00edre.<\/span><span data-ccp-props=\"{}\">\u00a0<\/span><\/p>\n<p><span data-contrast=\"auto\">T\u00e1 am post\u00e1la n\u00edos luaithe n\u00f3 n\u00edos d\u00e9ana\u00ed ag roinnt su\u00edomhanna pointe rochtana n\u00e1 5.30pm. Taispe\u00e1nfar an t-am ag an bpointe rochtana. N\u00ed riala\u00edonn ComReg an LTOP do bhaili\u00fach\u00e1in ghn\u00f3.<\/span><span data-ccp-props=\"{}\">\u00a0<\/span><\/p>\n<p><span class=\"TextRun SCXW198829522 BCX8\" lang=\"EN-IE\" xml:lang=\"EN-IE\" data-contrast=\"auto\"><span class=\"NormalTextRun SCXW198829522 BCX8\">N\u00ed<\/span> <span class=\"NormalTextRun SpellingErrorV2Themed SCXW198829522 BCX8\">riala\u00edonn<\/span><span class=\"NormalTextRun SCXW198829522 BCX8\"> ComReg an t-am a <\/span><span class=\"NormalTextRun SpellingErrorV2Themed SCXW198829522 BCX8\">sheachadtar<\/span> <span class=\"NormalTextRun ContextualSpellingAndGrammarErrorV2Themed SCXW198829522 BCX8\">an<\/span><span class=\"NormalTextRun SCXW198829522 BCX8\"> post. Is <\/span><span class=\"NormalTextRun SpellingErrorV2Themed SCXW198829522 BCX8\">cinneadh<\/span> <span class=\"NormalTextRun SpellingErrorV2Themed SCXW198829522 BCX8\">oibr\u00edocht\u00fail<\/span><span class=\"NormalTextRun SCXW198829522 BCX8\"> do <\/span><span class=\"NormalTextRun ContextualSpellingAndGrammarErrorV2Themed SCXW198829522 BCX8\">An<\/span><span class=\"NormalTextRun SCXW198829522 BCX8\"> Post \u00e9 <\/span><span class=\"NormalTextRun SpellingErrorV2Themed SCXW198829522 BCX8\">sceideal\u00fa<\/span><span class=\"NormalTextRun SCXW198829522 BCX8\">, <\/span><span class=\"NormalTextRun SpellingErrorV2Themed SCXW198829522 BCX8\">uaini\u00fa<\/span> <span class=\"NormalTextRun SpellingErrorV2Themed SCXW198829522 BCX8\">agus<\/span> <span class=\"NormalTextRun SpellingErrorV2Themed SCXW198829522 BCX8\">eagr\u00fa<\/span> <span class=\"NormalTextRun SpellingErrorV2Themed SCXW198829522 BCX8\">na<\/span> <span class=\"NormalTextRun SpellingErrorV2Themed SCXW198829522 BCX8\">seachadta\u00ed<\/span> <span class=\"NormalTextRun SpellingErrorV2Themed SCXW198829522 BCX8\">at\u00e1<\/span><span class=\"NormalTextRun SCXW198829522 BCX8\"> le <\/span><span class=\"NormalTextRun SpellingErrorV2Themed SCXW198829522 BCX8\">d\u00e9anamh<\/span> <span class=\"NormalTextRun SpellingErrorV2Themed SCXW198829522 BCX8\">ar<\/span> <span class=\"NormalTextRun SpellingErrorV2Themed SCXW198829522 BCX8\">gach<\/span> <span class=\"NormalTextRun SpellingErrorV2Themed SCXW198829522 BCX8\">l\u00e1<\/span> <span class=\"NormalTextRun SpellingErrorV2Themed SCXW198829522 BCX8\">oibre<\/span><span class=\"NormalTextRun SCXW198829522 BCX8\">.<\/span><\/span><span class=\"EOP SCXW198829522 BCX8\" data-ccp-props=\"{}\">\u00a0<\/span><\/p>\n<p><b><span data-contrast=\"auto\">Seachadta\u00ed caillte<\/span><\/b><span data-ccp-props=\"{}\">\u00a0<\/span><\/p>\n<p><span data-contrast=\"auto\">M\u00e1 chailleann t\u00fa seachadadh agus m\u00e1 choinn\u00edtear d&#8217;earra poist lena baili\u00fa, mar shampla m\u00e1 t\u00e1 ort s\u00edni\u00fa d\u00f3 n\u00f3 m\u00e1 t\u00e1 s\u00e9 r\u00f3mh\u00f3r chun do bhosca litreach a chur in oiri\u00faint, ba cheart duit n\u00f3ta seachadta a fh\u00e1il ag insint duit c\u00e9n \u00e1it agus c\u00e9n uair is f\u00e9idir leat \u00e9 a bhaili\u00fa.<\/span><span data-ccp-props=\"{}\">\u00a0<\/span><\/p>\n<p>&nbsp;<\/p>\n","protected":false},"excerpt":{"rendered":"<p>Cad a chaitheann An Post a dh\u00e9anamh? T\u00e1 An Post ainmnithe go dt\u00ed 2023 mar an sol\u00e1thra\u00ed seirbh\u00edse poist uilechoitinne leis an Acht um Rial\u00e1il &hellip; <a href=\"https:\/\/www.comreg.ie\/ga\/comhairle-eolas\/forbhreathnu-ar-an-bpost\/chaitheann-post-dheanamh\/\"><\/a><\/p>\n","protected":false},"author":31,"featured_media":0,"parent":90269,"menu_order":1,"comment_status":"closed","ping_status":"closed","template":"templates\/template-topic-pages.php","meta":{"_acf_changed":false,"_relevanssi_hide_post":"","_relevanssi_hide_content":"","_relevanssi_pin_for_all":"","_relevanssi_pin_keywords":"","_relevanssi_unpin_keywords":"","_relevanssi_related_keywords":"","_relevanssi_related_include_ids":"","_relevanssi_related_exclude_ids":"","_relevanssi_related_no_append":"","_relevanssi_related_not_related":"","_relevanssi_related_posts":"","_relevanssi_noindex_reason":"","footnotes":"","_wp_rev_ctl_limit":""},"class_list":["post-90479","page","type-page","status-publish","hentry","page_category-consumer"],"acf":[],"aioseo_notices":[],"_links":{"self":[{"href":"https:\/\/www.comreg.ie\/ga\/wp-json\/wp\/v2\/pages\/90479","targetHints":{"allow":["GET"]}}],"collection":[{"href":"https:\/\/www.comreg.ie\/ga\/wp-json\/wp\/v2\/pages"}],"about":[{"href":"https:\/\/www.comreg.ie\/ga\/wp-json\/wp\/v2\/types\/page"}],"author":[{"embeddable":true,"href":"https:\/\/www.comreg.ie\/ga\/wp-json\/wp\/v2\/users\/31"}],"replies":[{"embeddable":true,"href":"https:\/\/www.comreg.ie\/ga\/wp-json\/wp\/v2\/comments?post=90479"}],"version-history":[{"count":2,"href":"https:\/\/www.comreg.ie\/ga\/wp-json\/wp\/v2\/pages\/90479\/revisions"}],"predecessor-version":[{"id":131864,"href":"https:\/\/www.comreg.ie\/ga\/wp-json\/wp\/v2\/pages\/90479\/revisions\/131864"}],"up":[{"embeddable":true,"href":"https:\/\/www.comreg.ie\/ga\/wp-json\/wp\/v2\/pages\/90269"}],"wp:attachment":[{"href":"https:\/\/www.comreg.ie\/ga\/wp-json\/wp\/v2\/media?parent=90479"}],"curies":[{"name":"wp","href":"https:\/\/api.w.org\/{rel}","templated":true}]}}