{"id":90481,"date":"2016-04-12T12:03:32","date_gmt":"2016-04-12T12:03:32","guid":{"rendered":"http:\/\/comreg.ie.grigore"},"modified":"2024-11-12T11:58:27","modified_gmt":"2024-11-12T11:58:27","slug":"post-gan-iarraidh","status":"publish","type":"page","link":"https:\/\/www.comreg.ie\/ga\/comhairle-eolas\/forbhreathnu-ar-an-bpost\/post-gan-iarraidh\/","title":{"rendered":"Post gan iarraidh"},"content":{"rendered":"<h2><span class=\"TextRun SCXW213235317 BCX8\" lang=\"EN-IE\" xml:lang=\"EN-IE\" data-contrast=\"none\"><span class=\"NormalTextRun SCXW213235317 BCX8\" data-ccp-parastyle=\"heading 3\">Cad is <\/span><span class=\"NormalTextRun SpellingErrorV2Themed SCXW213235317 BCX8\" data-ccp-parastyle=\"heading 3\">f\u00e9idir<\/span> <span class=\"NormalTextRun SpellingErrorV2Themed SCXW213235317 BCX8\" data-ccp-parastyle=\"heading 3\">liom<\/span><span class=\"NormalTextRun SCXW213235317 BCX8\" data-ccp-parastyle=\"heading 3\"> a <\/span><span class=\"NormalTextRun SpellingErrorV2Themed SCXW213235317 BCX8\" data-ccp-parastyle=\"heading 3\">dh\u00e9anamh<\/span> <span class=\"NormalTextRun SpellingErrorV2Themed SCXW213235317 BCX8\" data-ccp-parastyle=\"heading 3\">faoi<\/span> <span class=\"NormalTextRun SpellingErrorV2Themed SCXW213235317 BCX8\" data-ccp-parastyle=\"heading 3\">phost<\/span> <span class=\"NormalTextRun SpellingErrorV2Themed SCXW213235317 BCX8\" data-ccp-parastyle=\"heading 3\">gan<\/span> <span class=\"NormalTextRun SpellingErrorV2Themed SCXW213235317 BCX8\" data-ccp-parastyle=\"heading 3\">iarraidh<\/span><span class=\"NormalTextRun SCXW213235317 BCX8\" data-ccp-parastyle=\"heading 3\">?<\/span><\/span><span class=\"EOP SCXW213235317 BCX8\" data-ccp-props=\"{&quot;134245418&quot;:true,&quot;134245529&quot;:true,&quot;335559738&quot;:160,&quot;335559739&quot;:80}\">\u00a0<\/span><\/h2>\n<p><span class=\"TextRun SCXW60874600 BCX8\" lang=\"EN-IE\" xml:lang=\"EN-IE\" data-contrast=\"auto\"><span class=\"NormalTextRun SCXW60874600 BCX8\">N\u00ed <\/span><span class=\"NormalTextRun SpellingErrorV2Themed SCXW60874600 BCX8\">riala\u00edonn<\/span><span class=\"NormalTextRun SCXW60874600 BCX8\"> ComReg post <\/span><span class=\"NormalTextRun SpellingErrorV2Themed SCXW60874600 BCX8\">gan<\/span> <span class=\"NormalTextRun SpellingErrorV2Themed SCXW60874600 BCX8\">iarraidh<\/span><span class=\"NormalTextRun SCXW60874600 BCX8\">, ach <\/span><span class=\"NormalTextRun SpellingErrorV2Themed SCXW60874600 BCX8\">b&#8217;fh\u00e9idir<\/span><span class=\"NormalTextRun SCXW60874600 BCX8\"> gur <\/span><span class=\"NormalTextRun SpellingErrorV2Themed SCXW60874600 BCX8\">mhaith<\/span> <span class=\"NormalTextRun SpellingErrorV2Themed SCXW60874600 BCX8\">leat<\/span> <span class=\"NormalTextRun SpellingErrorV2Themed SCXW60874600 BCX8\">na<\/span> <span class=\"NormalTextRun SpellingErrorV2Themed SCXW60874600 BCX8\">c\u00e9imeanna<\/span> <span class=\"NormalTextRun SpellingErrorV2Themed SCXW60874600 BCX8\">seo<\/span><span class=\"NormalTextRun SCXW60874600 BCX8\"> a <\/span><span class=\"NormalTextRun SpellingErrorV2Themed SCXW60874600 BCX8\">leanas<\/span><span class=\"NormalTextRun SCXW60874600 BCX8\"> a <\/span><span class=\"NormalTextRun SpellingErrorV2Themed SCXW60874600 BCX8\">mheas<\/span> <span class=\"NormalTextRun SpellingErrorV2Themed SCXW60874600 BCX8\">chun<\/span> <span class=\"NormalTextRun SpellingErrorV2Themed SCXW60874600 BCX8\">cabhr\u00fa<\/span><span class=\"NormalTextRun SCXW60874600 BCX8\"> le stop a chur le post <\/span><span class=\"NormalTextRun SpellingErrorV2Themed SCXW60874600 BCX8\">gan<\/span> <span class=\"NormalTextRun SpellingErrorV2Themed SCXW60874600 BCX8\">iarraidh<\/span><span class=\"NormalTextRun SCXW60874600 BCX8\">:<\/span><\/span><span class=\"EOP SCXW60874600 BCX8\" data-ccp-props=\"{}\">\u00a0<\/span><\/p>\n<ul>\n<li><span class=\"TextRun SCXW187199572 BCX8\" lang=\"EN-IE\" xml:lang=\"EN-IE\" data-contrast=\"auto\"><span class=\"NormalTextRun SpellingErrorV2Themed SCXW187199572 BCX8\">Cuir<\/span> <span class=\"NormalTextRun SpellingErrorV2Themed SCXW187199572 BCX8\">gream\u00e1n<\/span> <span class=\"NormalTextRun SpellingErrorV2Themed SCXW187199572 BCX8\">ar<\/span><span class=\"NormalTextRun SCXW187199572 BCX8\"> do <\/span><span class=\"NormalTextRun SpellingErrorV2Themed SCXW187199572 BCX8\">bhosca<\/span> <span class=\"NormalTextRun SCXW187199572 BCX8\">litreach<\/span><span class=\"NormalTextRun SCXW187199572 BCX8\"> a <\/span><span class=\"NormalTextRun SCXW187199572 BCX8\">d<\/span><span class=\"NormalTextRun SCXW187199572 BCX8\">eir<\/span> <span class=\"NormalTextRun SCXW187199572 BCX8\">nach<\/span> <span class=\"NormalTextRun SCXW187199572 BCX8\">dteasta\u00edonn<\/span> <span class=\"NormalTextRun SCXW187199572 BCX8\">uait<\/span><span class=\"NormalTextRun SCXW187199572 BCX8\"> go <\/span><span class=\"NormalTextRun SCXW187199572 BCX8\">seachadfa\u00ed<\/span><span class=\"NormalTextRun SCXW187199572 BCX8\"> post <\/span><span class=\"NormalTextRun SCXW187199572 BCX8\">gan<\/span> <span class=\"NormalTextRun SCXW187199572 BCX8\">seoladh<\/span><span class=\"NormalTextRun SCXW187199572 BCX8\"> (<\/span><span class=\"NormalTextRun SCXW187199572 BCX8\">n\u00f3<\/span><span class=\"NormalTextRun SCXW187199572 BCX8\"> &#8216;<\/span><span class=\"NormalTextRun SCXW187199572 BCX8\">dramhphost<\/span><span class=\"NormalTextRun SCXW187199572 BCX8\">&#8216;) <\/span><span class=\"NormalTextRun SCXW187199572 BCX8\">chugat<\/span><span class=\"NormalTextRun SCXW187199572 BCX8\">. Mar <\/span><span class=\"NormalTextRun SCXW187199572 BCX8\">shampla<\/span><span class=\"NormalTextRun SCXW187199572 BCX8\">, <\/span><span class=\"NormalTextRun SCXW187199572 BCX8\">scr\u00edobh<\/span><span class=\"NormalTextRun SCXW187199572 BCX8\"> &#8216;no unaddressed mail please&#8217;. N\u00ed <\/span><span class=\"NormalTextRun SCXW187199572 BCX8\">g\u00e1<\/span><span class=\"NormalTextRun SCXW187199572 BCX8\"> go <\/span><span class=\"NormalTextRun SCXW187199572 BCX8\">mbeadh<\/span> <span class=\"NormalTextRun SCXW187199572 BCX8\">\u00fas\u00e1id<\/span> <span class=\"NormalTextRun SCXW187199572 BCX8\">sonra\u00ed<\/span> <span class=\"NormalTextRun SCXW187199572 BCX8\">pearsanta<\/span> <span class=\"NormalTextRun SCXW187199572 BCX8\">i<\/span> <span class=\"NormalTextRun SCXW187199572 BCX8\">gceist<\/span><span class=\"NormalTextRun SCXW187199572 BCX8\"> le post <\/span><span class=\"NormalTextRun SCXW187199572 BCX8\">gan<\/span> <span class=\"NormalTextRun SCXW187199572 BCX8\">seoladh<\/span><span class=\"NormalTextRun SCXW187199572 BCX8\"> a <\/span><span class=\"NormalTextRun SCXW187199572 BCX8\">chuirtear<\/span> <span class=\"NormalTextRun SCXW187199572 BCX8\">isteach<\/span> <span class=\"NormalTextRun SCXW187199572 BCX8\">i<\/span><span class=\"NormalTextRun SCXW187199572 BCX8\"> do <\/span><span class=\"NormalTextRun SCXW187199572 BCX8\">bhosca<\/span> <span class=\"NormalTextRun SCXW187199572 BCX8\">litreach<\/span> <span class=\"NormalTextRun SCXW187199572 BCX8\">n\u00f3<\/span> <span class=\"NormalTextRun SCXW187199572 BCX8\">sa<\/span> <span class=\"NormalTextRun SCXW187199572 BCX8\">phost<\/span><span class=\"NormalTextRun SCXW187199572 BCX8\"> a <\/span><span class=\"NormalTextRun SCXW187199572 BCX8\">sheoltar<\/span> <span class=\"NormalTextRun SCXW187199572 BCX8\">chuig<\/span><span class=\"NormalTextRun SCXW187199572 BCX8\"> &#8220;an t-<\/span><span class=\"NormalTextRun SCXW187199572 BCX8\">\u00e1ititheoir<\/span><span class=\"NormalTextRun SCXW187199572 BCX8\">&#8220;, &#8220;an <\/span><span class=\"NormalTextRun SCXW187199572 BCX8\">c\u00f3naitheoir<\/span><span class=\"NormalTextRun SCXW187199572 BCX8\">&#8221; <\/span><span class=\"NormalTextRun SCXW187199572 BCX8\">n\u00f3<\/span><span class=\"NormalTextRun SCXW187199572 BCX8\"> &#8220;<\/span><span class=\"NormalTextRun SCXW187199572 BCX8\">an<\/span> <span class=\"NormalTextRun SCXW187199572 BCX8\">sealbh\u00f3ir<\/span> <span class=\"NormalTextRun SCXW187199572 BCX8\">t\u00ed<\/span><span class=\"NormalTextRun SCXW187199572 BCX8\">&#8221; <\/span><span class=\"NormalTextRun SCXW187199572 BCX8\">agus<\/span> <span class=\"NormalTextRun SCXW187199572 BCX8\">d\u00e1<\/span> <span class=\"NormalTextRun SCXW187199572 BCX8\">bhr\u00ed<\/span><span class=\"NormalTextRun SCXW187199572 BCX8\"> sin <\/span><span class=\"NormalTextRun SCXW187199572 BCX8\">n\u00edl<\/span> <span class=\"NormalTextRun SCXW187199572 BCX8\">feidhm<\/span><span class=\"NormalTextRun SCXW187199572 BCX8\"> ag <\/span><span class=\"NormalTextRun SCXW187199572 BCX8\">an<\/span> <span class=\"NormalTextRun SCXW187199572 BCX8\">reachta\u00edocht<\/span><span class=\"NormalTextRun SCXW187199572 BCX8\"> um <\/span><span class=\"NormalTextRun SCXW187199572 BCX8\">chosaint<\/span> <span class=\"NormalTextRun SCXW187199572 BCX8\">sonra\u00ed<\/span><span class=\"NormalTextRun SCXW187199572 BCX8\">.<\/span><\/span><span class=\"EOP SCXW187199572 BCX8\" data-ccp-props=\"{}\">\u00a0<\/span><\/li>\n<li><span class=\"TextRun SCXW248685308 BCX8\" lang=\"EN-IE\" xml:lang=\"EN-IE\" data-contrast=\"auto\"><span class=\"NormalTextRun SCXW248685308 BCX8\">Chun post a <\/span><span class=\"NormalTextRun SCXW248685308 BCX8\">fhaightear<\/span> <span class=\"NormalTextRun SCXW248685308 BCX8\">tr\u00ed<\/span><span class=\"NormalTextRun SCXW248685308 BCX8\"> do <\/span><span class=\"NormalTextRun SCXW248685308 BCX8\">bhosca<\/span> <span class=\"NormalTextRun SCXW248685308 BCX8\">litreach<\/span><span class=\"NormalTextRun SCXW248685308 BCX8\"> a <\/span><span class=\"NormalTextRun SCXW248685308 BCX8\">mheas<\/span><span class=\"NormalTextRun SCXW248685308 BCX8\"> mar <\/span><span class=\"NormalTextRun SCXW248685308 BCX8\">mharga\u00edocht<\/span> <span class=\"NormalTextRun SCXW248685308 BCX8\">dh\u00edreach<\/span><span class=\"NormalTextRun SCXW248685308 BCX8\">, n\u00ed <\/span><span class=\"NormalTextRun SCXW248685308 BCX8\">m\u00f3r<\/span><span class=\"NormalTextRun SCXW248685308 BCX8\"> \u00e9 a <\/span><span class=\"NormalTextRun SCXW248685308 BCX8\">sheoladh<\/span> <span class=\"NormalTextRun SCXW248685308 BCX8\">chuig<\/span> <span class=\"NormalTextRun SCXW248685308 BCX8\">duine<\/span> <span class=\"NormalTextRun SCXW248685308 BCX8\">ainmnithe<\/span> <span class=\"NormalTextRun SCXW248685308 BCX8\">agus<\/span><span class=\"NormalTextRun SCXW248685308 BCX8\"> n\u00ed <\/span><span class=\"NormalTextRun SCXW248685308 BCX8\">m\u00f3r<\/span> <span class=\"NormalTextRun SCXW248685308 BCX8\">t\u00e1irge<\/span> <span class=\"NormalTextRun SCXW248685308 BCX8\">n\u00f3<\/span> <span class=\"NormalTextRun SCXW248685308 BCX8\">s<\/span><span class=\"NormalTextRun SCXW248685308 BCX8\">eir<\/span><span class=\"NormalTextRun SCXW248685308 BCX8\">bh\u00eds<\/span><span class=\"NormalTextRun SCXW248685308 BCX8\"> a chur <\/span><span class=\"NormalTextRun SCXW248685308 BCX8\">chun<\/span> <span class=\"NormalTextRun SCXW248685308 BCX8\">cinn<\/span><span class=\"NormalTextRun SCXW248685308 BCX8\">. Mura <\/span><span class=\"NormalTextRun SCXW248685308 BCX8\">bhfuil<\/span> <span class=\"NormalTextRun SCXW248685308 BCX8\">t\u00fa<\/span><span class=\"NormalTextRun SCXW248685308 BCX8\"> ag <\/span><span class=\"NormalTextRun SCXW248685308 BCX8\">iarraidh<\/span> <span class=\"NormalTextRun SCXW248685308 BCX8\">marga\u00edocht<\/span> <span class=\"NormalTextRun SCXW248685308 BCX8\">dh\u00edreach<\/span><span class=\"NormalTextRun SCXW248685308 BCX8\"> a <\/span><span class=\"NormalTextRun SCXW248685308 BCX8\">fh\u00e1il<\/span><span class=\"NormalTextRun SCXW248685308 BCX8\">, <\/span><span class=\"NormalTextRun SCXW248685308 BCX8\">t\u00e1<\/span> <span class=\"NormalTextRun SCXW248685308 BCX8\">s\u00e9<\/span><span class=\"NormalTextRun SCXW248685308 BCX8\"> de <\/span><span class=\"NormalTextRun SCXW248685308 BCX8\">cheart<\/span> <span class=\"NormalTextRun SCXW248685308 BCX8\">agat<\/span><span class=\"NormalTextRun SCXW248685308 BCX8\"> a chur in <\/span><span class=\"NormalTextRun SCXW248685308 BCX8\">i\u00fal<\/span><span class=\"NormalTextRun SCXW248685308 BCX8\"> don <\/span><span class=\"NormalTextRun SCXW248685308 BCX8\">seolt\u00f3ir<\/span><span class=\"NormalTextRun SCXW248685308 BCX8\"> go <\/span><span class=\"NormalTextRun SCXW248685308 BCX8\">bhfuil<\/span> <span class=\"NormalTextRun SCXW248685308 BCX8\">t\u00fa<\/span> <span class=\"NormalTextRun SCXW248685308 BCX8\">i<\/span> <span class=\"NormalTextRun SCXW248685308 BCX8\">gcoinne<\/span> <span class=\"NormalTextRun SCXW248685308 BCX8\">\u00e1bhar<\/span><span class=\"NormalTextRun SCXW248685308 BCX8\"> den <\/span><span class=\"NormalTextRun SCXW248685308 BCX8\">s\u00f3rt<\/span><span class=\"NormalTextRun SCXW248685308 BCX8\"> sin a <\/span><span class=\"NormalTextRun SCXW248685308 BCX8\">fh\u00e1il<\/span><span class=\"NormalTextRun SCXW248685308 BCX8\">. <\/span><span class=\"NormalTextRun SCXW248685308 BCX8\">T\u00e1<\/span> <span class=\"NormalTextRun SCXW248685308 BCX8\">s\u00e9<\/span><span class=\"NormalTextRun SCXW248685308 BCX8\"> in <\/span><span class=\"NormalTextRun SCXW248685308 BCX8\">aghaidh<\/span> <span class=\"NormalTextRun SCXW248685308 BCX8\">an<\/span> <span class=\"NormalTextRun SCXW248685308 BCX8\">dl\u00ed<\/span> <span class=\"NormalTextRun SCXW248685308 BCX8\">d&#8217;eagra\u00edocht<\/span> <span class=\"NormalTextRun SCXW248685308 BCX8\">gan<\/span> <span class=\"NormalTextRun SCXW248685308 BCX8\">meas<\/span><span class=\"NormalTextRun SCXW248685308 BCX8\"> a <\/span><span class=\"NormalTextRun SCXW248685308 BCX8\">l\u00e9iri\u00fa<\/span> <span class=\"NormalTextRun SCXW248685308 BCX8\">ar<\/span> <span class=\"NormalTextRun SCXW248685308 BCX8\">iarratas<\/span> <span class=\"NormalTextRun SCXW248685308 BCX8\">i<\/span> <span class=\"NormalTextRun SCXW248685308 BCX8\">scr\u00edbhinn<\/span> <span class=\"NormalTextRun SCXW248685308 BCX8\">uait<\/span><span class=\"NormalTextRun SCXW248685308 BCX8\">. M\u00e1 <\/span><span class=\"NormalTextRun SCXW248685308 BCX8\">leanann<\/span> <span class=\"NormalTextRun SCXW248685308 BCX8\">t\u00fa<\/span><span class=\"NormalTextRun SCXW248685308 BCX8\"> ort ag <\/span><span class=\"NormalTextRun SCXW248685308 BCX8\">f\u00e1il<\/span> <span class=\"NormalTextRun SCXW248685308 BCX8\">marga\u00edochta<\/span><span class=\"NormalTextRun SCXW248685308 BCX8\"> tar <\/span><span class=\"NormalTextRun SCXW248685308 BCX8\">\u00e9is<\/span> <span class=\"NormalTextRun SCXW248685308 BCX8\">duit<\/span> <span class=\"NormalTextRun SCXW248685308 BCX8\">ag\u00f3id<\/span><span class=\"NormalTextRun SCXW248685308 BCX8\"> a <\/span><span class=\"NormalTextRun SCXW248685308 BCX8\">dh\u00e9anamh<\/span><span class=\"NormalTextRun SCXW248685308 BCX8\">, is <\/span><span class=\"NormalTextRun SCXW248685308 BCX8\">f\u00e9idir<\/span> <span class=\"NormalTextRun SCXW248685308 BCX8\">leat<\/span> <span class=\"NormalTextRun SCXW248685308 BCX8\">teagmh\u00e1il<\/span><span class=\"NormalTextRun SCXW248685308 BCX8\"> a <\/span><span class=\"NormalTextRun SCXW248685308 BCX8\">dh\u00e9anamh<\/span><span class=\"NormalTextRun SCXW248685308 BCX8\"> le <\/span><span class=\"NormalTextRun SCXW248685308 BCX8\">hOifig<\/span><span class=\"NormalTextRun SCXW248685308 BCX8\"> an <\/span><span class=\"NormalTextRun SCXW248685308 BCX8\">Choimisin\u00e9ara<\/span> <span class=\"NormalTextRun SCXW248685308 BCX8\">Cosanta<\/span> <span class=\"NormalTextRun SCXW248685308 BCX8\">Sonra\u00ed<\/span> <span class=\"NormalTextRun SCXW248685308 BCX8\">n\u00f3<\/span> <span class=\"NormalTextRun SCXW248685308 BCX8\">athbhreithni\u00fa<\/span><span class=\"NormalTextRun SCXW248685308 BCX8\"> a <\/span><span class=\"NormalTextRun SCXW248685308 BCX8\">dh\u00e9anamh<\/span> <span class=\"NormalTextRun SCXW248685308 BCX8\">ar<\/span><span class=\"NormalTextRun SCXW248685308 BCX8\"> a <\/span><span class=\"NormalTextRun SCXW248685308 BCX8\">mblag<\/span><span class=\"NormalTextRun SCXW248685308 BCX8\"> &#8216;Cad is <\/span><span class=\"NormalTextRun SCXW248685308 BCX8\">g\u00e1<\/span> <span class=\"NormalTextRun SCXW248685308 BCX8\">duit<\/span><span class=\"NormalTextRun SCXW248685308 BCX8\"> a <\/span><span class=\"NormalTextRun SCXW248685308 BCX8\">bheith<\/span> <span class=\"NormalTextRun SCXW248685308 BCX8\">ar<\/span><span class=\"NormalTextRun SCXW248685308 BCX8\"> an <\/span><span class=\"NormalTextRun SCXW248685308 BCX8\">eolas<\/span> <span class=\"NormalTextRun SCXW248685308 BCX8\">faoi<\/span> <span class=\"NormalTextRun SCXW248685308 BCX8\">maidir<\/span><span class=\"NormalTextRun SCXW248685308 BCX8\"> le <\/span><span class=\"NormalTextRun SCXW248685308 BCX8\">marga\u00edocht<\/span> <span class=\"NormalTextRun SCXW248685308 BCX8\">dh\u00edreach<\/span><span class=\"NormalTextRun SCXW248685308 BCX8\">&#8216;.<\/span><\/span><span class=\"EOP SCXW248685308 BCX8\" data-ccp-props=\"{}\">\u00a0<\/span><\/li>\n<\/ul>\n<p>&nbsp;<\/p>\n","protected":false},"excerpt":{"rendered":"<p>Cad is f\u00e9idir liom a dh\u00e9anamh faoi phost gan iarraidh?\u00a0 N\u00ed riala\u00edonn ComReg post gan iarraidh, ach b&#8217;fh\u00e9idir gur mhaith leat na c\u00e9imeanna seo a &hellip; <a href=\"https:\/\/www.comreg.ie\/ga\/comhairle-eolas\/forbhreathnu-ar-an-bpost\/post-gan-iarraidh\/\"><\/a><\/p>\n","protected":false},"author":31,"featured_media":0,"parent":90269,"menu_order":8,"comment_status":"closed","ping_status":"closed","template":"templates\/template-topic-pages.php","meta":{"_acf_changed":false,"_relevanssi_hide_post":"","_relevanssi_hide_content":"","_relevanssi_pin_for_all":"","_relevanssi_pin_keywords":"","_relevanssi_unpin_keywords":"","_relevanssi_related_keywords":"","_relevanssi_related_include_ids":"","_relevanssi_related_exclude_ids":"","_relevanssi_related_no_append":"","_relevanssi_related_not_related":"","_relevanssi_related_posts":"","_relevanssi_noindex_reason":"","footnotes":"","_wp_rev_ctl_limit":""},"class_list":["post-90481","page","type-page","status-publish","hentry","page_category-consumer"],"acf":[],"aioseo_notices":[],"_links":{"self":[{"href":"https:\/\/www.comreg.ie\/ga\/wp-json\/wp\/v2\/pages\/90481","targetHints":{"allow":["GET"]}}],"collection":[{"href":"https:\/\/www.comreg.ie\/ga\/wp-json\/wp\/v2\/pages"}],"about":[{"href":"https:\/\/www.comreg.ie\/ga\/wp-json\/wp\/v2\/types\/page"}],"author":[{"embeddable":true,"href":"https:\/\/www.comreg.ie\/ga\/wp-json\/wp\/v2\/users\/31"}],"replies":[{"embeddable":true,"href":"https:\/\/www.comreg.ie\/ga\/wp-json\/wp\/v2\/comments?post=90481"}],"version-history":[{"count":1,"href":"https:\/\/www.comreg.ie\/ga\/wp-json\/wp\/v2\/pages\/90481\/revisions"}],"predecessor-version":[{"id":131994,"href":"https:\/\/www.comreg.ie\/ga\/wp-json\/wp\/v2\/pages\/90481\/revisions\/131994"}],"up":[{"embeddable":true,"href":"https:\/\/www.comreg.ie\/ga\/wp-json\/wp\/v2\/pages\/90269"}],"wp:attachment":[{"href":"https:\/\/www.comreg.ie\/ga\/wp-json\/wp\/v2\/media?parent=90481"}],"curies":[{"name":"wp","href":"https:\/\/api.w.org\/{rel}","templated":true}]}}