{"id":90482,"date":"2016-04-12T12:08:40","date_gmt":"2016-04-12T12:08:40","guid":{"rendered":"http:\/\/comreg.ie.grigore"},"modified":"2024-11-12T09:32:40","modified_gmt":"2024-11-12T09:32:40","slug":"eircode","status":"publish","type":"page","link":"https:\/\/www.comreg.ie\/ga\/comhairle-eolas\/forbhreathnu-ar-an-bpost\/eircode\/","title":{"rendered":"Eircode"},"content":{"rendered":"<h2><span lang=\"en\">Eircode<\/span><\/h2>\n<h2><span lang=\"en\"><span class=\"NormalTextRun SpellingErrorV2Themed SCXW43206611 BCX8\">T\u00e9igh<\/span> <span class=\"NormalTextRun SpellingErrorV2Themed SCXW43206611 BCX8\">chuig<\/span> <a title=\"This link will open in a new window\" href=\"https:\/\/www.eircode.ie\/\" target=\"_blank\" rel=\"noopener\">l\u00e1ithre\u00e1n greas\u00e1in Eircode<\/a> <span class=\"TextRun SCXW136735543 BCX8\" lang=\"EN-IE\" xml:lang=\"EN-IE\" data-contrast=\"auto\"><span class=\"NormalTextRun SpellingErrorV2Themed SCXW136735543 BCX8\">chun<\/span> <span class=\"NormalTextRun SpellingErrorV2Themed SCXW136735543 BCX8\">sonra\u00ed<\/span><span class=\"NormalTextRun SCXW136735543 BCX8\"> a <\/span><span class=\"NormalTextRun SpellingErrorV2Themed SCXW136735543 BCX8\">fh\u00e1il<\/span> <span class=\"NormalTextRun SpellingErrorV2Themed SCXW136735543 BCX8\">ar<\/span> <span class=\"NormalTextRun SpellingErrorV2Themed SCXW136735543 BCX8\">d&#8217;\u00c9irch\u00f3d.\u00a0<\/span><\/span><\/span><\/h2>\n<p><span class=\"TextRun SCXW264838148 BCX8\" lang=\"EN-IE\" xml:lang=\"EN-IE\" data-contrast=\"auto\"><span class=\"NormalTextRun SpellingErrorV2Themed SCXW264838148 BCX8\">N\u00edl<\/span> <span class=\"NormalTextRun SpellingErrorV2Themed SCXW264838148 BCX8\">aon<\/span> <span class=\"NormalTextRun SpellingErrorV2Themed SCXW264838148 BCX8\">sainch\u00faram<\/span> <span class=\"NormalTextRun SpellingErrorV2Themed SCXW264838148 BCX8\">rial\u00e1la<\/span><span class=\"NormalTextRun SCXW264838148 BCX8\"> ag ComReg <\/span><span class=\"NormalTextRun SpellingErrorV2Themed SCXW264838148 BCX8\">maidir<\/span><span class=\"NormalTextRun SCXW264838148 BCX8\"> le <\/span><span class=\"NormalTextRun SpellingErrorV2Themed SCXW264838148 BCX8\">c\u00f3id<\/span> <span class=\"NormalTextRun SpellingErrorV2Themed SCXW264838148 BCX8\">phoist<\/span><span class=\"NormalTextRun SCXW264838148 BCX8\">. Is \u00ed an <\/span><span class=\"NormalTextRun SpellingErrorV2Themed SCXW264838148 BCX8\">Roinn<\/span> <span class=\"NormalTextRun SpellingErrorV2Themed SCXW264838148 BCX8\">Comhshaoil<\/span><span class=\"NormalTextRun SCXW264838148 BCX8\">, <\/span><span class=\"NormalTextRun SpellingErrorV2Themed SCXW264838148 BCX8\">Aer\u00e1ide<\/span> <span class=\"NormalTextRun SpellingErrorV2Themed SCXW264838148 BCX8\">agus<\/span> <span class=\"NormalTextRun SpellingErrorV2Themed SCXW264838148 BCX8\">Cumars\u00e1ide<\/span> <span class=\"NormalTextRun SpellingErrorV2Themed SCXW264838148 BCX8\">at\u00e1<\/span> <span class=\"NormalTextRun SpellingErrorV2Themed SCXW264838148 BCX8\">freagrach<\/span><span class=\"NormalTextRun SCXW264838148 BCX8\"> as <\/span><span class=\"NormalTextRun SpellingErrorV2Themed SCXW264838148 BCX8\">c\u00f3id<\/span> <span class=\"NormalTextRun SpellingErrorV2Themed SCXW264838148 BCX8\">phoist<\/span><span class=\"NormalTextRun SCXW264838148 BCX8\"> a chur <\/span><span class=\"NormalTextRun SpellingErrorV2Themed SCXW264838148 BCX8\">i<\/span> <span class=\"NormalTextRun SpellingErrorV2Themed SCXW264838148 BCX8\">bhfeidhm<\/span><span class=\"NormalTextRun SCXW264838148 BCX8\"> in <\/span><span class=\"NormalTextRun SpellingErrorV2Themed SCXW264838148 BCX8\">\u00c9irinn<\/span><span class=\"NormalTextRun SCXW264838148 BCX8\">. Is <\/span><span class=\"NormalTextRun SpellingErrorV2Themed SCXW264838148 BCX8\">f\u00e9idir<\/span> <span class=\"NormalTextRun SpellingErrorV2Themed SCXW264838148 BCX8\">tuilleadh<\/span> <span class=\"NormalTextRun SpellingErrorV2Themed SCXW264838148 BCX8\">eolais<\/span><span class=\"NormalTextRun SCXW264838148 BCX8\"> a <\/span><span class=\"NormalTextRun SpellingErrorV2Themed SCXW264838148 BCX8\">fh\u00e1il<\/span> <span class=\"NormalTextRun SpellingErrorV2Themed SCXW264838148 BCX8\">ar<\/span>\u00a0<\/span><a title=\"This link will open in a new window\" href=\"http:\/\/www.dcenr.gov.ie\/Communications\/Postal\/Postcodes.html\" target=\"_blank\" rel=\"noopener\">shu\u00edomh gr\u00e9as\u00e1in DECC.<\/a><\/p>\n<p>&nbsp;<\/p>\n","protected":false},"excerpt":{"rendered":"<p>Eircode T\u00e9igh chuig l\u00e1ithre\u00e1n greas\u00e1in Eircode chun sonra\u00ed a fh\u00e1il ar d&#8217;\u00c9irch\u00f3d.\u00a0 N\u00edl aon sainch\u00faram rial\u00e1la ag ComReg maidir le c\u00f3id phoist. Is \u00ed an &hellip; <a href=\"https:\/\/www.comreg.ie\/ga\/comhairle-eolas\/forbhreathnu-ar-an-bpost\/eircode\/\"><\/a><\/p>\n","protected":false},"author":31,"featured_media":0,"parent":90269,"menu_order":7,"comment_status":"closed","ping_status":"closed","template":"templates\/template-topic-pages.php","meta":{"_acf_changed":false,"_relevanssi_hide_post":"","_relevanssi_hide_content":"","_relevanssi_pin_for_all":"","_relevanssi_pin_keywords":"","_relevanssi_unpin_keywords":"","_relevanssi_related_keywords":"","_relevanssi_related_include_ids":"","_relevanssi_related_exclude_ids":"","_relevanssi_related_no_append":"","_relevanssi_related_not_related":"","_relevanssi_related_posts":"","_relevanssi_noindex_reason":"","footnotes":"","_wp_rev_ctl_limit":""},"class_list":["post-90482","page","type-page","status-publish","hentry","page_category-consumer"],"acf":[],"aioseo_notices":[],"_links":{"self":[{"href":"https:\/\/www.comreg.ie\/ga\/wp-json\/wp\/v2\/pages\/90482","targetHints":{"allow":["GET"]}}],"collection":[{"href":"https:\/\/www.comreg.ie\/ga\/wp-json\/wp\/v2\/pages"}],"about":[{"href":"https:\/\/www.comreg.ie\/ga\/wp-json\/wp\/v2\/types\/page"}],"author":[{"embeddable":true,"href":"https:\/\/www.comreg.ie\/ga\/wp-json\/wp\/v2\/users\/31"}],"replies":[{"embeddable":true,"href":"https:\/\/www.comreg.ie\/ga\/wp-json\/wp\/v2\/comments?post=90482"}],"version-history":[{"count":1,"href":"https:\/\/www.comreg.ie\/ga\/wp-json\/wp\/v2\/pages\/90482\/revisions"}],"predecessor-version":[{"id":131993,"href":"https:\/\/www.comreg.ie\/ga\/wp-json\/wp\/v2\/pages\/90482\/revisions\/131993"}],"up":[{"embeddable":true,"href":"https:\/\/www.comreg.ie\/ga\/wp-json\/wp\/v2\/pages\/90269"}],"wp:attachment":[{"href":"https:\/\/www.comreg.ie\/ga\/wp-json\/wp\/v2\/media?parent=90482"}],"curies":[{"name":"wp","href":"https:\/\/api.w.org\/{rel}","templated":true}]}}