{"id":91013,"date":"2016-04-12T17:19:18","date_gmt":"2016-04-12T17:19:18","guid":{"rendered":"http:\/\/comreg.ie.grigore"},"modified":"2018-01-25T12:41:31","modified_gmt":"2018-01-25T12:41:31","slug":"rialu-praghsala-cuntasaiocht-costais","status":"publish","type":"page","link":"https:\/\/www.comreg.ie\/ga\/tionsclaiocht\/cumarsaid-leictreonach\/praghsail\/rialu-praghsala-cuntasaiocht-costais\/","title":{"rendered":"Rial\u00fa praghs\u00e1la &#038; cuntasa\u00edocht costais"},"content":{"rendered":"<p>&nbsp;<\/p>\n<p>ComReg identifies how these markets relate to the various European Commission recommendations according to the reference\u00a0 \u201cMarket Number\u201d\/\u201dYear of Recommendation\u201d. For example, \u201c01\/2007\u201d is Market 1 identified in the European Commission\u2019s 2007 Recommendation.<\/p>\n<p>The following are the markets\/areas where Pricing decisions are in force:<\/p>\n[table \u201c21\u201d not found \/]<br \/>\n\n<p>&nbsp;<\/p>\n","protected":false},"excerpt":{"rendered":"<p>&nbsp; ComReg identifies how these markets relate to the various European Commission recommendations according to the reference\u00a0 \u201cMarket Number\u201d\/\u201dYear of Recommendation\u201d. For example, \u201c01\/2007\u201d is &hellip; <a href=\"https:\/\/www.comreg.ie\/ga\/tionsclaiocht\/cumarsaid-leictreonach\/praghsail\/rialu-praghsala-cuntasaiocht-costais\/\"><\/a><\/p>\n","protected":false},"author":31,"featured_media":0,"parent":90393,"menu_order":1,"comment_status":"closed","ping_status":"closed","template":"","meta":{"_acf_changed":false,"_relevanssi_hide_post":"","_relevanssi_hide_content":"","_relevanssi_pin_for_all":"","_relevanssi_pin_keywords":"","_relevanssi_unpin_keywords":"","_relevanssi_related_keywords":"","_relevanssi_related_include_ids":"","_relevanssi_related_exclude_ids":"","_relevanssi_related_no_append":"","_relevanssi_related_not_related":"","_relevanssi_related_posts":"","_relevanssi_noindex_reason":"","footnotes":"","_wp_rev_ctl_limit":""},"class_list":["post-91013","page","type-page","status-publish","hentry"],"acf":[],"aioseo_notices":[],"_links":{"self":[{"href":"https:\/\/www.comreg.ie\/ga\/wp-json\/wp\/v2\/pages\/91013","targetHints":{"allow":["GET"]}}],"collection":[{"href":"https:\/\/www.comreg.ie\/ga\/wp-json\/wp\/v2\/pages"}],"about":[{"href":"https:\/\/www.comreg.ie\/ga\/wp-json\/wp\/v2\/types\/page"}],"author":[{"embeddable":true,"href":"https:\/\/www.comreg.ie\/ga\/wp-json\/wp\/v2\/users\/31"}],"replies":[{"embeddable":true,"href":"https:\/\/www.comreg.ie\/ga\/wp-json\/wp\/v2\/comments?post=91013"}],"version-history":[{"count":0,"href":"https:\/\/www.comreg.ie\/ga\/wp-json\/wp\/v2\/pages\/91013\/revisions"}],"up":[{"embeddable":true,"href":"https:\/\/www.comreg.ie\/ga\/wp-json\/wp\/v2\/pages\/90393"}],"wp:attachment":[{"href":"https:\/\/www.comreg.ie\/ga\/wp-json\/wp\/v2\/media?parent=91013"}],"curies":[{"name":"wp","href":"https:\/\/api.w.org\/{rel}","templated":true}]}}