{"id":91015,"date":"2016-04-12T17:02:12","date_gmt":"2016-04-12T17:02:12","guid":{"rendered":"http:\/\/comreg.ie.grigore"},"modified":"2021-10-02T13:17:13","modified_gmt":"2021-10-02T13:17:13","slug":"forfheidhmiu-dli-iomaiochta","status":"publish","type":"page","link":"https:\/\/www.comreg.ie\/ga\/tionsclaiocht\/cumarsaid-leictreonach\/margaidh-rialaithe-iomaiocht\/forfheidhmiu-dli-iomaiochta\/","title":{"rendered":"Forfheidhmi\u00fa Dl\u00ed na hIoma\u00edochta"},"content":{"rendered":"<h2><span lang=\"en\">Overview<\/span><\/h2>\n<p><span lang=\"en\">Under the Communications Regulation (Amendment) Act 2007 ComReg has the function of investigating possible breaches of the Competition Act 2002 (as amended) and Articles 101 and 102 of the Treaty of the Functioning of the European Union (TFEU) in relation to the Electronic Communications Sector.*<\/p>\n<p>Section 4 of the Competition Act 2002 and Article 101 TFEU prohibit agreements that may have the object or effect of the prevention, restriction or distortion of competition.\u00a0 Section 5 of the Competition Act and Article 102 TFEU concerns the abuse of a dominant position.\u00a0 Article 101 and 102 TFEU apply where the behaviour may effect trade between Member States of the EU.<\/p>\n<p>Further details in relation to ComReg\u2019s role under competition law and the investigation of competition law based complaints in the Electronic Communications sector is set out in the <a href=\"\/csv\/downloads\/ComReg10110.pdf\" target=\"_blank\" title=\"This link will open in a new window\" rel=\"noopener noreferrer\">Guidance Notice on the Submission of Competition Complaints<\/a>.<\/p>\n<p>*Note that ComReg&#8217;s competition law investigative function does not apply to the Postal Sector.<\/p>\n<h2><span lang=\"en\">Investigations<\/span><\/h2>\n<p><span lang=\"en\">Table below sets out recent ComReg activities in the Competition Law Enforcement area.<\/p>\n<table>\n<tbody>\n<tr>\n<td width=\"120\"><strong>Investigation<\/strong><\/td>\n<td width=\"120\"><strong>Parties Involved<\/strong><\/td>\n<td width=\"120\"><strong>Issue<\/strong><\/td>\n<td width=\"120\"><strong>Relevant Documents<\/strong><\/td>\n<\/tr>\n<tr>\n<td width=\"120\">Complaint<\/td>\n<td width=\"120\">RT\u00c9\/RT\u00c9NL, TV3<\/td>\n<td width=\"120\">Excessive or discriminatory pricing<\/td>\n<td width=\"120\"><a href=\"\/csv\/downloads\/ComReg1462.pdf\" target=\"_blank\" title=\"This link will open in a new window\" rel=\"noopener noreferrer\">RT\u00c9\/RT\u00c9NL case<\/a>\u00a0(case closed)<\/td>\n<\/tr>\n<tr>\n<td width=\"120\">Own Initiative<\/td>\n<td width=\"120\">Telef\u00f3nica\/ Lycamobile<\/td>\n<td width=\"120\">Agreement not to compete\/to share customers<\/td>\n<td width=\"120\"><a href=\"\/csv\/downloads\/Comreg1291.pdf\" target=\"_blank\" title=\"This link will open in a new window\" rel=\"noopener noreferrer\">Telef\u00f3nica\/ Lycamobile case<\/a>\u00a0(case closed)<\/td>\n<\/tr>\n<\/tbody>\n<\/table>\n<p><\/span><br \/>\n&nbsp;<\/p>\n","protected":false},"excerpt":{"rendered":"<p>Overview Under the Communications Regulation (Amendment) Act 2007 ComReg has the function of investigating possible breaches of the Competition Act 2002 (as amended) and Articles &hellip; <a href=\"https:\/\/www.comreg.ie\/ga\/tionsclaiocht\/cumarsaid-leictreonach\/margaidh-rialaithe-iomaiocht\/forfheidhmiu-dli-iomaiochta\/\"><\/a><\/p>\n","protected":false},"author":31,"featured_media":0,"parent":90394,"menu_order":3,"comment_status":"closed","ping_status":"closed","template":"templates\/template-topic-pages-noanchors.php","meta":{"_acf_changed":false,"_relevanssi_hide_post":"","_relevanssi_hide_content":"","_relevanssi_pin_for_all":"","_relevanssi_pin_keywords":"","_relevanssi_unpin_keywords":"","_relevanssi_related_keywords":"","_relevanssi_related_include_ids":"","_relevanssi_related_exclude_ids":"","_relevanssi_related_no_append":"","_relevanssi_related_not_related":"","_relevanssi_related_posts":"","_relevanssi_noindex_reason":"","footnotes":"","_wp_rev_ctl_limit":""},"class_list":["post-91015","page","type-page","status-publish","hentry"],"acf":[],"aioseo_notices":[],"_links":{"self":[{"href":"https:\/\/www.comreg.ie\/ga\/wp-json\/wp\/v2\/pages\/91015","targetHints":{"allow":["GET"]}}],"collection":[{"href":"https:\/\/www.comreg.ie\/ga\/wp-json\/wp\/v2\/pages"}],"about":[{"href":"https:\/\/www.comreg.ie\/ga\/wp-json\/wp\/v2\/types\/page"}],"author":[{"embeddable":true,"href":"https:\/\/www.comreg.ie\/ga\/wp-json\/wp\/v2\/users\/31"}],"replies":[{"embeddable":true,"href":"https:\/\/www.comreg.ie\/ga\/wp-json\/wp\/v2\/comments?post=91015"}],"version-history":[{"count":0,"href":"https:\/\/www.comreg.ie\/ga\/wp-json\/wp\/v2\/pages\/91015\/revisions"}],"up":[{"embeddable":true,"href":"https:\/\/www.comreg.ie\/ga\/wp-json\/wp\/v2\/pages\/90394"}],"wp:attachment":[{"href":"https:\/\/www.comreg.ie\/ga\/wp-json\/wp\/v2\/media?parent=91015"}],"curies":[{"name":"wp","href":"https:\/\/api.w.org\/{rel}","templated":true}]}}