{"id":91045,"date":"2016-04-13T14:52:28","date_gmt":"2016-04-13T14:52:28","guid":{"rendered":"http:\/\/comreg.ie.grigore"},"modified":"2021-10-02T18:36:37","modified_gmt":"2021-10-02T18:36:37","slug":"clar-solathroiri-udaraithe","status":"publish","type":"page","link":"https:\/\/www.comreg.ie\/ga\/tionsclaiocht\/rialachan-poist\/udaruithe-poist\/clar-solathroiri-udaraithe\/","title":{"rendered":"F\u00e9ach ar Chl\u00e1r na Sol\u00e1thr\u00f3ir\u00ed \u00dadaraithe"},"content":{"rendered":"<h2><span lang=\"en\">Chl\u00e1r na Sol\u00e1thr\u00f3ir\u00ed \u00dadaraithe\u00a0<strong>\u00a0<\/strong><\/span><\/h2>\n<p>&nbsp;<\/p>\n\n<table id=\"tablepress-7\" class=\"tablepress tablepress-id-7\">\n<thead>\n<tr class=\"row-1\">\n\t<th class=\"column-1\" style=\"width:25%;\">Notification received from (Trading Name)<\/th><th class=\"column-2\" style=\"width:20%;\">Number of Postal Services claimed<\/th><th class=\"column-3\" style=\"width:20%;\">Number of Postal Services within the scope of universal postal service claimed<\/th><th class=\"column-4\" style=\"width:25%;\">Notification made under Section 38 of the Communication Regulation (Postal Services) Act 2011<\/th><th class=\"column-5\">Notification details confirmed [dd\/mm\/yyyy]<\/th>\n<\/tr>\n<\/thead>\n<tbody class=\"row-striping row-hover\">\n<tr class=\"row-2\">\n\t<td class=\"column-1\">An Post<\/td><td class=\"column-2\">28<\/td><td class=\"column-3\">25<\/td><td class=\"column-4\"><a href=\"\/media\/2022\/10\/221004_An_Post_Notification_Declaration.pdf\" target=\"_blank\" rel=\"noopener noreferrer\">An Post - Notification and Declaration<\/a><\/td><td class=\"column-5\">04\/10\/2022<\/td>\n<\/tr>\n<tr class=\"row-3\">\n\t<td class=\"column-1\">Budget Parcel<\/td><td class=\"column-2\">4<\/td><td class=\"column-3\">0<\/td><td class=\"column-4\"><a href=\"\/media\/2016\/06\/160606_BudgetParcel.pdf\" target=\"_blank\" rel=\"noopener noreferrer\">Budget Parcel - Notification and Declaration<\/a><\/td><td class=\"column-5\">23\/06\/2022<\/td>\n<\/tr>\n<tr class=\"row-4\">\n\t<td class=\"column-1\">Corrigan Business Services<\/td><td class=\"column-2\">1<\/td><td class=\"column-3\">0<\/td><td class=\"column-4\"><a href=\"\/media\/2018\/04\/180418-Corrigan-BusSvcs-Notification-and-Declaration.pdf\" rel=\"noopener noreferrer\" target=\"_blank\">Corrigan Business Services Notification and Declaration<\/a><\/td><td class=\"column-5\">04\/07\/2022<\/td>\n<\/tr>\n<tr class=\"row-5\">\n\t<td class=\"column-1\">DCK \/ DC Kavanagh<\/td><td class=\"column-2\">1<\/td><td class=\"column-3\">0<\/td><td class=\"column-4\"><a href=\"\/media\/2017\/07\/170726-DC-Kavanagh-Notification-and-Declaration.pdf\" target=\"_blank\" rel=\"noopener noreferrer\">DCK \/ DC Kavanagh - Notification and Declaration<\/a><\/td><td class=\"column-5\">28\/06\/2022<\/td>\n<\/tr>\n<tr class=\"row-6\">\n\t<td class=\"column-1\">DX Ireland<\/td><td class=\"column-2\">6<\/td><td class=\"column-3\">1<\/td><td class=\"column-4\"><a href=\"\/media\/2019\/11\/191104-DX-Notification.pdf\" target=\"_blank\" rel=\"noopener noreferrer\">DX Ireland - Notification and Declaration<\/a><\/td><td class=\"column-5\">24\/06\/2022<\/td>\n<\/tr>\n<tr class=\"row-7\">\n\t<td class=\"column-1\">General Logistics Systems Ireland<\/td><td class=\"column-2\">1<\/td><td class=\"column-3\">0<\/td><td class=\"column-4\"><a href=\"\/media\/2023\/01\/221229-GLS-Notification-and-Declaration.pdf\">General Logistics Systems (GLS) Ireland - Notification and Declaration<\/a><\/td><td class=\"column-5\">29\/12\/2022<\/td>\n<\/tr>\n<tr class=\"row-8\">\n\t<td class=\"column-1\">Lettershop Postal<\/td><td class=\"column-2\">3<\/td><td class=\"column-3\">0<\/td><td class=\"column-4\"><a href=\"\/media\/2019\/11\/191025-Lettershop-Redacted-Notification.pdf\" target=\"_blank\" rel=\"noopener noreferrer\">Lettershop Postal - Notification and Declaration<\/a><\/td><td class=\"column-5\">30\/06\/2022<\/td>\n<\/tr>\n<tr class=\"row-9\">\n\t<td class=\"column-1\">Mail Metrics<\/td><td class=\"column-2\">1<\/td><td class=\"column-3\">0<\/td><td class=\"column-4\"><a href=\"\/media\/2022\/07\/220630_MailMetrics_Notification_Declaration.pdf\" target=\"_blank\" rel=\"noopener noreferrer\">Mail Metrics - Notification and Declaration<\/a><\/td><td class=\"column-5\">30\/06\/2022<\/td>\n<\/tr>\n<tr class=\"row-10\">\n\t<td class=\"column-1\">Paragon Customer Communications Ireland Ltd.<\/td><td class=\"column-2\">1<\/td><td class=\"column-3\">0<\/td><td class=\"column-4\"><a href=\"https:\/\/www.comreg.ie\/media\/2024\/08\/240719_Paragon_Ireland_Notification_and_Declaration.pdf\" target=\"_blank\" rel=\"noopener noreferrer\">Paragon Ireland - Notification and Declaration<\/a><\/td><td class=\"column-5\">19\/07\/2024<\/td>\n<\/tr>\n<tr class=\"row-11\">\n\t<td class=\"column-1\">PrintPost Ltd<\/td><td class=\"column-2\">1<\/td><td class=\"column-3\">0<\/td><td class=\"column-4\"><a href=\"https:\/\/www.comreg.ie\/media\/2026\/03\/ComReg1281n-PrintPost-Completed-and-Signed-Version-FINAL-9-Mar-2026.pdf\">Print Post Ltd \u2013 Notification and Declaration<\/a><\/td><td class=\"column-5\">09\/03\/2026<\/td>\n<\/tr>\n<tr class=\"row-12\">\n\t<td class=\"column-1\">Shanahan Direct Marketing Ltd.<\/td><td class=\"column-2\">1<\/td><td class=\"column-3\">0<\/td><td class=\"column-4\"><a href=\"\/media\/2025\/09\/Shanahan-Notification-and-Declaration.pdf\" target=\"_blank\" rel=\"noopener noreferrer\">Shanahan - Notification and Declaration<\/a><\/td><td class=\"column-5\">25\/06\/2025<\/td>\n<\/tr>\n<tr class=\"row-13\">\n\t<td class=\"column-1\">Sooner Than Later Solutions Ltd.<\/td><td class=\"column-2\">3<\/td><td class=\"column-3\">0<\/td><td class=\"column-4\"><a href=\"\/media\/2016\/06\/160606_Sooner_Than_Later.pdf\" target=\"_blank\" rel=\"noopener noreferrer\">Sooner Than Later Solutions Limited - Notification and Declaration<\/a><\/td><td class=\"column-5\">28\/06\/2022<\/td>\n<\/tr>\n<tr class=\"row-14\">\n\t<td class=\"column-1\">Tico Mail Works<\/td><td class=\"column-2\">4<\/td><td class=\"column-3\">0<\/td><td class=\"column-4\"><a href=\"\/media\/2019\/11\/191111-Tico-Redacted-Notification.pdf\" target=\"_blank\" rel=\"noopener noreferrer\">Tico Mail Works - Notification and Declaration<\/a><\/td><td class=\"column-5\">26\/07\/2022<\/td>\n<\/tr>\n<tr class=\"row-15\">\n\t<td class=\"column-1\">RW Pierce (Ireland) Limited<\/td><td class=\"column-2\">1<\/td><td class=\"column-3\">0<\/td><td class=\"column-4\"><a href=\"https:\/\/www.comreg.ie\/media\/2026\/03\/RW-Pierce-Notification-and-Declaration-Form2-ComReg1281n.pdf\">RW Pierce \u2013 Notification and declaration<\/a><\/td><td class=\"column-5\">11\/03\/2026<\/td>\n<\/tr>\n<\/tbody>\n<\/table>\n\n","protected":false},"excerpt":{"rendered":"<p>Chl\u00e1r na Sol\u00e1thr\u00f3ir\u00ed \u00dadaraithe\u00a0\u00a0 &nbsp;<\/p>\n","protected":false},"author":31,"featured_media":0,"parent":90405,"menu_order":1,"comment_status":"closed","ping_status":"closed","template":"templates\/template-topic-pages-noanchors.php","meta":{"_acf_changed":false,"_relevanssi_hide_post":"","_relevanssi_hide_content":"","_relevanssi_pin_for_all":"","_relevanssi_pin_keywords":"","_relevanssi_unpin_keywords":"","_relevanssi_related_keywords":"","_relevanssi_related_include_ids":"","_relevanssi_related_exclude_ids":"","_relevanssi_related_no_append":"","_relevanssi_related_not_related":"","_relevanssi_related_posts":"","_relevanssi_noindex_reason":"","footnotes":"","_wp_rev_ctl_limit":""},"class_list":["post-91045","page","type-page","status-publish","hentry"],"acf":[],"aioseo_notices":[],"_links":{"self":[{"href":"https:\/\/www.comreg.ie\/ga\/wp-json\/wp\/v2\/pages\/91045","targetHints":{"allow":["GET"]}}],"collection":[{"href":"https:\/\/www.comreg.ie\/ga\/wp-json\/wp\/v2\/pages"}],"about":[{"href":"https:\/\/www.comreg.ie\/ga\/wp-json\/wp\/v2\/types\/page"}],"author":[{"embeddable":true,"href":"https:\/\/www.comreg.ie\/ga\/wp-json\/wp\/v2\/users\/31"}],"replies":[{"embeddable":true,"href":"https:\/\/www.comreg.ie\/ga\/wp-json\/wp\/v2\/comments?post=91045"}],"version-history":[{"count":0,"href":"https:\/\/www.comreg.ie\/ga\/wp-json\/wp\/v2\/pages\/91045\/revisions"}],"up":[{"embeddable":true,"href":"https:\/\/www.comreg.ie\/ga\/wp-json\/wp\/v2\/pages\/90405"}],"wp:attachment":[{"href":"https:\/\/www.comreg.ie\/ga\/wp-json\/wp\/v2\/media?parent=91045"}],"curies":[{"name":"wp","href":"https:\/\/api.w.org\/{rel}","templated":true}]}}