{"id":91046,"date":"2016-04-13T14:53:31","date_gmt":"2016-04-13T14:53:31","guid":{"rendered":"http:\/\/comreg.ie.grigore"},"modified":"2021-10-02T18:37:34","modified_gmt":"2021-10-02T18:37:34","slug":"corais-gearan-sasaimh","status":"publish","type":"page","link":"https:\/\/www.comreg.ie\/ga\/tionsclaiocht\/rialachan-poist\/udaruithe-poist\/corais-gearan-sasaimh\/","title":{"rendered":"C\u00f3rais Gear\u00e1n &#038; S\u00e1saimh"},"content":{"rendered":"<h2><span lang=\"en\">Complaints and Redress procedures<\/span><\/h2>\n<p><span lang=\"en\">A condition of authorisation is the provision by the postal service provider of complaints and redress procedures to ComReg.<\/p>\n<p>ComReg has published \u201cComplaints and Redress Procedures: Guidelines for Postal Service Providers\u201d <a href=\"\/csv\/downloads\/ComReg1406.pdf\">ComReg Document 14\/06<\/a> which provide guidelines to all postal service providers, to assist in drawing up and implementing a code of practice that sets out the procedures, standards and policies with respect to the postal service provider\u2019s handling of complaints from postal service users, in accordance with the 2011 Act.<\/span><\/p>\n","protected":false},"excerpt":{"rendered":"<p>Complaints and Redress procedures A condition of authorisation is the provision by the postal service provider of complaints and redress procedures to ComReg. ComReg has &hellip; <a href=\"https:\/\/www.comreg.ie\/ga\/tionsclaiocht\/rialachan-poist\/udaruithe-poist\/corais-gearan-sasaimh\/\"><\/a><\/p>\n","protected":false},"author":31,"featured_media":0,"parent":90405,"menu_order":2,"comment_status":"closed","ping_status":"closed","template":"templates\/template-topic-pages-noanchors.php","meta":{"_acf_changed":false,"_relevanssi_hide_post":"","_relevanssi_hide_content":"","_relevanssi_pin_for_all":"","_relevanssi_pin_keywords":"","_relevanssi_unpin_keywords":"","_relevanssi_related_keywords":"","_relevanssi_related_include_ids":"","_relevanssi_related_exclude_ids":"","_relevanssi_related_no_append":"","_relevanssi_related_not_related":"","_relevanssi_related_posts":"","_relevanssi_noindex_reason":"","footnotes":"","_wp_rev_ctl_limit":""},"class_list":["post-91046","page","type-page","status-publish","hentry"],"acf":[],"aioseo_notices":[],"_links":{"self":[{"href":"https:\/\/www.comreg.ie\/ga\/wp-json\/wp\/v2\/pages\/91046","targetHints":{"allow":["GET"]}}],"collection":[{"href":"https:\/\/www.comreg.ie\/ga\/wp-json\/wp\/v2\/pages"}],"about":[{"href":"https:\/\/www.comreg.ie\/ga\/wp-json\/wp\/v2\/types\/page"}],"author":[{"embeddable":true,"href":"https:\/\/www.comreg.ie\/ga\/wp-json\/wp\/v2\/users\/31"}],"replies":[{"embeddable":true,"href":"https:\/\/www.comreg.ie\/ga\/wp-json\/wp\/v2\/comments?post=91046"}],"version-history":[{"count":0,"href":"https:\/\/www.comreg.ie\/ga\/wp-json\/wp\/v2\/pages\/91046\/revisions"}],"up":[{"embeddable":true,"href":"https:\/\/www.comreg.ie\/ga\/wp-json\/wp\/v2\/pages\/90405"}],"wp:attachment":[{"href":"https:\/\/www.comreg.ie\/ga\/wp-json\/wp\/v2\/media?parent=91046"}],"curies":[{"name":"wp","href":"https:\/\/api.w.org\/{rel}","templated":true}]}}