{"id":91151,"date":"2016-04-15T11:20:45","date_gmt":"2016-04-15T11:20:45","guid":{"rendered":"http:\/\/comreg.ie.grigore"},"modified":"2021-09-26T12:19:44","modified_gmt":"2021-09-26T12:19:44","slug":"idirnaisiunta","status":"publish","type":"page","link":"https:\/\/www.comreg.ie\/ga\/fuinn\/idirnaisiunta\/","title":{"rendered":"Idirn\u00e1isi\u00fanta"},"content":{"rendered":"<h2><strong>An tAonad Idirn\u00e1isi\u00fanta<\/strong><\/h2>\n<p>B\u00edonn an Coimisi\u00fan um Rial\u00e1il Cumars\u00e1ide (ComReg) ag feidhmi\u00fa i dtimpeallacht Eorpach agus idirn\u00e1isi\u00fanta at\u00e1 dushl\u00e1nach agus a athra\u00edonn go tapaigh. Mar sin, b\u00edonn g\u00e1 le rial\u00fa chun ioma\u00edocht a spreagadh ionas gur f\u00e9idir le nu\u00e1la\u00edocht, cruthaitheach agus ioma\u00edocht bheith rath\u00fail.<\/p>\n<p>D\u00e9anann ComReg bainist\u00edocht agus forbairt ar ionchur rial\u00e1la na h\u00c9ireann i gcur chun chinn polasaithe Eorpacha agus idirn\u00e1isi\u00fanta, chomh maith leis na caighde\u00e1in agus an reachta\u00edocht a dh\u00e9anann r\u00edal\u00e1\u00edl ar na\u00a0hearn\u00e1lacha seo. Is iad na hidirchaidrimh idirn\u00e1isi\u00fanta seo a thugann bun\u00fas forbartha don earn\u00e1\u00edl i dtimpeallacht oscailte, ioma\u00edochta. Tugann an comhoibri\u00fa gn\u00edomhach seo ag leibhe\u00e1l idirn\u00e1isi\u00fanta an f\u00f3d\u00a0chun an earn\u00e1il cumars\u00e1ide in \u00c9irinn a fhorbairt.<\/p>\n<p>T\u00e1 go leor eagra\u00edochta\u00ed taobh thiar de Rial\u00e1il ag leibhe\u00e1l idirn\u00e1isi\u00fanta. Ina dteannta t\u00e1:<\/p>\n<ul>\n<li>Institi\u00faid\u00ed Eorpacha (An Chomhairle, an\u00a0Pharlaimint agus an Coimisi\u00fan)<\/li>\n<li>Comhlacht na Rialt\u00f3ir\u00ed Eorpacha um Chumars\u00e1id Leictreonach (BEREC)<\/li>\n<li><span data-sheets-value=\"{&quot;1&quot;:2,&quot;2&quot;:&quot;An Gr\\u00fapa Beartais um Speictrim Raidi\\u00f3&quot;}\" data-sheets-userformat=\"{&quot;2&quot;:15233,&quot;3&quot;:[null,0],&quot;10&quot;:2,&quot;11&quot;:0,&quot;12&quot;:0,&quot;14&quot;:[null,2,0],&quot;15&quot;:&quot;Calibri, sans-serif&quot;,&quot;16&quot;:11}\">An Gr\u00fapa Beartais um Speictrim Raidi\u00f3 (RSPG)<\/span><\/li>\n<li>Gr\u00fapa Rialt\u00f3ir\u00ed Neamhsple\u00e1cha\u00a0(IRG)<\/li>\n<li>An Comhdh\u00e1il Eorpach do R\u00edar\u00fa Poist agus Teileachumars\u00e1ide<\/li>\n<li>An tAontas Idirn\u00e1isi\u00fanta Teileachumars\u00e1ide (ITU)<\/li>\n<li>an Eagra\u00edocht um Chomhar agus Fhorbairt Eacnama\u00edochta (ECFE)<\/li>\n<\/ul>\n<p>Glacann an Coimisi\u00fan um Rial\u00e1il Cumars\u00e1ide p\u00e1irt i ngach eagra\u00edocht ag leibhe\u00e1l ghr\u00fapa oibre agus\u00a0 ioml\u00e1nach.<\/p>\n","protected":false},"excerpt":{"rendered":"<p>An tAonad Idirn\u00e1isi\u00fanta B\u00edonn an Coimisi\u00fan um Rial\u00e1il Cumars\u00e1ide (ComReg) ag feidhmi\u00fa i dtimpeallacht Eorpach agus idirn\u00e1isi\u00fanta at\u00e1 dushl\u00e1nach agus a athra\u00edonn go tapaigh. Mar &hellip; <a href=\"https:\/\/www.comreg.ie\/ga\/fuinn\/idirnaisiunta\/\"><\/a><\/p>\n","protected":false},"author":31,"featured_media":0,"parent":90181,"menu_order":6,"comment_status":"closed","ping_status":"closed","template":"templates\/template-topic-pages.php","meta":{"_acf_changed":false,"_relevanssi_hide_post":"","_relevanssi_hide_content":"","_relevanssi_pin_for_all":"","_relevanssi_pin_keywords":"","_relevanssi_unpin_keywords":"","_relevanssi_related_keywords":"","_relevanssi_related_include_ids":"","_relevanssi_related_exclude_ids":"","_relevanssi_related_no_append":"","_relevanssi_related_not_related":"","_relevanssi_related_posts":"","_relevanssi_noindex_reason":"","footnotes":"","_wp_rev_ctl_limit":""},"class_list":["post-91151","page","type-page","status-publish","hentry"],"acf":[],"aioseo_notices":[],"_links":{"self":[{"href":"https:\/\/www.comreg.ie\/ga\/wp-json\/wp\/v2\/pages\/91151","targetHints":{"allow":["GET"]}}],"collection":[{"href":"https:\/\/www.comreg.ie\/ga\/wp-json\/wp\/v2\/pages"}],"about":[{"href":"https:\/\/www.comreg.ie\/ga\/wp-json\/wp\/v2\/types\/page"}],"author":[{"embeddable":true,"href":"https:\/\/www.comreg.ie\/ga\/wp-json\/wp\/v2\/users\/31"}],"replies":[{"embeddable":true,"href":"https:\/\/www.comreg.ie\/ga\/wp-json\/wp\/v2\/comments?post=91151"}],"version-history":[{"count":0,"href":"https:\/\/www.comreg.ie\/ga\/wp-json\/wp\/v2\/pages\/91151\/revisions"}],"up":[{"embeddable":true,"href":"https:\/\/www.comreg.ie\/ga\/wp-json\/wp\/v2\/pages\/90181"}],"wp:attachment":[{"href":"https:\/\/www.comreg.ie\/ga\/wp-json\/wp\/v2\/media?parent=91151"}],"curies":[{"name":"wp","href":"https:\/\/api.w.org\/{rel}","templated":true}]}}