{"id":92013,"date":"2016-05-06T14:25:47","date_gmt":"2016-05-06T14:25:47","guid":{"rendered":"http:\/\/comreg.isobar.ninja\/?page_id=92013&#038;lang=ga"},"modified":"2021-04-01T14:22:10","modified_gmt":"2021-04-01T14:22:10","slug":"an-ghaeilge","status":"publish","type":"page","link":"https:\/\/www.comreg.ie\/ga\/an-ghaeilge\/","title":{"rendered":"An Ghaeilge"},"content":{"rendered":"<p><strong>ComReg agus An Ghaeilge<\/strong><\/p>\n<p>Tagann ComReg faoi sc\u00e1th <a title=\"This link will open in a new window\" href=\"http:\/\/www.irishstatutebook.ie\/eli\/2003\/act\/32\/enacted\/en\/print.html\" target=\"_blank\" rel=\"noopener noreferrer\">Acht na dTeangacha Oifigi\u00fala 2003<\/a> (An tAcht). Leagann an tAcht dualgais teanga ar chomhlachta\u00ed poibl\u00ed ainmnithe i dtr\u00ed bhealach \u00e9ags\u00fala: <a title=\"This link will open in a new window\" href=\"http:\/\/www.coimisineir.ie\/index.php?page=de_reir_rialachan&amp;tid=11&amp;lang=gaeilge\" target=\"_blank\" rel=\"noopener noreferrer\">Rialach\u00e1in<\/a>, <a title=\"This link will open in a new window\" href=\"http:\/\/www.coimisineir.ie\/index.php?page=reachtuil&amp;tid=11&amp;lang=gaeilge\" target=\"_blank\" rel=\"noopener noreferrer\">Dualgais Dh\u00edreacha<\/a> agus <a title=\"This link will open in a new window\" href=\"http:\/\/www.coimisineir.ie\/index.php?page=de_reir_sceime&amp;tid=11&amp;lang=gaeilge\" target=\"_blank\" rel=\"noopener noreferrer\">Sc\u00e9im Teanga<\/a>. D\u00e9anann ComReg gach iarracht na dualgais seo ar fad a chomhl\u00edonadh. Gheobhaidh t\u00fa th\u00edos eolas ar na seirbhis\u00ed at\u00e1 ar f\u00e1il, agus a bheidh ar f\u00e1il idir seo agus deireadh na Sc\u00e9ime Teanga ComReg 2020-2023.<\/p>\n<p><strong>Seirbh\u00eds\u00ed<\/strong><\/p>\n<p>D\u00edr\u00edonn \u00e1r gcuid gn\u00edomha\u00edochta\u00ed ar \u00fas\u00e1ideoir\u00ed seirbh\u00eds\u00ed chumars\u00e1ide leictreona\u00ed agus poist i gc\u00farsa\u00ed gn\u00f3, sa bhaile agus ar shol\u00e1thr\u00f3ir\u00ed na seribh\u00eds\u00ed \u00fad. Cuireann ComReg seirbh\u00eds i nGaeilge ar f\u00e1il d\u00f3ibh si\u00fad ar mhaith leo a gcuid gn\u00f3 a dh\u00e9anamh linn tr\u00ed Ghaeilge. Chomh maith le sin, cuireann ComReg na dualgais ar fad a thagann faoi Acht na dTeangacha Oifigi\u00fala i bhfeidhm tr\u00edd \u00e1r Sc\u00e9im Teanga agus tr\u00edd \u00e1r mbaill foirne \u2013 iad si\u00fad a bhfuil Gaeilge acu agus nach bhfuil.<\/p>\n<p><strong>Seirbh\u00eds\u00ed Tomhalt\u00f3ra:<\/strong> Is feidir glaoch a chur ar 01 804 9668 n\u00f3 r\u00edomhphost a chur chuig <a title=\"This link will open in a new window\" href=\"mailto:consumerline@comreg.ie\" target=\"_blank\" rel=\"noopener noreferrer\">consumerline@comreg.ie<\/a> chun teacht ar sheirbh\u00eds i nGaeilge.<\/p>\n<p><strong>Seirbh\u00eds\u00ed Tionsc\u00e1la\u00edochta:<\/strong> Is f\u00e9idir glaoch a chur ar 01 804 9797 n\u00f3 <a title=\"This link will open in a new window\" href=\"mailto:businessconsumers@comreg.ie\" target=\"_blank\" rel=\"noopener noreferrer\">businessconsumers@comreg.ie<\/a> chun teacht ar sheirbh\u00eds i nGaeilge.<\/p>\n<p>&nbsp;<\/p>\n<p><strong>Sc\u00e9im Teanga ComReg 2020-2023<\/strong><\/p>\n<p>Aonta\u00edodh <a href=\"\/media\/2020\/12\/AT76-Coim.-um-Rialail-Cumarsaide-Sceim-2-GA-CRIOCH.pdf\">Sc\u00e9im Teanga ComReg<\/a> ar an 21 Nollaig 2020. Is gealltanais chuimsitheacha iad gealltanais ComReg faoin sc\u00e9im. Ina measc, t\u00e1 an phr\u00edomhnasclean\u00faint, an nasclean\u00faint th\u00e1naisteach agus an nasclean\u00faint threasach ar f\u00e1\u00edl i nGaeilge ar an su\u00edomh. Cuirfear n\u00edos m\u00f3 \u00e1bhar ar f\u00e1il go d\u00e1theangach ar an su\u00edomh le linn sc\u00e9ime, ag d\u00edri\u00fa go pr\u00edomha ar sheirbhis\u00ed tomhalt\u00f3ra. Eiseofar c\u00e9atad\u00e1n airithe de phreas r\u00e1iteas ComReg go d\u00e1theangach le linn na sc\u00e9ime. T\u00e1thar ag s\u00fail leis an gc\u00e9atad\u00e1n seo a ard\u00fa sna sc\u00e9imeanna a bheidh ann amach anseo, ag braith ar acmhanna\u00ed. Fanfaidh an sc\u00e9im \u00ed i bhfeidhm ar feadh tr\u00e9imhse 3 bhliana, n\u00f3 go dt\u00ed go bhfuil sc\u00e9im nua deimhnithe, cib\u00e9 is d\u00e9ana\u00ed.<\/p>\n<p>Cuirfear n\u00edos m\u00f3 tv\u00faiteanna amach i nGaeilge ar chuntas <a title=\"This link will open in a new window\" href=\"https:\/\/twitter.com\/comreg\" target=\"_blank\" rel=\"noopener noreferrer\">Twitter ComReg<\/a>.<\/p>\n<p>M\u00e1 t\u00e1 ceist ar bith agat maidir leis an nGaeilge agus ComReg is f\u00e9idir teagmh\u00e1il a dh\u00e9anamh le <a title=\"This link will open in a new window\" href=\"mailto:gaeilge@comreg.ie\" target=\"_blank\" rel=\"noopener noreferrer\">gaeilge@comreg.ie<\/a>, is m\u00f3r againn aon aiseolas.<\/p>\n<p><strong>An Coimisin\u00e9ir Teanga<\/strong><\/p>\n<p>Is \u00e9 <a title=\"This link will open in a new window\" href=\"http:\/\/www.coimisineir.ie\/\" target=\"_blank\" rel=\"noopener noreferrer\">an Coimisin\u00e9ir Teanga<\/a> at\u00e1 freagrach as monat\u00f3ireacht a dh\u00e9anamh ar an gcaoi a bhfuil for\u00e1lacha Acht na dTeangacha Oifigi\u00fala \u00e1 gcomhl\u00edonadh ag comhlachta\u00ed poibl\u00ed agus gach beart riachtanach a dh\u00e9anamh chun a chinnti\u00fa go gcomhl\u00edonfaidh comhlachta\u00ed poibl\u00ed a ndualgais faoin Acht. Is f\u00e9idir\u00a0leat teagmh\u00e1il d\u00edreach a dh\u00e9anamh le h<a title=\"This link will open in a new window\" href=\"http:\/\/www.coimisineir.ie\/index.php?page=sonrai_tagmhala&amp;tid=3\" target=\"_blank\" rel=\"noopener noreferrer\">Oifig an Choimisin\u00e9ara Teanga<\/a>.<\/p>\n","protected":false},"excerpt":{"rendered":"<p>ComReg agus An Ghaeilge Tagann ComReg faoi sc\u00e1th Acht na dTeangacha Oifigi\u00fala 2003 (An tAcht). Leagann an tAcht dualgais teanga ar chomhlachta\u00ed poibl\u00ed ainmnithe i &hellip; <a href=\"https:\/\/www.comreg.ie\/ga\/an-ghaeilge\/\"><\/a><\/p>\n","protected":false},"author":54,"featured_media":0,"parent":0,"menu_order":55,"comment_status":"closed","ping_status":"closed","template":"templates\/template-full-width.php","meta":{"_acf_changed":false,"_relevanssi_hide_post":"","_relevanssi_hide_content":"","_relevanssi_pin_for_all":"","_relevanssi_pin_keywords":"","_relevanssi_unpin_keywords":"","_relevanssi_related_keywords":"","_relevanssi_related_include_ids":"","_relevanssi_related_exclude_ids":"","_relevanssi_related_no_append":"","_relevanssi_related_not_related":"","_relevanssi_related_posts":"","_relevanssi_noindex_reason":"","footnotes":"","_wp_rev_ctl_limit":""},"class_list":["post-92013","page","type-page","status-publish","hentry"],"acf":[],"aioseo_notices":[],"_links":{"self":[{"href":"https:\/\/www.comreg.ie\/ga\/wp-json\/wp\/v2\/pages\/92013","targetHints":{"allow":["GET"]}}],"collection":[{"href":"https:\/\/www.comreg.ie\/ga\/wp-json\/wp\/v2\/pages"}],"about":[{"href":"https:\/\/www.comreg.ie\/ga\/wp-json\/wp\/v2\/types\/page"}],"author":[{"embeddable":true,"href":"https:\/\/www.comreg.ie\/ga\/wp-json\/wp\/v2\/users\/54"}],"replies":[{"embeddable":true,"href":"https:\/\/www.comreg.ie\/ga\/wp-json\/wp\/v2\/comments?post=92013"}],"version-history":[{"count":0,"href":"https:\/\/www.comreg.ie\/ga\/wp-json\/wp\/v2\/pages\/92013\/revisions"}],"wp:attachment":[{"href":"https:\/\/www.comreg.ie\/ga\/wp-json\/wp\/v2\/media?parent=92013"}],"curies":[{"name":"wp","href":"https:\/\/api.w.org\/{rel}","templated":true}]}}