{"id":92681,"date":"2016-05-19T14:45:25","date_gmt":"2016-05-19T14:45:25","guid":{"rendered":"http:\/\/comreg.isobar.ninja\/faoi\/sceim-foilsitheoireachta-sf\/access-to-information-on-the-environment\/?lang=ga"},"modified":"2021-09-24T18:48:27","modified_gmt":"2021-09-24T18:48:27","slug":"faisneis-comhshaol","status":"publish","type":"page","link":"https:\/\/www.comreg.ie\/ga\/fuinn\/sceim-foilsitheoireachta-sf\/faisneis-comhshaol\/","title":{"rendered":"Rochtain ar Fhaisn\u00e9is maidir leis an gComhshaol"},"content":{"rendered":"<h2><strong>Rochtain ar Fhaisn\u00e9is maidir leis an gComhshaol (RFC)<\/strong><\/h2>\n<p>Tugann Rialach\u00e1in na gComhphobal Eorpach (Rochtain ar Fhaisn\u00e9is maidir leis an gComhshaol) 2007 go 2014 (I.R. U. 133 \u00f3 2007, I.R. 662 \u00f3 2011 agus I.R. 615 \u00f3 2014), ar a dtugtar \u2018na Rialach\u00e1in RFC\u2019 as seo amach, cearta dl\u00edth\u00fala d\u00f3ibh si\u00fad a bhfuil f\u00e1isn\u00e9is \u00f3 \u00fadar\u00e1is phoibl\u00ed uathu faoin gcomhphobal.<\/p>\n<h3><strong>Eolas Ginear\u00e1lta<\/strong><\/h3>\n<p>Faoi r\u00e9ir ag eisceachta\u00ed \u00e1irithe, n\u00ed m\u00f3r faisn\u00e9is maidir leis an gcomhshaol a shealbha\u00edonn \u00fadar\u00e1s poibl\u00ed n\u00f3 a shealbha\u00edtear thar a cheann, a chur ar f\u00e1il d\u2019aon duine ach \u00e9 a iarraidh.<\/p>\n<p>For\u00e1lann na Rialach\u00e1in sainmh\u00edni\u00fa ar eolas maidir leis an gcomhshaol agus d\u00e9anann cur s\u00edos ar an mbealach in ar f\u00e9idir iarratais ar eolas a chur faoi bhr\u00e1id na n-\u00fadar\u00e1s p\u00f3ibl\u00ed. For\u00e1lann na Rialach\u00e1in freisin do n\u00f3s imeachta achomhairc fhoirmi\u00fail i gc\u00e1s nach mb\u00edonn duine s\u00e1sta leis an gcinneadh ar a iarratas.<\/p>\n<h3><strong>Conas Iarratas RFC a dh\u00e9anamh?<\/strong><\/h3>\n<p>Ba ch\u00f3ir iarratais le haghaidh Rochtain ar Fhaisn\u00e9is maidir leis an gComhshaol a dh\u00e9anamh do:<\/p>\n<p>Feidhmeannach Rochtana Faisn\u00e9ise<br \/>\nCoimisi\u00fan um Rial\u00e1il Cumars\u00e1ide,<br \/>\n1 L\u00e1rcheantar na nDuga\u00ed,<br \/>\nSr\u00e1id na nGildeanna,<br \/>\nB\u00c1C 1, D01 E4X0.<br \/>\nR\u00edomhphost: <a href=\"mailto:aie@comreg.ie\">aie@comreg.ie<\/a><\/p>\n<p>Nuair at\u00e1 iarratas \u00e1 dh\u00e9anamh faoi na Rialach\u00e1in um Rochtain ar Fhaisn\u00e9is ar an gComhshaoil caithfear:<\/p>\n<ul>\n<li>a chur in i\u00fal go bhfuil an t-iarratas \u00e1 dh\u00e9anamh faoi na Rialach\u00e1in RFC agus an t-iarratas a chur isteach i scr\u00edbhinn n\u00f3 ar fhoirm leictreonach (<a href=\"mailto:aie@comreg.ie\">aie@comreg.ie<\/a>).<\/li>\n<li>do shonra\u00ed teangmh\u00e1la a chur ar f\u00e1il.<\/li>\n<li>abair go sonrach, an fh\u00e1isn\u00e9is maidir leis an gcomhshaol at\u00e1 uait agus b\u00ed soil\u00e9ir maidir leis an an gcine\u00e1l agus modh rochtana at\u00e1 uait.<\/li>\n<\/ul>\n<p>De ghn\u00e1th, cuirfear ar an eolas th\u00fa faoin gcinneadh ar d\u2019iarratas laistigh de 1 mh\u00ed \u00f3n am faighte.<\/p>\n<h3><strong>T\u00e1ill\u00ed &amp; Costais<\/strong><\/h3>\n<p>N\u00edl aon t\u00e1ille tosaigh ar iarratas a dh\u00e9anamh faoi na Rialach\u00e1in RFC. D\u2019fh\u00e9adfadh go ngearrfadh ComReg t\u00e1ille r\u00e9as\u00fanta ort chun an t-eolas a lorga\u00edodh a chur ar f\u00e1il. F\u00e9adfaidh costais a ghearradh do chur le ch\u00e9ile an eolais, n\u00f3 costais c\u00f3ipe\u00e1la, cl\u00f3d\u00f3ireachta agus poist.<\/p>\n<ul>\n<li>N\u00ed f\u00e9idir le h\u00fadar\u00e1is ph\u00f3ibl\u00ed t\u00e1ill\u00ed a ghearradh le haghaidh rochtana ar chl\u00e1ir, liosta\u00ed fh\u00e1isn\u00e9is maidir leis an gcomhshaol n\u00f3 imscurd\u00fa ar an bhf\u00e1isn\u00e9is seo in situ.<\/li>\n<li>N\u00ed m\u00f3r d\u2019\u00fadar\u00e1is phoibl\u00ed liosta na dt\u00e1ill\u00ed, m\u00e1s ann d\u00f3ibh, a ghearrtar ar s\u00f3lath\u00e1ir f\u00e1isn\u00e9ise maidir leis an gcomhshaol a chur ar f\u00e1il go p\u00f3ibl\u00ed.<\/li>\n<li>N\u00edl aon t\u00e1ille ag baint le hiarratas ar athbhreithni\u00fa inmhe\u00e1nach.<\/li>\n<li>\u00d3n 19 Nollaig 2014 ar aghaidh, is \u00e9 \u20ac50 an t\u00e1ille leasaithe; n\u00f3 \u20ac15 m\u00e1s sealbh\u00f3ir ch\u00e1rta leighis th\u00fa; m\u00e1s t\u00e9 cleithi\u00fanach th\u00fa ar shealbh\u00f3ir ch\u00e1rta; n\u00f3 m\u00e1s tri\u00fa ph\u00e1irt\u00ed th\u00fa, a bhaineann le hachomharc a dh\u00e9anamh chuig an Coimisin\u00e9ir um F\u00e1isn\u00e9is Comhshaoil.<\/li>\n<\/ul>\n<h3><strong>Cad ar f\u00e9idir liom a dh\u00e9anamh mura bhfuilim s\u00e1sta leis an gcinneadh ar m\u2019iarratas?<\/strong><\/h3>\n<p>Ma cheapann t\u00fa gur di\u00falta\u00edodh d\u2019iarratas bunaidh ar fhaisn\u00e9is chomhshaoil, go l\u00e9ir n\u00f3 i bp\u00e1irt, n\u00f3 seachas sin n\u00e1r d\u00e9ile\u00e1ladh leis i gceart de r\u00e9ir for\u00e1lacha na Rialach\u00e1n RFC, tig leat, laistigh d\u2019aon mh\u00ed tar \u00e9is chinneadh na Roinne a fh\u00e1il, iarratas a chur chuig an Roinn chun athbhreithni\u00fa inmhe\u00e1nach a dh\u00e9anamh ar an gcinneadh go l\u00e9ir n\u00f3 i bp\u00e1irt.<\/p>\n<p>N\u00ed ghearrfar aon t\u00e1ille don phr\u00f3iseas athbhreithnithe inmhe\u00e1nach.<\/p>\n<p>Cuirfear toradh an athbhreithnithe chugat i scr\u00edbhinn, ag cur an chinnidh f\u00e9in chomh maith leis an gc\u00fais in i\u00fal duit laistigh de mh\u00ed amh\u00e1in \u00f3n d\u00e1ta a bhfaighfear an t-iarratas uait. Tabharfar comhairle duit faoi do cheart ar achomharc a dh\u00e9anamh chuig an gCoimisin\u00e9ir um Fhaisn\u00e9is Chomhshaoil, lena n-\u00e1ir\u00edtear na teorainneacha ama agus na t\u00e1ill\u00ed a bhaineann le hachomharc den ts\u00f3rt sin chomh maith.<\/p>\n<p>M\u00e1 t\u00e1 aon cheist agat, is f\u00e9idir teagmh\u00e1il a dh\u00e9anamh leis an bhFeidhmeannach Rochtana Faisn\u00e9ise ar 018049689 n\u00f3 <a href=\"mailto:aie@comreg.ie\">aie@comreg.ie<\/a><\/p>\n<p>Naisc: <a title=\"This link will open in a new window\" href=\"http:\/\/www.housing.gov.ie\/ga\" target=\"_blank\" rel=\"noopener noreferrer\">An Roinn Tith\u00edochta, Plean\u00e1la, Pobail agus Rialtais \u00c1iti\u00fail<\/a><\/p>\n","protected":false},"excerpt":{"rendered":"<p>Rochtain ar Fhaisn\u00e9is maidir leis an gComhshaol (RFC) Tugann Rialach\u00e1in na gComhphobal Eorpach (Rochtain ar Fhaisn\u00e9is maidir leis an gComhshaol) 2007 go 2014 (I.R. U. &hellip; <a href=\"https:\/\/www.comreg.ie\/ga\/fuinn\/sceim-foilsitheoireachta-sf\/faisneis-comhshaol\/\"><\/a><\/p>\n","protected":false},"author":31,"featured_media":0,"parent":90258,"menu_order":6,"comment_status":"closed","ping_status":"closed","template":"templates\/template-topic-pages.php","meta":{"_acf_changed":false,"_relevanssi_hide_post":"","_relevanssi_hide_content":"","_relevanssi_pin_for_all":"","_relevanssi_pin_keywords":"","_relevanssi_unpin_keywords":"","_relevanssi_related_keywords":"","_relevanssi_related_include_ids":"","_relevanssi_related_exclude_ids":"","_relevanssi_related_no_append":"","_relevanssi_related_not_related":"","_relevanssi_related_posts":"","_relevanssi_noindex_reason":"","footnotes":"","_wp_rev_ctl_limit":""},"class_list":["post-92681","page","type-page","status-publish","hentry"],"acf":[],"aioseo_notices":[],"_links":{"self":[{"href":"https:\/\/www.comreg.ie\/ga\/wp-json\/wp\/v2\/pages\/92681","targetHints":{"allow":["GET"]}}],"collection":[{"href":"https:\/\/www.comreg.ie\/ga\/wp-json\/wp\/v2\/pages"}],"about":[{"href":"https:\/\/www.comreg.ie\/ga\/wp-json\/wp\/v2\/types\/page"}],"author":[{"embeddable":true,"href":"https:\/\/www.comreg.ie\/ga\/wp-json\/wp\/v2\/users\/31"}],"replies":[{"embeddable":true,"href":"https:\/\/www.comreg.ie\/ga\/wp-json\/wp\/v2\/comments?post=92681"}],"version-history":[{"count":0,"href":"https:\/\/www.comreg.ie\/ga\/wp-json\/wp\/v2\/pages\/92681\/revisions"}],"up":[{"embeddable":true,"href":"https:\/\/www.comreg.ie\/ga\/wp-json\/wp\/v2\/pages\/90258"}],"wp:attachment":[{"href":"https:\/\/www.comreg.ie\/ga\/wp-json\/wp\/v2\/media?parent=92681"}],"curies":[{"name":"wp","href":"https:\/\/api.w.org\/{rel}","templated":true}]}}