{"id":93015,"date":"2016-05-26T10:07:28","date_gmt":"2016-05-26T10:07:28","guid":{"rendered":"http:\/\/comreg.isobar.ninja\/tionsclaiocht\/cumarsaid-leictreonach\/data-portal\/?lang=ga"},"modified":"2024-10-22T04:19:05","modified_gmt":"2024-10-22T04:19:05","slug":"tuarascail-raithiuil-eochairsonrai","status":"publish","type":"page","link":"https:\/\/www.comreg.ie\/ga\/tionsclaiocht\/cumarsaid-leictreonach\/tuarascail-raithiuil-eochairsonrai\/","title":{"rendered":"Tuarasc\u00e1il R\u00e1ithi\u00fail Eochairsonra\u00ed"},"content":{"rendered":"<p><span lang=\"en\">ComReg data portal acts as a central portal for presentation of statistical data on the Electronic Communications market and to facilitate personalised downloads of published statistical information. This data is also published in <a href=\"\/industry\/electronic-communications\/market-information\/quarterly-key-data-report\/\">ComReg Quarterly Key Data Reports<\/a>.<\/p>\n<p>The information and statistics stored on this site are derived from a variety of sources, but are mostly reliant on data obtained from authorised electronic communications operators.<\/p>\n<p>If you have any queries, comments or suggestions for additional content on this site, please email <a href=\"mailto:trend@comreg.ie\">ComReg<\/a>.<\/span><\/p>\n","protected":false},"excerpt":{"rendered":"<p>ComReg data portal acts as a central portal for presentation of statistical data on the Electronic Communications market and to facilitate personalised downloads of published &hellip; <a href=\"https:\/\/www.comreg.ie\/ga\/tionsclaiocht\/cumarsaid-leictreonach\/tuarascail-raithiuil-eochairsonrai\/\"><\/a><\/p>\n","protected":false},"author":31,"featured_media":0,"parent":90295,"menu_order":0,"comment_status":"closed","ping_status":"closed","template":"templates\/template-topic-pages-noanchors.php","meta":{"_acf_changed":false,"_relevanssi_hide_post":"","_relevanssi_hide_content":"","_relevanssi_pin_for_all":"","_relevanssi_pin_keywords":"","_relevanssi_unpin_keywords":"","_relevanssi_related_keywords":"","_relevanssi_related_include_ids":"","_relevanssi_related_exclude_ids":"","_relevanssi_related_no_append":"","_relevanssi_related_not_related":"","_relevanssi_related_posts":"","_relevanssi_noindex_reason":"","footnotes":"","_wp_rev_ctl_limit":""},"class_list":["post-93015","page","type-page","status-publish","hentry"],"acf":[],"aioseo_notices":[],"_links":{"self":[{"href":"https:\/\/www.comreg.ie\/ga\/wp-json\/wp\/v2\/pages\/93015","targetHints":{"allow":["GET"]}}],"collection":[{"href":"https:\/\/www.comreg.ie\/ga\/wp-json\/wp\/v2\/pages"}],"about":[{"href":"https:\/\/www.comreg.ie\/ga\/wp-json\/wp\/v2\/types\/page"}],"author":[{"embeddable":true,"href":"https:\/\/www.comreg.ie\/ga\/wp-json\/wp\/v2\/users\/31"}],"replies":[{"embeddable":true,"href":"https:\/\/www.comreg.ie\/ga\/wp-json\/wp\/v2\/comments?post=93015"}],"version-history":[{"count":1,"href":"https:\/\/www.comreg.ie\/ga\/wp-json\/wp\/v2\/pages\/93015\/revisions"}],"predecessor-version":[{"id":131521,"href":"https:\/\/www.comreg.ie\/ga\/wp-json\/wp\/v2\/pages\/93015\/revisions\/131521"}],"up":[{"embeddable":true,"href":"https:\/\/www.comreg.ie\/ga\/wp-json\/wp\/v2\/pages\/90295"}],"wp:attachment":[{"href":"https:\/\/www.comreg.ie\/ga\/wp-json\/wp\/v2\/media?parent=93015"}],"curies":[{"name":"wp","href":"https:\/\/api.w.org\/{rel}","templated":true}]}}