{"id":93017,"date":"2016-05-25T13:57:00","date_gmt":"2016-05-25T13:57:00","guid":{"rendered":"http:\/\/comreg.isobar.ninja\/tionsclaiocht\/cumarsaid-leictreonach\/market-information\/quarterly-key-data-report-consultations\/?lang=ga"},"modified":"2021-10-02T13:00:11","modified_gmt":"2021-10-02T13:00:11","slug":"comhairliuchain-thuarascalacha-phriomhsonrai-raithiula","status":"publish","type":"page","link":"https:\/\/www.comreg.ie\/ga\/tionsclaiocht\/cumarsaid-leictreonach\/faisneis-mhargaidh\/comhairliuchain-thuarascalacha-phriomhsonrai-raithiula\/","title":{"rendered":"Comhairli\u00fach\u00e1in ar Thuarasc\u00e1lacha Phr\u00edomhshonra\u00ed R\u00e1ithi\u00fala"},"content":{"rendered":"<p><span lang=\"en\"><strong>QKDR Questionnaires<\/strong><\/span><\/p>\n<p><span lang=\"en\">The latest version of QKDR questionnaires can be downloaded below:<\/p>\n<p><a href=\"http:\/\/www.comreg.ie\/media\/2016\/09\/QKDR-Fixed-Questionnaire-Q3-2016.xls\">QKDR Fixed Questionnaire Q3 2016<\/a><\/p>\n<p><a href=\"http:\/\/www.comreg.ie\/media\/2016\/09\/QKDR-Mobile-Questionnaire-Q3-2016.xls\">QKDR Mobile Questionnaire Q3 2016<\/a><\/span><\/p>\n<p><span lang=\"en\"><strong>Instructions for using ComReg file upload facility<\/strong><\/span><\/p>\n<p><span lang=\"en\">User instructions for\u00a0<a href=\"\/csv\/downloads\/UploadInstructions.png\">ComReg file upload facility<\/a>.<\/span><\/p>\n<p><span lang=\"en\"><strong>QKDR process reviews<\/strong><\/span><\/p>\n<p><span lang=\"en\">Periodically ComReg reviews the structure and content of the Key Data Quarterly Report as well as processes used for collection of statistical information following public consultations. Most recent reviews were made in <a href=\"\/csv\/downloads\/ComReg0542.pdf\">2005<\/a> and <a href=\"\/csv\/downloads\/ComReg_0891.pdf\">2008<\/a>.<\/span><\/p>\n","protected":false},"excerpt":{"rendered":"<p>QKDR Questionnaires The latest version of QKDR questionnaires can be downloaded below: QKDR Fixed Questionnaire Q3 2016 QKDR Mobile Questionnaire Q3 2016 Instructions for using &hellip; <a href=\"https:\/\/www.comreg.ie\/ga\/tionsclaiocht\/cumarsaid-leictreonach\/faisneis-mhargaidh\/comhairliuchain-thuarascalacha-phriomhsonrai-raithiula\/\"><\/a><\/p>\n","protected":false},"author":31,"featured_media":0,"parent":90397,"menu_order":1,"comment_status":"closed","ping_status":"closed","template":"templates\/template-topic-pages-noanchors.php","meta":{"_acf_changed":false,"_relevanssi_hide_post":"","_relevanssi_hide_content":"","_relevanssi_pin_for_all":"","_relevanssi_pin_keywords":"","_relevanssi_unpin_keywords":"","_relevanssi_related_keywords":"","_relevanssi_related_include_ids":"","_relevanssi_related_exclude_ids":"","_relevanssi_related_no_append":"","_relevanssi_related_not_related":"","_relevanssi_related_posts":"","_relevanssi_noindex_reason":"","footnotes":"","_wp_rev_ctl_limit":""},"class_list":["post-93017","page","type-page","status-publish","hentry"],"acf":[],"aioseo_notices":[],"_links":{"self":[{"href":"https:\/\/www.comreg.ie\/ga\/wp-json\/wp\/v2\/pages\/93017","targetHints":{"allow":["GET"]}}],"collection":[{"href":"https:\/\/www.comreg.ie\/ga\/wp-json\/wp\/v2\/pages"}],"about":[{"href":"https:\/\/www.comreg.ie\/ga\/wp-json\/wp\/v2\/types\/page"}],"author":[{"embeddable":true,"href":"https:\/\/www.comreg.ie\/ga\/wp-json\/wp\/v2\/users\/31"}],"replies":[{"embeddable":true,"href":"https:\/\/www.comreg.ie\/ga\/wp-json\/wp\/v2\/comments?post=93017"}],"version-history":[{"count":0,"href":"https:\/\/www.comreg.ie\/ga\/wp-json\/wp\/v2\/pages\/93017\/revisions"}],"up":[{"embeddable":true,"href":"https:\/\/www.comreg.ie\/ga\/wp-json\/wp\/v2\/pages\/90397"}],"wp:attachment":[{"href":"https:\/\/www.comreg.ie\/ga\/wp-json\/wp\/v2\/media?parent=93017"}],"curies":[{"name":"wp","href":"https:\/\/api.w.org\/{rel}","templated":true}]}}