{"id":93034,"date":"2016-05-27T14:46:02","date_gmt":"2016-05-27T14:46:02","guid":{"rendered":"http:\/\/comreg.isobar.ninja\/faoi\/an-meid-a-dheanaimid\/corporate-governance\/?lang=ga"},"modified":"2021-09-26T12:36:31","modified_gmt":"2021-09-26T12:36:31","slug":"rialachas-corparaideach","status":"publish","type":"page","link":"https:\/\/www.comreg.ie\/ga\/fuinn\/an-meid-a-dheanaimid-2\/rialachas-corparaideach\/","title":{"rendered":"Rialachas Corpar\u00e1ideach"},"content":{"rendered":"<p>Baineann na c\u00e1ip\u00e9is\u00ed th\u00edos le Rialachas Corpar\u00e1ideach ComReg.<\/p>\n<p><a title=\"This link will open in a new window\" href=\"\/csv\/downloads\/ComRegCodeBCComm.pdf\" target=\"_blank\" rel=\"noopener noreferrer\">ComReg Code of Business Conduct for Commissioners of ComReg<\/a><\/p>\n<p><a title=\"This link will open in a new window\" href=\"\/csv\/downloads\/ComRegCodeBC.pdf\" target=\"_blank\" rel=\"noopener noreferrer\">ComReg Code of Business Conduct for Staff of ComReg<\/a><\/p>\n<p><a title=\"This link will open in a new window\" href=\"\/csv\/downloads\/ComRegCodeFM.pdf\" target=\"_blank\" rel=\"noopener noreferrer\">ComReg Code of Financial Management<\/a><\/p>\n<p><a href=\"\/media\/2021\/07\/ComReg_AnnualReport_19-20_Gaeilge_web.pdf\">Tuarasc\u00e1il Bhliant\u00fail 2019\/2020<\/a><\/p>\n<p>&nbsp;<\/p>\n<h2 id=\"z1099\">Ioca\u00edochta\u00ed R\u00e1ithi\u00fala<\/h2>\n<div class=\"ArticleSpan\">\n<ul>\n<li><a title=\"This link will open in a new window\" href=\"\/csv\/downloads\/Q3%20-%20July%20to%20September%202011.pdf\" target=\"_blank\" rel=\"noopener noreferrer\">Q3 &#8211; July to Sept 2011<\/a><\/li>\n<li><a title=\"This link will open in a new window\" href=\"\/csv\/downloads\/Q4%20-%20October%20to%20December%202011.pdf\" target=\"_blank\" rel=\"noopener noreferrer\">Q4 &#8211; Oct to Dec 2011<\/a><\/li>\n<li><a title=\"This link will open in a new window\" href=\"\/csv\/downloads\/Q1%20-%20Jan%20to%20March%202012.pdf\" target=\"_blank\" rel=\"noopener noreferrer\">Q1 &#8211; Jan to March 2012<\/a><\/li>\n<li><a title=\"This link will open in a new window\" href=\"\/csv\/downloads\/Q2%20-%20April%20to%20June%202012.pdf\" target=\"_blank\" rel=\"noopener noreferrer\">Q2 &#8211; April to June 2012<\/a><\/li>\n<li><a title=\"This link will open in a new window\" href=\"\/csv\/downloads\/PPJulySept2012.pdf\" target=\"_blank\" rel=\"noopener noreferrer\">Q3 &#8211; July to Sept 2012<\/a><\/li>\n<li><a title=\"This link will open in a new window\" href=\"\/csv\/downloads\/Prompt%20Payments%20Q4%202012.pdf\" target=\"_blank\" rel=\"noopener noreferrer\">Q4 &#8211; Oct to Dec 2012<\/a><\/li>\n<li><a title=\"This link will open in a new window\" href=\"\/csv\/downloads\/QPQ12013.pdf\" target=\"_blank\" rel=\"noopener noreferrer\">Q1 &#8211; Jan to March 2013<\/a><\/li>\n<li><a title=\"This link will open in a new window\" href=\"\/csv\/downloads\/Prompt%20Payment%20Q2%202013.pdf\" target=\"_blank\" rel=\"noopener noreferrer\">Q2 &#8211; April to June 2013<\/a><\/li>\n<li><a title=\"This link will open in a new window\" href=\"\/csv\/downloads\/Q3%20-%20July%20to%20September%202013.pdf\" target=\"_blank\" rel=\"noopener noreferrer\">Q3 &#8211; July to Sept 2013<\/a><\/li>\n<li><a title=\"This link will open in a new window\" href=\"\/csv\/downloads\/Prompt%20Payment%20Oct%20to%20Dec%202013%20Q4.pdf\" target=\"_blank\" rel=\"noopener noreferrer\">Q4 &#8211; Oct to Dec 2013<\/a><\/li>\n<li><a title=\"This link will open in a new window\" href=\"\/csv\/downloads\/Prompt%20Payment%202014%20Q1.pdf\" target=\"_blank\" rel=\"noopener noreferrer\">Q1 &#8211; Jan to March 2014<\/a><\/li>\n<li><a title=\"This link will open in a new window\" href=\"\/csv\/downloads\/Prompt%20Payment%202014%20Q2.pdf\" target=\"_blank\" rel=\"noopener noreferrer\">Q2 &#8211; April to June 2014<\/a><\/li>\n<li><a title=\"This link will open in a new window\" href=\"\/csv\/downloads\/Prompt%20Payment%202014%20Q3.pdf\" target=\"_blank\" rel=\"noopener noreferrer\">Q3 &#8211; July to Sept 2014<\/a><\/li>\n<li><a title=\"This link will open in a new window\" href=\"\/csv\/downloads\/Prompt%20Payment%202014%20Q4.pdf\" target=\"_blank\" rel=\"noopener noreferrer\">Q4 &#8211; Oct to Dec 2014<\/a><\/li>\n<li><a title=\"This link will open in a new window\" href=\"\/csv\/downloads\/Prompt%20Payment%20Q1%202015.pdf\" target=\"_blank\" rel=\"noopener noreferrer\">Q1 &#8211; Jan to March 2015<\/a><\/li>\n<li><a title=\"This link will open in a new window\" href=\"\/csv\/downloads\/Prompt%20Payment%20Q2%202015.pdf\" target=\"_blank\" rel=\"noopener noreferrer\">Q2 &#8211; April to June 2015<\/a><\/li>\n<li><a title=\"This link will open in a new window\" href=\"\/csv\/downloads\/Prompt%20Payment%20Q3%202015.pdf\" target=\"_blank\" rel=\"noopener noreferrer\">Q3 &#8211; July to Sept 2015<\/a><\/li>\n<li><a title=\"This link will open in a new window\" href=\"\/csv\/downloads\/Q4%20-%20October%20-%20December%202015.pdf\" target=\"_blank\" rel=\"noopener noreferrer\">Q4 &#8211; Oct to Dec 2015<\/a><\/li>\n<li><a title=\"This link will open in a new window\" href=\"\/csv\/downloads\/Prompt_Payment_2016_Q1.pdf\" target=\"_blank\" rel=\"noopener noreferrer\">Q1 &#8211; Jan to March 2016<\/a><\/li>\n<li><a href=\"http:\/\/comreg.ie\/media\/2016\/05\/Prompt-Payment_Q2_2016.pdf\" rel=\"\">Q2 &#8211; April to June 2016<\/a><\/li>\n<li><a href=\"http:\/\/www.comreg.ie\/media\/2016\/05\/Q3-July-Sept-2016.pdf\" rel=\"\">Q3 &#8211; July to Sept 2016<\/a><\/li>\n<li><a href=\"\/media\/2016\/05\/Prompt-payment-1-0ct-2016-31-Dec-2016.pdf\" rel=\"\">Q4 &#8211; Oct to Dec 2016<\/a><\/li>\n<li><a href=\"\/media\/2016\/05\/Prompt-Payment-Q1-2017.pdf\">Q1 &#8211; Jan to Mar 2017<\/a><\/li>\n<li><a href=\"\/media\/2016\/05\/Quarterly-Payments.pdf\">Q2 &#8211; April to June 2017<\/a><\/li>\n<li><a href=\"\/media\/2016\/05\/Prompt-Payment-q2-2017.pdf\">Q3 &#8211; July to Sept 2017<\/a><\/li>\n<li><a href=\"\/media\/2016\/05\/Prompt-Payment-Oct-Dec-17.pdf\">Q4 &#8211; Oct to Dec 2017<\/a><\/li>\n<\/ul>\n<\/div>\n<p>&nbsp;<\/p>\n<h2 id=\"z1112\">Orduithe Ceannaigh<\/h2>\n<div class=\"ArticleSpan\">\n<h4><strong>2012<\/strong><\/h4>\n<ul>\n<li><a title=\"This link will open in a new window\" href=\"\/csv\/downloads\/PO%20Return%20Template%20for%20Publication.pdf\" target=\"_blank\" rel=\"noopener noreferrer\">Q4 &#8211; Oct to Dec 2012<\/a><\/li>\n<\/ul>\n<h4><strong>2013<\/strong><\/h4>\n<ul>\n<li><a title=\"This link will open in a new window\" href=\"\/csv\/downloads\/PO%20Return%20Q1%202013.pdf\" target=\"_blank\" rel=\"noopener noreferrer\">Q1 &#8211; Jan to Mar 2013<\/a><\/li>\n<li><a title=\"This link will open in a new window\" href=\"\/csv\/downloads\/POQ22013.pdf\" target=\"_blank\" rel=\"noopener noreferrer\">Q2 &#8211; April to June 2013<\/a><\/li>\n<li><a title=\"This link will open in a new window\" href=\"\/csv\/downloads\/2013_Q3_PO.pdf\" target=\"_blank\" rel=\"noopener noreferrer\">Q3 &#8211; July to Sept 2013<\/a><\/li>\n<li><a title=\"This link will open in a new window\" href=\"\/csv\/downloads\/2013_Q4_PO.pdf\" target=\"_blank\" rel=\"noopener noreferrer\">Q4 &#8211; Oct to Dec 2013<\/a><\/li>\n<\/ul>\n<h4><strong>2014<\/strong><\/h4>\n<ul>\n<li><a title=\"This link will open in a new window\" href=\"\/csv\/downloads\/2014_Q1_PO.pdf\" target=\"_blank\" rel=\"noopener noreferrer\">Q1 &#8211; Jan to Mar 2014<\/a><\/li>\n<li><a title=\"This link will open in a new window\" href=\"\/csv\/downloads\/2014_Q2_PO.pdf\" target=\"_blank\" rel=\"noopener noreferrer\">Q2 &#8211; April to June 2014<\/a><\/li>\n<li><a title=\"This link will open in a new window\" href=\"\/csv\/downloads\/2014_Q3_PO.pdf\" target=\"_blank\" rel=\"noopener noreferrer\">Q3 &#8211; July to Sept 2014<\/a><\/li>\n<li><a title=\"This link will open in a new window\" href=\"\/csv\/downloads\/2014_Q4_PO.pdf\" target=\"_blank\" rel=\"noopener noreferrer\">Q4 &#8211; Oct to Dec 2014<\/a><\/li>\n<\/ul>\n<h4><strong>2015<\/strong><\/h4>\n<ul>\n<li><a title=\"This link will open in a new window\" href=\"\/csv\/downloads\/2015_Q1_PO.pdf\" target=\"_blank\" rel=\"noopener noreferrer\">Q1 &#8211; Jan to Mar 2015<\/a><\/li>\n<li><a title=\"This link will open in a new window\" href=\"\/csv\/downloads\/2015_Q2%20PO.pdf\" target=\"_blank\" rel=\"noopener noreferrer\">Q2 &#8211; April to June 2015<\/a><\/li>\n<li><a title=\"This link will open in a new window\" href=\"\/csv\/downloads\/2015_Q3%20PO.pdf\" target=\"_blank\" rel=\"noopener noreferrer\">Q3 &#8211; July to Sept 2015<\/a><\/li>\n<li><a title=\"This link will open in a new window\" href=\"\/csv\/downloads\/2015_Q4%20PO.pdf\" target=\"_blank\" rel=\"noopener noreferrer\">Q4 &#8211; Oct to Dec 2015<\/a><\/li>\n<\/ul>\n<\/div>\n<h3>2016<\/h3>\n<ul>\n<li><a href=\"\/media\/2016\/05\/2016_Q1-PO-Invoices-for-Publication.pdf\" rel=\"\">Q1 \u2013 Jan to Mar 2016<\/a><\/li>\n<li><a href=\"\/media\/2016\/05\/2016_Q2-PO-Invoices-for-Publication.pdf\" rel=\"\">Q2 \u2013 April to June 2016<\/a><\/li>\n<li><a href=\"\/media\/2016\/05\/2016_Q3-PO-Invoices-for-Publication.pdf\" rel=\"\">Q3 \u2013 July to Sept 2016<\/a><\/li>\n<li><a href=\"\/media\/2016\/05\/2016_Q4-PO-Invoices-for-Publication.pdf\" rel=\"\">Q4 \u2013 Oct to Dec 2016<\/a><\/li>\n<\/ul>\n<h3>2017<\/h3>\n<ul>\n<li><a href=\"\/media\/2016\/05\/2017_Q1-PO-Invoices-for-Publication.pdf\">Q1 \u2013 Jan to Mar 2017<\/a><\/li>\n<li><a href=\"\/media\/2016\/05\/2017_Q2-PO-Invoices-for-Publication.pdf\">Q2 \u2013 Apr to June 2017<\/a><\/li>\n<li><a href=\"\/publication-download\/2017_q3-po-invoices-for-publication-1-pdf\">Q3 &#8211; July to Sept 2017<\/a><\/li>\n<\/ul>\n<h2 id=\"z1156\">Tuarasc\u00e1lacha Bliant\u00fala<\/h2>\n<div class=\"ArticleSpan\">\n<ul>\n<li><a href=\"\/media\/2020\/09\/ComReg-AR-2019-GAE.pdf\">Tuarasc\u00e1il Bhliant\u00fail 2018\/2019<\/a><\/li>\n<li><a href=\"\/media\/2019\/08\/COMREG-AR-2018-GAE-Final.pdf\">Tuarasc\u00e1il Bhliant\u00fail 2017\/2018<\/a><\/li>\n<li><a href=\"\/media\/2018\/05\/ComReg-PleanGn\u00edmh-16-17.pdf\">Tuarasc\u00e1il Bhliant\u00fail 2016\/2017<\/a><\/li>\n<li><a href=\"\/media\/2016\/05\/COMREGAR2016Gaeilge.pdf\">Tuarasc\u00e1il Bhliant\u00fail 2015\/2016<\/a><\/li>\n<li><a href=\"\/media\/2016\/05\/COMREG-TB-2015-Gaeilge.pdf\" rel=\"\">Tuarasc\u00e1il Bhliant\u00fail 2014\/2015<\/a><\/li>\n<li><a href=\"\/media\/2016\/05\/COMREG-TB-2014-Gaeilge.pdf\" rel=\"\">Tuarasc\u00e1il Bhliant\u00fail 2013\/2014<\/a><\/li>\n<li><a title=\"This link will open in a new window\" href=\"\/csv\/downloads\/COMREGAR2012-13.pdf\" target=\"_blank\" rel=\"noopener noreferrer\">Tuarasc\u00e1il Bhliant\u00fail 2012\/2013<\/a><\/li>\n<li><a title=\"This link will open in a new window\" href=\"\/csv\/downloads\/COMREGAR12.pdf\" target=\"_blank\" rel=\"noopener noreferrer\">Tuarasc\u00e1il Bhliant\u00fail 2011\/2012<\/a><\/li>\n<li><a title=\"This link will open in a new window\" href=\"\/csv\/downloads\/COMREGAR10-11.pdf\" target=\"_blank\" rel=\"noopener noreferrer\">Tuarasc\u00e1il Bhliant\u00fail 2010\/2011<\/a><\/li>\n<li><a title=\"This link will open in a new window\" href=\"http:\/\/www.comreg.ie\/_fileupload\/publications\/COMREG_AR_2010_ENGLISH.PDF\" target=\"_blank\" rel=\"noopener noreferrer\">Tuarasc\u00e1il Bhliant\u00fail 2009\/2010<\/a><\/li>\n<li><a title=\"This link will open in a new window\" href=\"\/csv\/downloads\/COMREGAR09.pdf\" target=\"_blank\" rel=\"noopener noreferrer\">Tuarasc\u00e1il Bhliant\u00fail 2008\/2009<\/a><\/li>\n<li><a title=\"This link will open in a new window\" href=\"\/csv\/downloads\/AR0708.pdf\" target=\"_blank\" rel=\"noopener noreferrer\">Tuarasc\u00e1il Bhliant\u00fail 2007\/2008<\/a><\/li>\n<li><a title=\"This link will open in a new window\" href=\"\/csv\/downloads\/AR0607.pdf\" target=\"_blank\" rel=\"noopener noreferrer\">Tuarasc\u00e1il Bhliant\u00fail 2006\/2007<\/a><\/li>\n<\/ul>\n<p>&nbsp;<\/p>\n<\/div>\n<h2>R\u00e9amhaisn\u00e9is Airgeadais<\/h2>\n<p><a href=\"\/media\/2016\/05\/Financial-Forecast-Ye-30-06-18-for-Publication.pdf\">R\u00e9amhaisn\u00e9is Airgeadais Bliant\u00fala (de r\u00e9ir gn\u00edmh) don bhliain d\u00e1r cr\u00edch 30 Meitheamh 2018<\/a><\/p>\n<h2 id=\"l3e673\" class=\"topic base_rules_title\">Nochtadh cosanta<\/h2>\n<ul>\n<li>Bliain dar cr\u00edoch 30 Meitheamh 2017: N\u00ed raibh aon nochtadh cosanta d\u00e9anta don Choimis\u00fan um Rial\u00e1il Cumars\u00e1ide<\/li>\n<li>Bliain dar cr\u00edoch 30 Meitheamh 2016: N\u00ed raibh aon nochtadh cosanta d\u00e9anta don Choimis\u00fan um Rial\u00e1il Cumars\u00e1ide<\/li>\n<li>Bliain dar cr\u00edoch 30 Meitheamh 2015: N\u00ed raibh aon nochtadh cosanta d\u00e9anta don Choimis\u00fan um Rial\u00e1il Cumars\u00e1ide<\/li>\n<\/ul>\n<h2><strong>Cairt Tomhalt\u00f3ra<\/strong><\/h2>\n<p>Is \u00e9 sol\u00e1thr\u00f3ir Seirbh\u00eds\u00ed ar Ardchaighde\u00e1in do Chustaim\u00e9ir\u00ed ceann de na r\u00e9ims\u00ed tosa\u00edochta at\u00e1 ag ComReg.<\/p>\n<p>Scr\u00edobhadh an Chairt Custaim\u00e9ara seo chun leagadh amach, i mbealach soil\u00e9\u00edr agus gan athbhr\u00ed, conas ar f\u00e9idir linn cinnti\u00fa go bhfuilimid ag sol\u00e1thar seirbh\u00edse ar ardchaighde\u00e1n d\u00e1r gcustaim\u00e9ir\u00ed. L\u00e9ir\u00edonn s\u00e9 \u00e1r dtiomantas do shol\u00e1thar agus seachadadh seirbh\u00eds tomhalt\u00f3ra agus conas a dh\u00e9anfar \u00e1r bhfeidhm\u00edocht a mheas agus a athbhreithni\u00fa.<\/p>\n<p><a href=\"\/media\/2016\/03\/Cairt-Chustaim%C3%A9ara-2017-2.pdf\">Cairt Chustaim\u00e9ara ComReg<\/a><\/p>\n","protected":false},"excerpt":{"rendered":"<p>Baineann na c\u00e1ip\u00e9is\u00ed th\u00edos le Rialachas Corpar\u00e1ideach ComReg. ComReg Code of Business Conduct for Commissioners of ComReg ComReg Code of Business Conduct for Staff of &hellip; <a href=\"https:\/\/www.comreg.ie\/ga\/fuinn\/an-meid-a-dheanaimid-2\/rialachas-corparaideach\/\"><\/a><\/p>\n","protected":false},"author":31,"featured_media":0,"parent":90254,"menu_order":1,"comment_status":"closed","ping_status":"closed","template":"templates\/template-topic-pages-noanchors.php","meta":{"_acf_changed":false,"_relevanssi_hide_post":"","_relevanssi_hide_content":"","_relevanssi_pin_for_all":"","_relevanssi_pin_keywords":"","_relevanssi_unpin_keywords":"","_relevanssi_related_keywords":"","_relevanssi_related_include_ids":"","_relevanssi_related_exclude_ids":"","_relevanssi_related_no_append":"","_relevanssi_related_not_related":"","_relevanssi_related_posts":"","_relevanssi_noindex_reason":"","footnotes":"","_wp_rev_ctl_limit":""},"class_list":["post-93034","page","type-page","status-publish","hentry"],"acf":[],"aioseo_notices":[],"_links":{"self":[{"href":"https:\/\/www.comreg.ie\/ga\/wp-json\/wp\/v2\/pages\/93034","targetHints":{"allow":["GET"]}}],"collection":[{"href":"https:\/\/www.comreg.ie\/ga\/wp-json\/wp\/v2\/pages"}],"about":[{"href":"https:\/\/www.comreg.ie\/ga\/wp-json\/wp\/v2\/types\/page"}],"author":[{"embeddable":true,"href":"https:\/\/www.comreg.ie\/ga\/wp-json\/wp\/v2\/users\/31"}],"replies":[{"embeddable":true,"href":"https:\/\/www.comreg.ie\/ga\/wp-json\/wp\/v2\/comments?post=93034"}],"version-history":[{"count":0,"href":"https:\/\/www.comreg.ie\/ga\/wp-json\/wp\/v2\/pages\/93034\/revisions"}],"up":[{"embeddable":true,"href":"https:\/\/www.comreg.ie\/ga\/wp-json\/wp\/v2\/pages\/90254"}],"wp:attachment":[{"href":"https:\/\/www.comreg.ie\/ga\/wp-json\/wp\/v2\/media?parent=93034"}],"curies":[{"name":"wp","href":"https:\/\/api.w.org\/{rel}","templated":true}]}}