{"id":93334,"date":"2016-06-08T13:11:10","date_gmt":"2016-06-08T13:11:10","guid":{"rendered":"http:\/\/comreg.isobar.ninja\/faoi\/sceim-foilsitheoireachta-sf\/data-protection\/?lang=ga"},"modified":"2021-09-24T18:40:39","modified_gmt":"2021-09-24T18:40:39","slug":"cosaint-sonrai-2","status":"publish","type":"page","link":"https:\/\/www.comreg.ie\/ga\/fuinn\/sceim-foilsitheoireachta-sf\/cosaint-sonrai-2\/","title":{"rendered":"Cosaint Sonra\u00ed"},"content":{"rendered":"<p>De r\u00e9ir Alt 4 de na hAchtanna um Chosaint Sonra\u00ed 1988 agus 2003, t\u00e1 s\u00e9 de cheart agat c\u00f3ip d&#8217;aon fh\u00e1isn\u00e9is a bhaineann leat at\u00e1 ar r\u00edomhaire n\u00f3 i gc\u00f3ras l\u00e1mhchomhdaithe strucht\u00fartha ag ComReg a fh\u00e1il. M\u00e1 t\u00e1 fiosr\u00fach\u00e1n agat faoin Acht um Chosaint Sonra\u00ed, d\u00e9an teagmh\u00e1il linn ag na sonra\u00ed th\u00f3s. Tabhair an m\u00e9id is m\u00f3 sonra\u00ed is gur f\u00e9idir chun cuidi\u00fa linn teacht ar do thaifid. Luaigh an cine\u00e1l teagmh\u00e1la a bh\u00ed agat le ComReg chun cuidi\u00fa linn chomh maith (litreacha chuig ComReg, gear\u00e1n tomhalt\u00f3ra, foirmeacha iarratais, iarratais ar fhaisn\u00e9is agus eile). Chomh luath is at\u00e1 t\u00e1ille \u20ac6.35 \u00edochta agat, pr\u00f3ise\u00e1lfar d&#8217;iarratas agus freagr\u00f3far th\u00fa laistigh de 40 l\u00e1.<\/p>\n<p>Feidhmeannach Rochtana Faisn\u00e9ise<br \/>\nCoimisi\u00fan um Rial\u00e1il Cumars\u00e1ide,<br \/>\n1 L\u00e1rcheantar na nDuga\u00ed,<br \/>\nSr\u00e1id na nGildeanna,<br \/>\nB\u00c1C 1, D01 E4X0.<br \/>\nR\u00edomhphost:\u00a0<a href=\"mailto:dataprotection@comreg.ie\">dataprotection@comreg.ie<\/a><\/p>\n","protected":false},"excerpt":{"rendered":"<p>De r\u00e9ir Alt 4 de na hAchtanna um Chosaint Sonra\u00ed 1988 agus 2003, t\u00e1 s\u00e9 de cheart agat c\u00f3ip d&#8217;aon fh\u00e1isn\u00e9is a bhaineann leat at\u00e1 &hellip; <a href=\"https:\/\/www.comreg.ie\/ga\/fuinn\/sceim-foilsitheoireachta-sf\/cosaint-sonrai-2\/\"><\/a><\/p>\n","protected":false},"author":31,"featured_media":0,"parent":90258,"menu_order":7,"comment_status":"closed","ping_status":"closed","template":"templates\/template-topic-pages-noanchors.php","meta":{"_acf_changed":false,"_relevanssi_hide_post":"","_relevanssi_hide_content":"","_relevanssi_pin_for_all":"","_relevanssi_pin_keywords":"","_relevanssi_unpin_keywords":"","_relevanssi_related_keywords":"","_relevanssi_related_include_ids":"","_relevanssi_related_exclude_ids":"","_relevanssi_related_no_append":"","_relevanssi_related_not_related":"","_relevanssi_related_posts":"","_relevanssi_noindex_reason":"","footnotes":"","_wp_rev_ctl_limit":""},"class_list":["post-93334","page","type-page","status-publish","hentry"],"acf":[],"aioseo_notices":[],"_links":{"self":[{"href":"https:\/\/www.comreg.ie\/ga\/wp-json\/wp\/v2\/pages\/93334","targetHints":{"allow":["GET"]}}],"collection":[{"href":"https:\/\/www.comreg.ie\/ga\/wp-json\/wp\/v2\/pages"}],"about":[{"href":"https:\/\/www.comreg.ie\/ga\/wp-json\/wp\/v2\/types\/page"}],"author":[{"embeddable":true,"href":"https:\/\/www.comreg.ie\/ga\/wp-json\/wp\/v2\/users\/31"}],"replies":[{"embeddable":true,"href":"https:\/\/www.comreg.ie\/ga\/wp-json\/wp\/v2\/comments?post=93334"}],"version-history":[{"count":0,"href":"https:\/\/www.comreg.ie\/ga\/wp-json\/wp\/v2\/pages\/93334\/revisions"}],"up":[{"embeddable":true,"href":"https:\/\/www.comreg.ie\/ga\/wp-json\/wp\/v2\/pages\/90258"}],"wp:attachment":[{"href":"https:\/\/www.comreg.ie\/ga\/wp-json\/wp\/v2\/media?parent=93334"}],"curies":[{"name":"wp","href":"https:\/\/api.w.org\/{rel}","templated":true}]}}