{"id":93504,"date":"2016-06-13T10:34:42","date_gmt":"2016-06-13T10:34:42","guid":{"rendered":"http:\/\/comreg.isobar.ninja\/faoi\/idirnaisiunta\/links\/?lang=ga"},"modified":"2021-09-26T12:20:43","modified_gmt":"2021-09-26T12:20:43","slug":"naisc","status":"publish","type":"page","link":"https:\/\/www.comreg.ie\/ga\/fuinn\/idirnaisiunta\/naisc\/","title":{"rendered":"Naisc"},"content":{"rendered":"<ul>\n<li><a href=\"http:\/\/www.consilium.europa.eu\/en\/european-council\/\" target=\"_blank\" title=\"This link will open in a new window\" rel=\"noopener noreferrer\">An Chomhairle Eorpach<\/a><\/li>\n<li><a href=\"http:\/\/www.europarl.europa.eu\/\" target=\"_blank\" title=\"This link will open in a new window\" rel=\"noopener noreferrer\">Parlaimint na hEorpa<\/a><\/li>\n<li><a href=\"http:\/\/ec.europa.eu\/index_en.htm\" target=\"_blank\" title=\"This link will open in a new window\" rel=\"noopener noreferrer\">An Coimisi\u00fan Eorpach<\/a><\/li>\n<li><a href=\"http:\/\/berec.europa.eu\/\" target=\"_blank\" title=\"This link will open in a new window\" rel=\"noopener noreferrer\">Comhlacht na Rialt\u00f3ir\u00ed Eorpacha um Chumars\u00e1id Leictreonach BEREC<\/a><\/li>\n<li><a href=\"http:\/\/rspg-spectrum.eu\/\" target=\"_blank\" title=\"This link will open in a new window\" rel=\"noopener noreferrer\">An Gr\u00fapa Beartais um Speictrim Raidi\u00f3 (RSPG)<\/a><\/li>\n<li><a href=\"https:\/\/www.irg.eu\/\" target=\"_blank\" title=\"This link will open in a new window\" rel=\"noopener noreferrer\">Gr\u00fapa Rialt\u00f3ir\u00ed Neamhsple\u00e1cha (IRG)<\/a><\/li>\n<li><a href=\"http:\/\/www.cept.org\/\" target=\"_blank\" title=\"This link will open in a new window\" rel=\"noopener noreferrer\">An Comhdh\u00e1il Eorpach do R\u00edar\u00fa Poist agus Teileachumars\u00e1ide<\/a><\/li>\n<li><a href=\"http:\/\/www.itu.int\/en\/Pages\/default.aspx\" target=\"_blank\" title=\"This link will open in a new window\" rel=\"noopener noreferrer\">An tAontas Idirn\u00e1isi\u00fanta Teileachumars\u00e1ide (ITU)<\/a><\/li>\n<li><a href=\"http:\/\/www.oecd.org\/\" target=\"_blank\" title=\"This link will open in a new window\" rel=\"noopener noreferrer\">An Eagra\u00edocht um Chomhar agus Fhorbairt Eacnama\u00edochta (ECFE)<\/a><\/li>\n<\/ul>\n","protected":false},"excerpt":{"rendered":"<p>An Chomhairle Eorpach Parlaimint na hEorpa An Coimisi\u00fan Eorpach Comhlacht na Rialt\u00f3ir\u00ed Eorpacha um Chumars\u00e1id Leictreonach BEREC An Gr\u00fapa Beartais um Speictrim Raidi\u00f3 (RSPG) Gr\u00fapa &hellip; <a href=\"https:\/\/www.comreg.ie\/ga\/fuinn\/idirnaisiunta\/naisc\/\"><\/a><\/p>\n","protected":false},"author":31,"featured_media":0,"parent":91151,"menu_order":0,"comment_status":"closed","ping_status":"closed","template":"templates\/template-topic-pages.php","meta":{"_acf_changed":false,"_relevanssi_hide_post":"","_relevanssi_hide_content":"","_relevanssi_pin_for_all":"","_relevanssi_pin_keywords":"","_relevanssi_unpin_keywords":"","_relevanssi_related_keywords":"","_relevanssi_related_include_ids":"","_relevanssi_related_exclude_ids":"","_relevanssi_related_no_append":"","_relevanssi_related_not_related":"","_relevanssi_related_posts":"","_relevanssi_noindex_reason":"","footnotes":"","_wp_rev_ctl_limit":""},"class_list":["post-93504","page","type-page","status-publish","hentry"],"acf":[],"aioseo_notices":[],"_links":{"self":[{"href":"https:\/\/www.comreg.ie\/ga\/wp-json\/wp\/v2\/pages\/93504","targetHints":{"allow":["GET"]}}],"collection":[{"href":"https:\/\/www.comreg.ie\/ga\/wp-json\/wp\/v2\/pages"}],"about":[{"href":"https:\/\/www.comreg.ie\/ga\/wp-json\/wp\/v2\/types\/page"}],"author":[{"embeddable":true,"href":"https:\/\/www.comreg.ie\/ga\/wp-json\/wp\/v2\/users\/31"}],"replies":[{"embeddable":true,"href":"https:\/\/www.comreg.ie\/ga\/wp-json\/wp\/v2\/comments?post=93504"}],"version-history":[{"count":0,"href":"https:\/\/www.comreg.ie\/ga\/wp-json\/wp\/v2\/pages\/93504\/revisions"}],"up":[{"embeddable":true,"href":"https:\/\/www.comreg.ie\/ga\/wp-json\/wp\/v2\/pages\/91151"}],"wp:attachment":[{"href":"https:\/\/www.comreg.ie\/ga\/wp-json\/wp\/v2\/media?parent=93504"}],"curies":[{"name":"wp","href":"https:\/\/api.w.org\/{rel}","templated":true}]}}