{"id":95285,"date":"2016-07-21T12:47:29","date_gmt":"2016-07-21T12:47:29","guid":{"rendered":"http:\/\/www.comreg.ie\/?page_id=95285&#038;lang=ga"},"modified":"2021-10-02T13:36:50","modified_gmt":"2021-10-02T13:36:50","slug":"broadcasting-services","status":"publish","type":"page","link":"https:\/\/www.comreg.ie\/ga\/tionsclaiocht\/speictream-raidio\/ceadunu\/cuardaigh-cineal-ceadunais\/broadcasting-services\/","title":{"rendered":"Broadcasting Services"},"content":{"rendered":"<p><span lang=\u201cen\u201d>ComReg is responsible for the coordination, assignment and licensing of the associated radio frequencies to broadcasting services under the Broadcasting Act 2009.<\/p>\n<p>ComReg can only issue licenses for frequencies for broadcasting services to two entities:<br \/>\nRaidi\u00f3 Teilif\u00eds \u00c9ireann (RT\u00c9) and the Broadcasting Authority of Ireland (BAI).<\/p>\n<p>RT\u00c9 is Ireland\u2019s public service broadcaster, first established under the Broadcasting Authority Act 1960 as amended, provides national radio and television services. The following are the current licences in force with RT\u00c9:<\/p>\n<ul>\n<ul>\n<li><strong>RT\u00c9 Analogue Sound Broadcasting Services Licence<\/strong>:<br \/>\n<a href=\"\/csv\/downloads\/ComReg1213b.pdf\">ComReg Document 12\/13b<\/a>, technical conditions <a href=\"\/csv\/downloads\/ComReg1204a.pdf\" target=\"_blank\" title=\"This link will open in a new window\" rel=\"noopener noreferrer\">ComReg Document 12\/04a<\/a>.<\/li>\n<\/ul>\n<\/ul>\n<ul>\n<ul>\n<li><strong>RT\u00c9 Digital Sound Broadcasting multiplex Licence<\/strong>:<br \/>\nLicence, technical conditions <a href=\"\/csv\/downloads\/ComReg08100a.pdf\" target=\"_blank\" title=\"This link will open in a new window\" rel=\"noopener noreferrer\">ComReg document 08\/100a<\/a>.<\/li>\n<\/ul>\n<\/ul>\n<ul>\n<ul>\n<ul>\n<li><strong>RT\u00c9 Licences for Digital Terrestrial Television Multiplexes<\/strong>:<br \/>\n<a href=\"http:\/\/www.comreg.ie\/media\/2016\/05\/Multiplex-1.pdf\" rel=\"\">Multiplex 1<\/a>, <a href=\"http:\/\/www.comreg.ie\/media\/2016\/05\/Multiplex-2.pdf\" rel=\"\">Multiplex 2<\/a>, technical conditions <a href=\"\/csv\/downloads\/ComReg0790b.pdf\" target=\"_blank\" title=\"This link will open in a new window\" rel=\"noopener noreferrer\">ComReg document 07\/90b<\/a><\/li>\n<\/ul>\n<\/ul>\n<\/ul>\n<p>&nbsp;<\/p>\n<p>The latest list of transmitter site locations and associated radio frequencies licensed as per schedule \/ part II of the above RT\u00c9 licences are contained in the following excel spreadsheet: <a href=\"\/csv\/downloads\/Broadcast_Technical_Parameters.xlsx\" target=\"_blank\" title=\"This link will open in a new window\" rel=\"noopener noreferrer\"><strong>Broadcast_Technical_Parameters<\/strong><\/a><\/p>\n<p>The Broadcasting Authority of Ireland (BAI), established under the Broadcasting Act 2009, is responsible for the authorisation of Irish broadcasting services other than those provided by RT\u00c9.<\/p>\n<p>If you are an independent body and wish to broadcast radio or television services, you should contact the BAI.<\/p>\n<p>Broadcasting Authority of Ireland (BAI), 2-5 Warrington Place, Dublin 2, Ireland.<br \/>\nT: + 353 (0)1 644 1200<br \/>\nF: + 353 (0)1 644 1299<br \/>\nE: info@bai.ie<br \/>\nW: <a href=\"http:\/\/www.bai.ie\/\">www.bai.ie<\/a><\/span><\/p>\n","protected":false},"excerpt":{"rendered":"<p>ComReg is responsible for the coordination, assignment and licensing of the associated radio frequencies to broadcasting services under the Broadcasting Act 2009. ComReg can only &hellip; <a href=\"https:\/\/www.comreg.ie\/ga\/tionsclaiocht\/speictream-raidio\/ceadunu\/cuardaigh-cineal-ceadunais\/broadcasting-services\/\"><\/a><\/p>\n","protected":false},"author":54,"featured_media":0,"parent":90459,"menu_order":4,"comment_status":"closed","ping_status":"closed","template":"templates\/template-topic-pages-noanchors.php","meta":{"_acf_changed":false,"_relevanssi_hide_post":"","_relevanssi_hide_content":"","_relevanssi_pin_for_all":"","_relevanssi_pin_keywords":"","_relevanssi_unpin_keywords":"","_relevanssi_related_keywords":"","_relevanssi_related_include_ids":"","_relevanssi_related_exclude_ids":"","_relevanssi_related_no_append":"","_relevanssi_related_not_related":"","_relevanssi_related_posts":"","_relevanssi_noindex_reason":"","footnotes":"","_wp_rev_ctl_limit":""},"class_list":["post-95285","page","type-page","status-publish","hentry"],"acf":[],"aioseo_notices":[],"_links":{"self":[{"href":"https:\/\/www.comreg.ie\/ga\/wp-json\/wp\/v2\/pages\/95285","targetHints":{"allow":["GET"]}}],"collection":[{"href":"https:\/\/www.comreg.ie\/ga\/wp-json\/wp\/v2\/pages"}],"about":[{"href":"https:\/\/www.comreg.ie\/ga\/wp-json\/wp\/v2\/types\/page"}],"author":[{"embeddable":true,"href":"https:\/\/www.comreg.ie\/ga\/wp-json\/wp\/v2\/users\/54"}],"replies":[{"embeddable":true,"href":"https:\/\/www.comreg.ie\/ga\/wp-json\/wp\/v2\/comments?post=95285"}],"version-history":[{"count":0,"href":"https:\/\/www.comreg.ie\/ga\/wp-json\/wp\/v2\/pages\/95285\/revisions"}],"up":[{"embeddable":true,"href":"https:\/\/www.comreg.ie\/ga\/wp-json\/wp\/v2\/pages\/90459"}],"wp:attachment":[{"href":"https:\/\/www.comreg.ie\/ga\/wp-json\/wp\/v2\/media?parent=95285"}],"curies":[{"name":"wp","href":"https:\/\/api.w.org\/{rel}","templated":true}]}}