{"id":96136,"date":"2016-10-06T09:32:17","date_gmt":"2016-10-06T09:32:17","guid":{"rendered":"http:\/\/www.comreg.ie\/faoi\/an-meid-a-dheanaimid\/consumers-with-disabilities\/?lang=ga"},"modified":"2017-09-19T09:51:11","modified_gmt":"2017-09-19T09:51:11","slug":"tomhaltoiri-michumas","status":"publish","type":"page","link":"https:\/\/www.comreg.ie\/ga\/fuinn\/an-meid-a-dheanaimid-2\/tomhaltoiri-michumas\/","title":{"rendered":"Tomhalt\u00f3ir\u00ed faoi Mh\u00edchumas"},"content":{"rendered":"<p>&nbsp;<\/p>\n<ul>\n<li><a href=\"\/consumer-information\/consumer-care\/consumers-with-disabilities\/#accessible-statement\">Accessibility Statement<\/a><\/li>\n<li><a href=\"\/consumer-information\/consumer-care\/consumers-with-disabilities\/#accessible-complaints\">Accessible Complaints Handling Procedures Information<\/a><\/li>\n<li><a href=\"\/consumer-information\/consumer-care\/consumers-with-disabilities\/#accessible-top-up\">Accessible Top-Up Facility for Customers with Disabilities <\/a><\/li>\n<li><a href=\"\/consumer-information\/consumer-care\/consumers-with-disabilities\/#accessible-directory\">Accessible Directory Enquiries<\/a><\/li>\n<li><a href=\"\/consumer-information\/consumer-care\/consumers-with-disabilities\/#accessible-billing\">Accessible Billing<\/a><\/li>\n<li><a href=\"\/consumer-information\/consumer-care\/consumers-with-disabilities\/#accessible-compatibility-equipment\">Accessible Facility to Test Compatibility of Terminal Equipment or appropriate returns policy<\/a><\/li>\n<li><a href=\"\/consumer-information\/consumer-care\/consumers-with-disabilities\/#accessible-complaints-handling\">Accessible Website Information<\/a><\/li>\n<li><a href=\"\/consumer-information\/consumer-care\/consumers-with-disabilities\/#facility-for\">Accessible Directory Enquiries<\/a><\/li>\n<li><a href=\"\/consumer-information\/consumer-care\/consumers-with-disabilities\/#trs\">Text Relay Service<\/a><\/li>\n<\/ul>\n","protected":false},"excerpt":{"rendered":"<p>&nbsp; Accessibility Statement Accessible Complaints Handling Procedures Information Accessible Top-Up Facility for Customers with Disabilities Accessible Directory Enquiries Accessible Billing Accessible Facility to Test Compatibility &hellip; <a href=\"https:\/\/www.comreg.ie\/ga\/fuinn\/an-meid-a-dheanaimid-2\/tomhaltoiri-michumas\/\"><\/a><\/p>\n","protected":false},"author":31,"featured_media":0,"parent":90254,"menu_order":3,"comment_status":"closed","ping_status":"closed","template":"","meta":{"_acf_changed":false,"_relevanssi_hide_post":"","_relevanssi_hide_content":"","_relevanssi_pin_for_all":"","_relevanssi_pin_keywords":"","_relevanssi_unpin_keywords":"","_relevanssi_related_keywords":"","_relevanssi_related_include_ids":"","_relevanssi_related_exclude_ids":"","_relevanssi_related_no_append":"","_relevanssi_related_not_related":"","_relevanssi_related_posts":"","_relevanssi_noindex_reason":"","footnotes":"","_wp_rev_ctl_limit":""},"class_list":["post-96136","page","type-page","status-publish","hentry"],"acf":[],"aioseo_notices":[],"_links":{"self":[{"href":"https:\/\/www.comreg.ie\/ga\/wp-json\/wp\/v2\/pages\/96136","targetHints":{"allow":["GET"]}}],"collection":[{"href":"https:\/\/www.comreg.ie\/ga\/wp-json\/wp\/v2\/pages"}],"about":[{"href":"https:\/\/www.comreg.ie\/ga\/wp-json\/wp\/v2\/types\/page"}],"author":[{"embeddable":true,"href":"https:\/\/www.comreg.ie\/ga\/wp-json\/wp\/v2\/users\/31"}],"replies":[{"embeddable":true,"href":"https:\/\/www.comreg.ie\/ga\/wp-json\/wp\/v2\/comments?post=96136"}],"version-history":[{"count":0,"href":"https:\/\/www.comreg.ie\/ga\/wp-json\/wp\/v2\/pages\/96136\/revisions"}],"up":[{"embeddable":true,"href":"https:\/\/www.comreg.ie\/ga\/wp-json\/wp\/v2\/pages\/90254"}],"wp:attachment":[{"href":"https:\/\/www.comreg.ie\/ga\/wp-json\/wp\/v2\/media?parent=96136"}],"curies":[{"name":"wp","href":"https:\/\/api.w.org\/{rel}","templated":true}]}}