{"id":97021,"date":"2016-12-05T14:09:49","date_gmt":"2016-12-05T14:09:49","guid":{"rendered":"https:\/\/www.comreg.ie\/ga\/gearain\/internet\/contact-consumer-care-2\/"},"modified":"2020-08-18T17:00:42","modified_gmt":"2020-08-18T17:00:42","slug":"teagmhail-curam-custaimeara","status":"publish","type":"page","link":"https:\/\/www.comreg.ie\/ga\/gearain\/idirlion\/teagmhail-curam-custaimeara\/","title":{"rendered":"D\u00e9an teagmh\u00e1il leis an bhFoireann Ch\u00faram Custaim\u00e9ara"},"content":{"rendered":"<h2><span lang=\"ga\">Is f\u00e9idir teagmh\u00e1il a dh\u00e9anamh le Foireann Ch\u00faram\u00a0Custaim\u00e9ara ComReg tr\u00ed na beala\u00ed th\u00edos:<\/span><\/h2>\n<h3>Teileaf\u00f3n:<\/h3>\n<p>018049668<\/p>\n<h3>Foirm ar l\u00edne:<\/h3>\n<p>Br\u00fa chun teacht ar <a href=\"\/ga\/gearain\/ceist-agat\/\">foirm gear\u00e1in ComReg ar l\u00edne<\/a>.<\/p>\n<h3>T\u00e9acs:<\/h3>\n<p><strong>T\u00e9acs agus glaofar thar n-ais o<\/strong>rt \u2013 seol t\u00e9acs leis an bhfocal <strong>COMREG<\/strong> go <strong>51500<\/strong> (baineann gn\u00e1thr\u00e1ta\u00ed SMS) agus cuirfear glaoch thar n-ais ort.<\/p>\n<p><strong>T\u00e9acs agus seolfar t\u00e9acs thar n-ais chugat<\/strong> \u2013 Seol t\u00e9acs leis an bhfocal <strong>ASKCOMREG <\/strong>go<strong> 51500 <\/strong>(baineann gn\u00e1thr\u00e1ta\u00ed SMS) agus seolfar t\u00e9acs thar n-ais chugat.<br \/>\n\n            <h3>Comhr\u00e1 Beo ar l\u00edne<\/h3>\n            <p>Labhair le ball na foirne um Ch\u00faram Tomhalt\u00f3ra maidir le do cheist.<\/p>\n            <p style=\"font-size: 0.95em;\">By using Web Chat you agree to have your personal information processed for chat support.<br \/>\n\t\t\t<strong>GDPR information:<\/strong> Our <a href=\"\/privacy\/\">Privacy Notice<\/a> explains what personal information we collect and use about individuals, what we do with it and why.<\/p>\n\t\t\t<a  href=\"javascript:void(0);\" onclick=\"olark('api.box.expand')\" class=\"cta-btn -coloured-outline -small\">WEB CHAT<\/a>\n\t\t\t<!--\n            <a href=\"https:\/\/importal.comreg.ie\/gui2\/login.jsp?genhotlink=iNSiZs+\/6VPRM\/d+RKwSp1uRZxvAnr5quMSJXMYJAjmz01lQaxogVPaWCXRqK1jf4XXPzioLxm7ZSXfIYXTbWYrfa12YjeMc9Doyve1nbnwjJgq5stgvtoN0\/wYY34W7bWEoa\/MENTzW7l5+3FB7Eu+JlXwVUGt9ZrLziZ4HAnwWnAagBkRFUZ1OYY\/7VBT2SIz1\/mBoO1zCURv9M5J8yFkCV7KbelK5kdyx5oGXSqlYBYiFPgZJ43l3yGLUiw2DM\/8guttSXYu6dJUDstryff\/QcBW16CiIxP0BTbLdqwvE7U5pG07pSK\/15vx2x9fMZN5AjrcFX\/RVhN4KM9hAIMR62Zmk63LtftXmQ3m5F1AygwXSSe6vkjndgjrdd+womLvlm5qNLbYHmKnerRfYlwbjiW9VbHXY9rvNOs1\/LRvB1GXYhABqM9grW1WGlyWtOh4bETBPRu+dJ\/pWIvRwha06wWtc8xaMXbMtF5y9NBvoS5lV7A+Y8yb8cibk\/ntTG7oXrFZdaZ8bITzT\/wH0bnVWilbpeDQYrgmbTlJQGVivlWT7oJb086hlwn9L\/b0Zjl9ICQeXDuwdGXW\/HFWur0bQVvGygtRpL\/Ax9V68DyEVE0ItfF\/OVILq5kavbxTVhz4GWyvAjqg8vaNPE+5aqbnNeJLaDghB9eltcakSylg=&genproject=ComReg+Live\" class=\"cta-btn -coloured-outline -small\" target=\"_blank\">WEB CHAT<\/a>-->\n\t\t\t\n \n        \n  <!-- begin olark code -->\n<script type=\"text\/javascript\" async>\n ;(function(o,l,a,r,k,y){if(o.olark)return; r=\"script\";y=l.createElement(r);r=l.getElementsByTagName(r)[0]; y.async=1;y.src=\"\/\/\"+a;r.parentNode.insertBefore(y,r); y=o.olark=function(){k.s.push(arguments);k.t.push(+new Date)}; y.extend=function(i,j){y(\"extend\",i,j)}; y.identify=function(i){y(\"identify\",k.i=i)}; y.configure=function(i,j){y(\"configure\",i,j);k.c[i]=j}; k=y._={s:[],t:[+new Date],c:{},l:a}; })(window,document,\"static.olark.com\/jsclient\/loader.js\");\n\/* custom configuration goes here (www.olark.com\/documentation) *\/\nolark.identify('9278-557-10-5505');<\/script>\n<!-- end olark code -->\n  <\/p>\n<h3>Teanga Chomhartha\u00edochta na h\u00c9ireann<\/h3>\n<p>M\u00e1s maith leat an tseirbh\u00eds seo a \u00fas\u00e1id d\u00e9an teagmh\u00e1il leis an <a href=\"mailto:consumerline@comreg.ie\">L\u00edne Tomhalt\u00f3ra<\/a> n\u00f3 <a href=\"mailto:bookings@slis.ie\">SLIS <\/a>agus socr\u00f3far coinne.<\/p>\n<div class=\"standard-content-back-top-container\"><\/div>\n","protected":false},"excerpt":{"rendered":"<p>Is f\u00e9idir teagmh\u00e1il a dh\u00e9anamh le Foireann Ch\u00faram\u00a0Custaim\u00e9ara ComReg tr\u00ed na beala\u00ed th\u00edos: Teileaf\u00f3n: 018049668 Foirm ar l\u00edne: Br\u00fa chun teacht ar foirm gear\u00e1in ComReg &hellip; <a href=\"https:\/\/www.comreg.ie\/ga\/gearain\/idirlion\/teagmhail-curam-custaimeara\/\"><\/a><\/p>\n","protected":false},"author":31,"featured_media":0,"parent":90264,"menu_order":3,"comment_status":"closed","ping_status":"closed","template":"","meta":{"_acf_changed":false,"_relevanssi_hide_post":"","_relevanssi_hide_content":"","_relevanssi_pin_for_all":"","_relevanssi_pin_keywords":"","_relevanssi_unpin_keywords":"","_relevanssi_related_keywords":"","_relevanssi_related_include_ids":"","_relevanssi_related_exclude_ids":"","_relevanssi_related_no_append":"","_relevanssi_related_not_related":"","_relevanssi_related_posts":"","_relevanssi_noindex_reason":"","footnotes":"","_wp_rev_ctl_limit":""},"class_list":["post-97021","page","type-page","status-publish","hentry"],"acf":[],"aioseo_notices":[],"_links":{"self":[{"href":"https:\/\/www.comreg.ie\/ga\/wp-json\/wp\/v2\/pages\/97021","targetHints":{"allow":["GET"]}}],"collection":[{"href":"https:\/\/www.comreg.ie\/ga\/wp-json\/wp\/v2\/pages"}],"about":[{"href":"https:\/\/www.comreg.ie\/ga\/wp-json\/wp\/v2\/types\/page"}],"author":[{"embeddable":true,"href":"https:\/\/www.comreg.ie\/ga\/wp-json\/wp\/v2\/users\/31"}],"replies":[{"embeddable":true,"href":"https:\/\/www.comreg.ie\/ga\/wp-json\/wp\/v2\/comments?post=97021"}],"version-history":[{"count":0,"href":"https:\/\/www.comreg.ie\/ga\/wp-json\/wp\/v2\/pages\/97021\/revisions"}],"up":[{"embeddable":true,"href":"https:\/\/www.comreg.ie\/ga\/wp-json\/wp\/v2\/pages\/90264"}],"wp:attachment":[{"href":"https:\/\/www.comreg.ie\/ga\/wp-json\/wp\/v2\/media?parent=97021"}],"curies":[{"name":"wp","href":"https:\/\/api.w.org\/{rel}","templated":true}]}}